{"id":10163,"date":"2024-02-05T14:22:20","date_gmt":"2024-02-05T14:22:20","guid":{"rendered":"https:\/\/mo-mo.gr\/product\/%cf%83%ce%b5%cf%84-%ce%b3%ce%b9%ce%b1-%cf%83%ce%ac%ce%ba%ce%b5-%ce%bc%ce%b5-%ce%b9%ce%b1%cf%80%cf%89%ce%bd%ce%b9%ce%ba%ce%ac-%ce%bd%ce%bf%cf%8d%cf%86%ce%b1%cf%81%ce%b1\/"},"modified":"2026-04-02T21:05:12","modified_gmt":"2026-04-02T18:05:12","slug":"%cf%83%ce%b5%cf%84-%ce%b3%ce%b9%ce%b1-%cf%83%ce%ac%ce%ba%ce%b5-%ce%bc%ce%b5-%ce%b9%ce%b1%cf%80%cf%89%ce%bd%ce%b9%ce%ba%ce%ac-%ce%bd%ce%bf%cf%8d%cf%86%ce%b1%cf%81%ce%b1","status":"publish","type":"product","link":"https:\/\/mo-mo.gr\/es\/\u03c0\u03c1\u03bf\u03ca\u03cc\u03bd\u03c4\u03b1\/%cf%83%ce%b5%cf%84-%ce%b3%ce%b9%ce%b1-%cf%83%ce%ac%ce%ba%ce%b5-%ce%bc%ce%b5-%ce%b9%ce%b1%cf%80%cf%89%ce%bd%ce%b9%ce%ba%ce%ac-%ce%bd%ce%bf%cf%8d%cf%86%ce%b1%cf%81%ce%b1\/","title":{"rendered":"Set de Sake con Nuphras japonesas"},"content":{"rendered":"","protected":false},"excerpt":{"rendered":"<p>Juego para Sake de arcilla hecho a mano, que incluye una jarra de 200 ml y dos vasos. Cada pieza tiene un dise\u00f1o \u00fanico, con una superficie que representa dos nen\u00fafares, pintados con l\u00edneas rojas, que ofrecen una sensaci\u00f3n de vivacidad y frescura. El resto de la superficie se ha decorado con la dificil\u00edsima t\u00e9cnica que capta el tacto del agua, haci\u00e9ndola parecer casi viva. Este juego no s\u00f3lo es pr\u00e1ctico para disfrutar del sake, sino tambi\u00e9n una pieza de arte que puede decorar cualquier espacio. Perfecto para compartir momentos agradables con amigos y familiares o como regalo para los amantes de la cultura japonesa. Un conjunto realmente \u00fanico que combina la tradici\u00f3n con la est\u00e9tica moderna.<\/p>","protected":false},"featured_media":11881,"comment_status":"open","ping_status":"open","template":"","meta":{"_gspb_post_css":""},"product_brand":[],"product_cat":[69],"product_tag":[],"class_list":{"0":"post-10163","1":"product","2":"type-product","3":"status-publish","4":"has-post-thumbnail","6":"product_cat-69","7":"pa_-79","9":"first","10":"outofstock","11":"taxable","12":"shipping-taxable","13":"purchasable","14":"product-type-simple"},"_links":{"self":[{"href":"https:\/\/mo-mo.gr\/es\/wp-json\/wp\/v2\/product\/10163","targetHints":{"allow":["GET"]}}],"collection":[{"href":"https:\/\/mo-mo.gr\/es\/wp-json\/wp\/v2\/product"}],"about":[{"href":"https:\/\/mo-mo.gr\/es\/wp-json\/wp\/v2\/types\/product"}],"replies":[{"embeddable":true,"href":"https:\/\/mo-mo.gr\/es\/wp-json\/wp\/v2\/comments?post=10163"}],"wp:featuredmedia":[{"embeddable":true,"href":"https:\/\/mo-mo.gr\/es\/wp-json\/wp\/v2\/media\/11881"}],"wp:attachment":[{"href":"https:\/\/mo-mo.gr\/es\/wp-json\/wp\/v2\/media?parent=10163"}],"wp:term":[{"taxonomy":"product_brand","embeddable":true,"href":"https:\/\/mo-mo.gr\/es\/wp-json\/wp\/v2\/product_brand?post=10163"},{"taxonomy":"product_cat","embeddable":true,"href":"https:\/\/mo-mo.gr\/es\/wp-json\/wp\/v2\/product_cat?post=10163"},{"taxonomy":"product_tag","embeddable":true,"href":"https:\/\/mo-mo.gr\/es\/wp-json\/wp\/v2\/product_tag?post=10163"}],"curies":[{"name":"wp","href":"https:\/\/api.w.org\/{rel}","templated":true}]}}