{"id":10121,"date":"2024-01-31T18:53:21","date_gmt":"2024-01-31T18:53:21","guid":{"rendered":"https:\/\/mo-mo.gr\/product\/japanese-t-shirt-geisha-with-umbrellas\/"},"modified":"2025-07-06T10:45:19","modified_gmt":"2025-07-06T07:45:19","slug":"camiseta-japonesa-geisha-con-paraguas","status":"publish","type":"product","link":"https:\/\/mo-mo.gr\/es\/\u03c0\u03c1\u03bf\u03ca\u03cc\u03bd\u03c4\u03b1\/japanese-t-shirt-geisha-with-umbrellas\/","title":{"rendered":"Camiseta japonesa Geisha con paraguas"},"content":{"rendered":"","protected":false},"excerpt":{"rendered":"<p>CAMISETA GEISHA CON PARAGUAS Nueva incorporaci\u00f3n a nuestra colecci\u00f3n, que combina la cultura japonesa cl\u00e1sica con la comodidad del tejido de algod\u00f3n. Con un cuidado estampado y una llamativa interpretaci\u00f3n del color, esta camiseta muestra el encanto de una geisha con paraguas.<\/p>\n<p>- 100% algod\u00f3n<\/p>\n<p>- No espec\u00edfico de g\u00e9nero<\/p>","protected":false},"featured_media":10122,"comment_status":"open","ping_status":"open","template":"","meta":{"_gspb_post_css":""},"product_brand":[],"product_cat":[96],"product_tag":[],"class_list":{"0":"post-10121","1":"product","2":"type-product","3":"status-publish","4":"has-post-thumbnail","6":"product_cat-t-shirts","7":"pa_-large","8":"pa_-medium","9":"pa_-small","10":"pa_-xtra-large","11":"pa_-xtra-small","12":"pa_-xxl","13":"pa_-85","15":"first","16":"instock","17":"sale","18":"taxable","19":"shipping-taxable","20":"purchasable","21":"product-type-variable"},"_links":{"self":[{"href":"https:\/\/mo-mo.gr\/es\/wp-json\/wp\/v2\/product\/10121","targetHints":{"allow":["GET"]}}],"collection":[{"href":"https:\/\/mo-mo.gr\/es\/wp-json\/wp\/v2\/product"}],"about":[{"href":"https:\/\/mo-mo.gr\/es\/wp-json\/wp\/v2\/types\/product"}],"replies":[{"embeddable":true,"href":"https:\/\/mo-mo.gr\/es\/wp-json\/wp\/v2\/comments?post=10121"}],"wp:featuredmedia":[{"embeddable":true,"href":"https:\/\/mo-mo.gr\/es\/wp-json\/wp\/v2\/media\/10122"}],"wp:attachment":[{"href":"https:\/\/mo-mo.gr\/es\/wp-json\/wp\/v2\/media?parent=10121"}],"wp:term":[{"taxonomy":"product_brand","embeddable":true,"href":"https:\/\/mo-mo.gr\/es\/wp-json\/wp\/v2\/product_brand?post=10121"},{"taxonomy":"product_cat","embeddable":true,"href":"https:\/\/mo-mo.gr\/es\/wp-json\/wp\/v2\/product_cat?post=10121"},{"taxonomy":"product_tag","embeddable":true,"href":"https:\/\/mo-mo.gr\/es\/wp-json\/wp\/v2\/product_tag?post=10121"}],"curies":[{"name":"wp","href":"https:\/\/api.w.org\/{rel}","templated":true}]}}