{"id":10113,"date":"2024-01-31T18:41:28","date_gmt":"2024-01-31T18:41:28","guid":{"rendered":"https:\/\/mo-mo.gr\/product\/japanese-t-shirt-geisha-with-black-kimono\/"},"modified":"2024-12-12T14:48:41","modified_gmt":"2024-12-12T14:48:41","slug":"camiseta-japonesa-geisha-con-kimono-negro","status":"publish","type":"product","link":"https:\/\/mo-mo.gr\/es\/\u03c0\u03c1\u03bf\u03ca\u03cc\u03bd\u03c4\u03b1\/japanese-t-shirt-geisha-with-black-kimono\/","title":{"rendered":"CAMISETA JAPONESA GEISHA CON KIMONO NEGRO"},"content":{"rendered":"<p>La camiseta \"Geisha with Black Kimono\" es una incorporaci\u00f3n \u00fanica a nuestra colecci\u00f3n, que combina la cultura japonesa cl\u00e1sica con la comodidad del tejido de algod\u00f3n. Con un cuidado estampado y una llamativa interpretaci\u00f3n del color, esta camiseta muestra el encanto de una geisha con kimono negro.<\/p>\n<p>La detallada representaci\u00f3n de la vaina y los intensos tonos del kimono negro crean un dise\u00f1o elegante y \u00fanico que destaca. La impresi\u00f3n de alta calidad garantiza una superficie duradera y est\u00e9ticamente agradable, lo que convierte a esta camiseta en una elecci\u00f3n definitiva para quienes buscan estilo y comodidad en una sola pieza.<\/p>\n<p>Con la \"Camiseta Geisha con Kimono Negro\", traemos la riqueza de la tradici\u00f3n japonesa a la moda moderna, ofreciendo una pieza \u00fanica que combina la herencia de Oriente con la forma de expresi\u00f3n moderna.<\/p>","protected":false},"excerpt":{"rendered":"<p>CAMISETA GEISHA CON KIMONO NEGRO una incorporaci\u00f3n \u00fanica a nuestra colecci\u00f3n, que combina la cultura japonesa cl\u00e1sica con la comodidad del tejido de algod\u00f3n. Con un cuidado estampado y una llamativa interpretaci\u00f3n del color, esta camiseta muestra el encanto de una geisha con kimono negro.<\/p>\n<p>- 100% algod\u00f3n<\/p>\n<p>- No espec\u00edfico de g\u00e9nero<\/p>","protected":false},"featured_media":10114,"comment_status":"open","ping_status":"open","template":"","meta":{"_gspb_post_css":""},"product_brand":[],"product_cat":[96],"product_tag":[],"class_list":{"0":"post-10113","1":"product","2":"type-product","3":"status-publish","4":"has-post-thumbnail","6":"product_cat-t-shirts","7":"pa_-large","8":"pa_-medium","9":"pa_-small","10":"pa_-xtra-large","11":"pa_-xtra-small","12":"pa_-xxl","13":"pa_-85","15":"first","16":"instock","17":"featured","18":"taxable","19":"shipping-taxable","20":"purchasable","21":"product-type-variable"},"_links":{"self":[{"href":"https:\/\/mo-mo.gr\/es\/wp-json\/wp\/v2\/product\/10113","targetHints":{"allow":["GET"]}}],"collection":[{"href":"https:\/\/mo-mo.gr\/es\/wp-json\/wp\/v2\/product"}],"about":[{"href":"https:\/\/mo-mo.gr\/es\/wp-json\/wp\/v2\/types\/product"}],"replies":[{"embeddable":true,"href":"https:\/\/mo-mo.gr\/es\/wp-json\/wp\/v2\/comments?post=10113"}],"wp:featuredmedia":[{"embeddable":true,"href":"https:\/\/mo-mo.gr\/es\/wp-json\/wp\/v2\/media\/10114"}],"wp:attachment":[{"href":"https:\/\/mo-mo.gr\/es\/wp-json\/wp\/v2\/media?parent=10113"}],"wp:term":[{"taxonomy":"product_brand","embeddable":true,"href":"https:\/\/mo-mo.gr\/es\/wp-json\/wp\/v2\/product_brand?post=10113"},{"taxonomy":"product_cat","embeddable":true,"href":"https:\/\/mo-mo.gr\/es\/wp-json\/wp\/v2\/product_cat?post=10113"},{"taxonomy":"product_tag","embeddable":true,"href":"https:\/\/mo-mo.gr\/es\/wp-json\/wp\/v2\/product_tag?post=10113"}],"curies":[{"name":"wp","href":"https:\/\/api.w.org\/{rel}","templated":true}]}}