{"id":10067,"date":"2024-01-09T11:05:35","date_gmt":"2024-01-09T11:05:35","guid":{"rendered":"https:\/\/mo-mo.gr\/product\/himawari-tote-bag-in-black\/"},"modified":"2026-04-02T20:03:31","modified_gmt":"2026-04-02T17:03:31","slug":"bolso-de-mano-himawari-negro-2","status":"publish","type":"product","link":"https:\/\/mo-mo.gr\/es\/\u03c0\u03c1\u03bf\u03ca\u03cc\u03bd\u03c4\u03b1\/himawari-tote-bag-in-black\/","title":{"rendered":"Bolso Himawari"},"content":{"rendered":"<div class=\"flex-1 overflow-hidden\">\n<div class=\"react-scroll-to-bottom--css-kcoal-79elbk h-full\">\n<div class=\"react-scroll-to-bottom--css-kcoal-1n7m0yu\">\n<div class=\"flex flex-col pb-9 text-sm\">\n<div class=\"w-full text-token-text-primary\" data-testid=\"conversation-turn-3\">\n<div class=\"px-4 py-2 justify-center text-base md:gap-6 m-auto\">\n<div class=\"flex flex-1 text-base mx-auto gap-3 md:px-5 lg:px-1 xl:px-5 md:max-w-3xl lg:max-w-[40rem] xl:max-w-[48rem] group final-completion\">\n<div class=\"relative flex w-full flex-col lg:w-[calc(100%-115px)] agent-turn\">\n<div class=\"flex-col gap-1 md:gap-3\">\n<div class=\"flex flex-grow flex-col max-w-full\">\n<div class=\"min-h-[20px] text-message flex flex-col items-start gap-3 whitespace-pre-wrap break-words [.text-message+&amp;]:mt-5 overflow-x-auto\" data-message-author-role=\"assistant\" data-message-id=\"254650cb-daf6-40ea-a9a1-30fbc9fba225\">\n<div class=\"markdown prose w-full break-words dark:prose-invert light\">\n<p>Himawari Tote Bag in Black \u03bc\u03b5 \u03c3\u03c7\u03ad\u03b4\u03b9\u03bf \u03b7\u03bb\u03b9\u03bf\u03c4\u03c1\u03cc\u03c0\u03b9\u03bf (himawari &#8211; \u5411\u65e5\u8475), \u03ad\u03bd\u03b1 \u03ba\u03bf\u03bc\u03c8\u03cc \u03ba\u03b1\u03b9 \u03c0\u03c1\u03b1\u03ba\u03c4\u03b9\u03ba\u03cc \u03b1\u03be\u03b5\u03c3\u03bf\u03c5\u03ac\u03c1 \u03c0\u03bf\u03c5 \u03c3\u03c5\u03bd\u03b4\u03c5\u03ac\u03b6\u03b5\u03b9 \u03c4\u03bf\u03bd \u03b1\u03b9\u03c3\u03b8\u03b7\u03c4\u03b9\u03ba\u03cc \u03c3\u03c7\u03b5\u03b4\u03b9\u03b1\u03c3\u03bc\u03cc \u03bc\u03b5 \u03c4\u03b7\u03bd \u03bb\u03b5\u03b9\u03c4\u03bf\u03c5\u03c1\u03b3\u03b9\u03ba\u03cc\u03c4\u03b7\u03c4\u03b1. \u0391\u03c5\u03c4\u03ae \u03b7 \u03b5\u03ba\u03c0\u03bb\u03b7\u03ba\u03c4\u03b9\u03ba\u03ae \u03c4\u03c3\u03ac\u03bd\u03c4\u03b1 \u03b4\u03b9\u03b1\u03b8\u03ad\u03c4\u03b5\u03b9 \u03b5\u03c0\u03b9\u03c0\u03bb\u03ad\u03bf\u03bd \u03bb\u03b5\u03b9\u03c4\u03bf\u03c5\u03c1\u03b3\u03b9\u03ba\u03cc\u03c4\u03b7\u03c4\u03b1 \u03bc\u03b5 \u03c4\u03bf\u03bd \u03b5\u03bd\u03c3\u03c9\u03bc\u03b1\u03c4\u03c9\u03bc\u03ad\u03bd\u03bf \u03c3\u03c7\u03b5\u03b4\u03b9\u03b1\u03c3\u03bc\u03cc \u03b7\u03bb\u03b9\u03bf\u03c4\u03c1\u03bf\u03c0\u03af\u03bf\u03c5, \u03c0\u03c1\u03bf\u03c3\u03b4\u03af\u03b4\u03bf\u03bd\u03c4\u03b1\u03c2 \u03bc\u03b9\u03b1 \u03b1\u03cd\u03c1\u03b1 \u03c7\u03b1\u03bb\u03ac\u03c1\u03c9\u03c3\u03b7\u03c2 \u03ba\u03b1\u03b9 \u03b1\u03b9\u03c3\u03b9\u03bf\u03b4\u03bf\u03be\u03af\u03b1\u03c2 \u03c3\u03b5 \u03ba\u03ac\u03b8\u03b5 \u03c3\u03c4\u03b9\u03b3\u03bc\u03ae.<\/p>\n<p>\u039a\u03b1\u03c4\u03b1\u03c3\u03ba\u03b5\u03c5\u03b1\u03c3\u03bc\u03ad\u03bd\u03b7 \u03b1\u03c0\u03cc \u03b1\u03bd\u03b8\u03b5\u03ba\u03c4\u03b9\u03ba\u03cc \u03cd\u03c6\u03b1\u03c3\u03bc\u03b1, \u03b7 \u03bc\u03b1\u03cd\u03c1\u03b7 Tote Bag \u03c0\u03c1\u03bf\u03c3\u03c6\u03ad\u03c1\u03b5\u03b9 \u03bc\u03b5\u03b3\u03ac\u03bb\u03bf \u03c7\u03ce\u03c1\u03bf \u03b1\u03c0\u03bf\u03b8\u03ae\u03ba\u03b5\u03c5\u03c3\u03b7\u03c2 \u03b3\u03b9\u03b1 \u03bd\u03b1 \u03bc\u03b5\u03c4\u03b1\u03c6\u03ad\u03c1\u03b5\u03c4\u03b5 \u03c4\u03b1 \u03c0\u03c1\u03bf\u03c3\u03c9\u03c0\u03b9\u03ba\u03ac \u03c3\u03b1\u03c2 \u03b1\u03bd\u03c4\u03b9\u03ba\u03b5\u03af\u03bc\u03b5\u03bd\u03b1 \u03bc\u03b5 \u03ac\u03bd\u03b5\u03c3\u03b7 \u03ba\u03b1\u03b9 \u03c3\u03c4\u03c5\u03bb. \u0397 \u03b1\u03c0\u03bb\u03cc\u03c4\u03b7\u03c4\u03b1 \u03c4\u03bf\u03c5 \u03bc\u03b1\u03cd\u03c1\u03bf\u03c5 \u03c7\u03c1\u03ce\u03bc\u03b1\u03c4\u03bf\u03c2 \u03b4\u03b7\u03bc\u03b9\u03bf\u03c5\u03c1\u03b3\u03b5\u03af \u03ad\u03bd\u03b1 \u03ba\u03bb\u03b1\u03c3\u03b9\u03ba\u03cc \u03ba\u03b1\u03b9 \u03b5\u03c5\u03ad\u03bb\u03b9\u03ba\u03c4\u03bf \u03c3\u03c4\u03c5\u03bb \u03c0\u03bf\u03c5 \u03b5\u03bd\u03b1\u03c1\u03bc\u03bf\u03bd\u03af\u03b6\u03b5\u03c4\u03b1\u03b9 \u03b5\u03cd\u03ba\u03bf\u03bb\u03b1 \u03bc\u03b5 \u03ba\u03ac\u03b8\u03b5 \u03b5\u03bc\u03c6\u03ac\u03bd\u03b9\u03c3\u03b7.<\/p>\n<p>\u0391\u03c5\u03c4\u03ae \u03b7 \u03c4\u03c3\u03ac\u03bd\u03c4\u03b1 \u03b5\u03af\u03bd\u03b1\u03b9 \u03b7 \u03b9\u03b4\u03b1\u03bd\u03b9\u03ba\u03ae \u03c3\u03cd\u03bd\u03c4\u03c1\u03bf\u03c6\u03bf\u03c2 \u03b3\u03b9\u03b1 \u03c4\u03b9\u03c2 \u03ba\u03b1\u03b8\u03b7\u03bc\u03b5\u03c1\u03b9\u03bd\u03ad\u03c2 \u03c3\u03b1\u03c2 \u03b4\u03c1\u03b1\u03c3\u03c4\u03b7\u03c1\u03b9\u03cc\u03c4\u03b7\u03c4\u03b5\u03c2, \u03b1\u03c0\u03cc \u03c4\u03b9\u03c2 \u03b2\u03cc\u03bb\u03c4\u03b5\u03c2 \u03c3\u03b1\u03c2 \u03c3\u03c4\u03b7\u03bd \u03c0\u03cc\u03bb\u03b7 \u03bc\u03ad\u03c7\u03c1\u03b9 \u03c4\u03b9\u03c2 \u03b5\u03ba\u03b4\u03c1\u03bf\u03bc\u03ad\u03c2 \u03c3\u03b1\u03c2. \u0395\u03af\u03c4\u03b5 \u03c8\u03ac\u03c7\u03bd\u03b5\u03c4\u03b5 \u03b3\u03b9\u03b1 \u03bc\u03b9\u03b1 \u03b5\u03c5\u03ad\u03bb\u03b9\u03ba\u03c4\u03b7 \u03c4\u03c3\u03ac\u03bd\u03c4\u03b1 \u03b3\u03b9\u03b1 \u03c4\u03b9\u03c2 \u03b1\u03b3\u03bf\u03c1\u03ad\u03c2 \u03c3\u03b1\u03c2 \u03b5\u03af\u03c4\u03b5 \u03b3\u03b9\u03b1 \u03ad\u03bd\u03b1 \u03c3\u03c4\u03c5\u03bb\u03ac\u03c4\u03bf \u03b1\u03be\u03b5\u03c3\u03bf\u03c5\u03ac\u03c1 \u03c0\u03bf\u03c5 \u03b8\u03b1 \u03bf\u03bb\u03bf\u03ba\u03bb\u03b7\u03c1\u03ce\u03c3\u03b5\u03b9 \u03c4\u03bf look \u03c3\u03b1\u03c2, \u03b1\u03c5\u03c4\u03ae \u03b7 Tote Bag \u03bc\u03b5 \u03b7\u03bb\u03b9\u03bf\u03c4\u03c1\u03cc\u03c0\u03b9\u03bf \u03b5\u03af\u03bd\u03b1\u03b9 \u03b7 \u03c4\u03ad\u03bb\u03b5\u03b9\u03b1 \u03b5\u03c0\u03b9\u03bb\u03bf\u03b3\u03ae \u03c0\u03bf\u03c5 \u03b8\u03b1 \u03c3\u03b1\u03c2 \u03c3\u03c5\u03bd\u03bf\u03b4\u03b5\u03cd\u03c3\u03b5\u03b9 \u03bc\u03b5 \u03ac\u03bd\u03b5\u03c3\u03b7 \u03ba\u03b1\u03b9 \u03c3\u03c4\u03c5\u03bb \u03c3\u03b5 \u03ba\u03ac\u03b8\u03b5 \u03c3\u03b1\u03c2 \u03b2\u03ae\u03bc\u03b1.<\/p>\n<\/div>\n<\/div>\n<\/div>\n<div class=\"mt-1 flex justify-start gap-3 empty:hidden\">\n<div class=\"text-gray-400 flex self-end lg:self-center justify-center lg:justify-start mt-0 -ml-1 visible\"><\/div>\n<\/div>\n<\/div>\n<\/div>\n<\/div>\n<\/div>\n<\/div>\n<\/div>\n<\/div>\n<\/div>\n<\/div>\n","protected":false},"excerpt":{"rendered":"<p>HIMAWARI TOTE BAG una c\u00f3moda y \u00fatil Tote Bag. El bolso tote, inspirado en la est\u00e9tica japonesa, combina practicidad y elegancia. Sus l\u00edneas limpias y su estampado \u00fanico muestran la belleza del arte y la tradici\u00f3n japoneses. Tanto para pasear por la ciudad como para llevar objetos cotidianos, este bolso de estilo japon\u00e9s realza tu personalidad sofisticada y a\u00f1ade elegancia y autenticidad a cualquier look.<\/p>\n<p>Dise\u00f1o inspirado en el girasol japon\u00e9s, s\u00edmbolo de alegr\u00eda, luminosidad y energ\u00eda positiva.<\/p>\n<p>- 100% algod\u00f3n \/ OEKO TEX STANDARD 100<\/p>\n<p>- No espec\u00edfico de g\u00e9nero<\/p>\n<p>- Dise\u00f1os originales de @raynedarren<\/p>","protected":false},"featured_media":11869,"comment_status":"open","ping_status":"closed","template":"","meta":{"_gspb_post_css":""},"product_brand":[],"product_cat":[76],"product_tag":[],"class_list":{"0":"post-10067","1":"product","2":"type-product","3":"status-publish","4":"has-post-thumbnail","6":"product_cat-totes","7":"pa_-85","9":"first","10":"instock","11":"taxable","12":"shipping-taxable","13":"purchasable","14":"product-type-simple"},"_links":{"self":[{"href":"https:\/\/mo-mo.gr\/es\/wp-json\/wp\/v2\/product\/10067","targetHints":{"allow":["GET"]}}],"collection":[{"href":"https:\/\/mo-mo.gr\/es\/wp-json\/wp\/v2\/product"}],"about":[{"href":"https:\/\/mo-mo.gr\/es\/wp-json\/wp\/v2\/types\/product"}],"replies":[{"embeddable":true,"href":"https:\/\/mo-mo.gr\/es\/wp-json\/wp\/v2\/comments?post=10067"}],"wp:featuredmedia":[{"embeddable":true,"href":"https:\/\/mo-mo.gr\/es\/wp-json\/wp\/v2\/media\/11869"}],"wp:attachment":[{"href":"https:\/\/mo-mo.gr\/es\/wp-json\/wp\/v2\/media?parent=10067"}],"wp:term":[{"taxonomy":"product_brand","embeddable":true,"href":"https:\/\/mo-mo.gr\/es\/wp-json\/wp\/v2\/product_brand?post=10067"},{"taxonomy":"product_cat","embeddable":true,"href":"https:\/\/mo-mo.gr\/es\/wp-json\/wp\/v2\/product_cat?post=10067"},{"taxonomy":"product_tag","embeddable":true,"href":"https:\/\/mo-mo.gr\/es\/wp-json\/wp\/v2\/product_tag?post=10067"}],"curies":[{"name":"wp","href":"https:\/\/api.w.org\/{rel}","templated":true}]}}