{"id":10050,"date":"2024-01-09T11:00:50","date_gmt":"2024-01-09T11:00:50","guid":{"rendered":"https:\/\/mo-mo.gr\/product\/sakura-tote-bag\/"},"modified":"2026-04-02T20:10:12","modified_gmt":"2026-04-02T17:10:12","slug":"bolso-de-mano-sakura","status":"publish","type":"product","link":"https:\/\/mo-mo.gr\/es\/\u03c0\u03c1\u03bf\u03ca\u03cc\u03bd\u03c4\u03b1\/sakura-tote-bag\/","title":{"rendered":"Bolso Sakura"},"content":{"rendered":"<p>Sakura, o el cerezo en flor, es un s\u00edmbolo importante en la cultura japonesa. El cerezo en flor surge como s\u00edmbolo de la belleza, la juventud y la fugacidad de la vida. Su ef\u00edmera floraci\u00f3n simboliza la impermanencia y el cambio, ya que los cerezos en flor suelen florecer durante unas semanas y luego se caen.<\/p>\n<p>\u0393\u03b9\u03b1 \u03c4\u03bf\u03c5\u03c2 \u0399\u03ac\u03c0\u03c9\u03bd\u03b5\u03c2, \u03b7 Sakura \u03b5\u03af\u03bd\u03b1\u03b9 \u03b5\u03c0\u03af\u03c3\u03b7\u03c2 \u03c3\u03c5\u03bd\u03b4\u03b5\u03b4\u03b5\u03bc\u03ad\u03bd\u03b7 \u03bc\u03b5 \u03c4\u03b7\u03bd \u03ad\u03bd\u03bd\u03bf\u03b9\u03b1 \u03c4\u03b7\u03c2 \u03b5\u03c6\u03b7\u03b2\u03b5\u03af\u03b1\u03c2, \u03c4\u03b7\u03c2 \u03bd\u03b9\u03cc\u03c4\u03b7\u03c2 \u03ba\u03b1\u03b9 \u03c4\u03b7\u03c2 \u03bf\u03bc\u03bf\u03c1\u03c6\u03b9\u03ac\u03c2 \u03c0\u03bf\u03c5 \u03b4\u03b9\u03b1\u03c1\u03ba\u03b5\u03af \u03b3\u03b9\u03b1 \u03bc\u03b9\u03b1 \u03c3\u03cd\u03bd\u03c4\u03bf\u03bc\u03b7 \u03c0\u03b5\u03c1\u03af\u03bf\u03b4\u03bf. \u0397 \u03c0\u03b1\u03c1\u03b1\u03ba\u03bf\u03bb\u03bf\u03cd\u03b8\u03b7\u03c3\u03b7 \u03c4\u03b7\u03c2 \u03ac\u03bd\u03b8\u03b9\u03c3\u03b7\u03c2 \u03ba\u03b1\u03b9 \u03c4\u03b7\u03c2 \u03c0\u03c4\u03ce\u03c3\u03b7\u03c2 \u03c4\u03c9\u03bd \u03b1\u03bd\u03b8\u03ce\u03bd \u03c4\u03b7\u03c2 \u03ba\u03b5\u03c1\u03b1\u03c3\u03b9\u03ac\u03c2, \u03c3\u03b5 \u03bc\u03b9\u03b1 \u03c4\u03b5\u03bb\u03b5\u03c4\u03bf\u03c5\u03c1\u03b3\u03b9\u03ba\u03ae \u03c0\u03c1\u03ac\u03be\u03b7 \u03c0\u03bf\u03c5 \u03bf\u03bd\u03bf\u03bc\u03ac\u03b6\u03b5\u03c4\u03b1\u03b9 &#8220;Hanami&#8221;, \u03b5\u03af\u03bd\u03b1\u03b9 \u03bc\u03b9\u03b1 \u03c0\u03b1\u03c1\u03ac\u03b4\u03bf\u03c3\u03b7 \u03c0\u03bf\u03c5 \u03c7\u03b1\u03c1\u03b1\u03ba\u03c4\u03b7\u03c1\u03af\u03b6\u03b5\u03b9 \u03c4\u03b7\u03bd \u03b1\u03c0\u03cc\u03bb\u03b1\u03c5\u03c3\u03b7 \u03c4\u03b7\u03c2 \u03c6\u03b5\u03c5\u03b3\u03b1\u03bb\u03ad\u03b1\u03c2 \u03bf\u03bc\u03bf\u03c1\u03c6\u03b9\u03ac\u03c2 \u03ba\u03b1\u03b9 \u03c4\u03b7\u03c2 \u03c3\u03b7\u03bc\u03b1\u03c3\u03af\u03b1\u03c2 \u03c4\u03b7\u03c2 \u03c3\u03c4\u03b7\u03bd \u03b9\u03b1\u03c0\u03c9\u03bd\u03b9\u03ba\u03ae \u03ba\u03bf\u03c5\u03bb\u03c4\u03bf\u03cd\u03c1\u03b1. \u03a4\u03b1\u03c5\u03c4\u03cc\u03c7\u03c1\u03bf\u03bd\u03b1, \u03b7 Sakura \u03b1\u03bd\u03c4\u03b9\u03c0\u03c1\u03bf\u03c3\u03c9\u03c0\u03b5\u03cd\u03b5\u03b9 \u03c4\u03b7\u03bd \u03b1\u03bd\u03b1\u03bd\u03ad\u03c9\u03c3\u03b7, \u03c4\u03b7\u03bd \u03b5\u03bb\u03c0\u03af\u03b4\u03b1 \u03ba\u03b1\u03b9 \u03c4\u03b7\u03bd \u03b1\u03c1\u03c7\u03ae \u03b5\u03bd\u03cc\u03c2 \u03bd\u03ad\u03bf\u03c5 \u03ba\u03cd\u03ba\u03bb\u03bf\u03c5 \u03b6\u03c9\u03ae\u03c2.<\/p>","protected":false},"excerpt":{"rendered":"<p>SAKURA TOTE BAG una c\u00f3moda y \u00fatil Tote Bag. El bolso tote, inspirado en la est\u00e9tica japonesa, combina practicidad y elegancia. Sus l\u00edneas limpias y su estampado \u00fanico resaltan la belleza del arte y la tradici\u00f3n japoneses. Tanto para pasear por la ciudad como para llevar objetos cotidianos, el bolso de estilo japon\u00e9s realza tu personalidad sofisticada y a\u00f1ade elegancia y autenticidad a cualquier look.<\/p>\n<p>Dise\u00f1o inspirado en el cerezo japon\u00e9s en flor <b>\u685c<\/b>emblema del arte y la cultura japoneses, s\u00edmbolo de la belleza y la juventud, pero tambi\u00e9n de la fugacidad de la vida.<\/p>\n<p>- 100% algod\u00f3n \/ OEKO TEX STANDARD 100<\/p>\n<p>- No espec\u00edfico de g\u00e9nero<\/p>\n<p>- Dise\u00f1os originales de @raynedarren<\/p>","protected":false},"featured_media":11855,"comment_status":"open","ping_status":"closed","template":"","meta":{"_gspb_post_css":""},"product_brand":[],"product_cat":[76],"product_tag":[],"class_list":{"0":"post-10050","1":"product","2":"type-product","3":"status-publish","4":"has-post-thumbnail","6":"product_cat-totes","7":"pa_-85","9":"first","10":"instock","11":"taxable","12":"shipping-taxable","13":"purchasable","14":"product-type-simple"},"_links":{"self":[{"href":"https:\/\/mo-mo.gr\/es\/wp-json\/wp\/v2\/product\/10050","targetHints":{"allow":["GET"]}}],"collection":[{"href":"https:\/\/mo-mo.gr\/es\/wp-json\/wp\/v2\/product"}],"about":[{"href":"https:\/\/mo-mo.gr\/es\/wp-json\/wp\/v2\/types\/product"}],"replies":[{"embeddable":true,"href":"https:\/\/mo-mo.gr\/es\/wp-json\/wp\/v2\/comments?post=10050"}],"wp:featuredmedia":[{"embeddable":true,"href":"https:\/\/mo-mo.gr\/es\/wp-json\/wp\/v2\/media\/11855"}],"wp:attachment":[{"href":"https:\/\/mo-mo.gr\/es\/wp-json\/wp\/v2\/media?parent=10050"}],"wp:term":[{"taxonomy":"product_brand","embeddable":true,"href":"https:\/\/mo-mo.gr\/es\/wp-json\/wp\/v2\/product_brand?post=10050"},{"taxonomy":"product_cat","embeddable":true,"href":"https:\/\/mo-mo.gr\/es\/wp-json\/wp\/v2\/product_cat?post=10050"},{"taxonomy":"product_tag","embeddable":true,"href":"https:\/\/mo-mo.gr\/es\/wp-json\/wp\/v2\/product_tag?post=10050"}],"curies":[{"name":"wp","href":"https:\/\/api.w.org\/{rel}","templated":true}]}}