{"id":10041,"date":"2024-01-08T22:02:11","date_gmt":"2024-01-08T22:02:11","guid":{"rendered":"https:\/\/mo-mo.gr\/product\/the-momo-sakura-t-shirt-2-2-2\/"},"modified":"2024-12-12T14:48:42","modified_gmt":"2024-12-12T14:48:42","slug":"camiseta-momo-sakura-2-2-2","status":"publish","type":"product","link":"https:\/\/mo-mo.gr\/es\/\u03c0\u03c1\u03bf\u03ca\u03cc\u03bd\u03c4\u03b1\/the-momo-sakura-t-shirt-2-2-2\/","title":{"rendered":"CAMISETA FUJI"},"content":{"rendered":"<p>La flor del Fuji, tambi\u00e9n conocida como glicinia, tiene un significado profundo e importante en la cultura japonesa. Esta flor representa la est\u00e9tica, la belleza interior y la armon\u00eda entre la vida humana y la naturaleza.<\/p>\n<p>La glicinia expresa el significado de la belleza cotidiana, la felicidad interior y el disfrute de la armon\u00eda natural. La belleza floreciente de la flor tambi\u00e9n representa la sencillez, la humildad y la comprensi\u00f3n de c\u00f3mo la belleza puede encontrarse en momentos sencillos y naturales.<\/p>\n<p>Adem\u00e1s, en la cultura japonesa, la flor del Fuji se asocia a menudo con la armon\u00eda de la familia, la unidad y la convivencia humana. Los japoneses valoran la flor como s\u00edmbolo de prosperidad, paz interior y optimismo, afirmando que la belleza puede inspirar esperanza y alegr\u00eda en nuestra vida cotidiana.<\/p>\n<p>La glicinia p\u00farpura simboliza la belleza noble, la paz interior y la armon\u00eda, resaltando el valor de la paciencia y la est\u00e9tica de la sencillez. Con su distintivo sentido del p\u00farpura, esta flor aporta una sensaci\u00f3n de misterio y belleza on\u00edrica.<\/p>","protected":false},"excerpt":{"rendered":"<p>CAMISETA FUJI un dise\u00f1o \u00fanico de MOMO KIDOHO, inspirado en la glicinia japonesa \u85e4, con su misterioso encanto, representa la est\u00e9tica de la naturaleza japonesa y la paz interior, consiguiendo expresar la belleza y la armon\u00eda del mundo que la rodea.<\/p>\n<p>- 100% algod\u00f3n<\/p>\n<p>- No espec\u00edfico de g\u00e9nero<\/p>\n<p>- Dise\u00f1os originales de @raynedarren<\/p>","protected":false},"featured_media":11847,"comment_status":"open","ping_status":"open","template":"","meta":{"_gspb_post_css":""},"product_brand":[],"product_cat":[96],"product_tag":[],"class_list":{"0":"post-10041","1":"product","2":"type-product","3":"status-publish","4":"has-post-thumbnail","6":"product_cat-t-shirts","7":"pa_-large","8":"pa_-medium","9":"pa_-small","10":"pa_-xtra-large","11":"pa_-xtra-small","12":"pa_-xxl","13":"pa_-85","15":"first","16":"instock","17":"taxable","18":"shipping-taxable","19":"purchasable","20":"product-type-variable"},"_links":{"self":[{"href":"https:\/\/mo-mo.gr\/es\/wp-json\/wp\/v2\/product\/10041","targetHints":{"allow":["GET"]}}],"collection":[{"href":"https:\/\/mo-mo.gr\/es\/wp-json\/wp\/v2\/product"}],"about":[{"href":"https:\/\/mo-mo.gr\/es\/wp-json\/wp\/v2\/types\/product"}],"replies":[{"embeddable":true,"href":"https:\/\/mo-mo.gr\/es\/wp-json\/wp\/v2\/comments?post=10041"}],"wp:featuredmedia":[{"embeddable":true,"href":"https:\/\/mo-mo.gr\/es\/wp-json\/wp\/v2\/media\/11847"}],"wp:attachment":[{"href":"https:\/\/mo-mo.gr\/es\/wp-json\/wp\/v2\/media?parent=10041"}],"wp:term":[{"taxonomy":"product_brand","embeddable":true,"href":"https:\/\/mo-mo.gr\/es\/wp-json\/wp\/v2\/product_brand?post=10041"},{"taxonomy":"product_cat","embeddable":true,"href":"https:\/\/mo-mo.gr\/es\/wp-json\/wp\/v2\/product_cat?post=10041"},{"taxonomy":"product_tag","embeddable":true,"href":"https:\/\/mo-mo.gr\/es\/wp-json\/wp\/v2\/product_tag?post=10041"}],"curies":[{"name":"wp","href":"https:\/\/api.w.org\/{rel}","templated":true}]}}