{"id":10025,"date":"2024-01-08T21:58:48","date_gmt":"2024-01-08T21:58:48","guid":{"rendered":"https:\/\/mo-mo.gr\/product\/kiku-t-shirt\/"},"modified":"2024-12-12T14:48:44","modified_gmt":"2024-12-12T14:48:44","slug":"camiseta-kiku","status":"publish","type":"product","link":"https:\/\/mo-mo.gr\/es\/\u03c0\u03c1\u03bf\u03ca\u03cc\u03bd\u03c4\u03b1\/kiku-t-shirt\/","title":{"rendered":"CAMISETA KIKU"},"content":{"rendered":"<div class=\"woocommerce-product-details__short-description\">\n<p>El crisantemo japon\u00e9s, conocido como \"kiku\", representa un profundo y precioso significado en la cultura japonesa. Es s\u00edmbolo de longevidad, suerte y honor, y conecta al pueblo japon\u00e9s con los valores de la resistencia y la dicha. Los japoneses celebran el Festival del Crisantemo en abril, dedicando esta flor en agradecimiento y respeto a los ancianos. Con cada variedad cargada de significados diferentes, el crisantemo representa una rica herencia, siendo una fascinante expresi\u00f3n de la profunda filosof\u00eda y esp\u00edritu japoneses.<\/p>\n<\/div>\n<p>Hay una antigua leyenda sobre el crisantemo japon\u00e9s que cuenta la historia de una joven princesa, Kiku, que viv\u00eda en un reino lejano. Kiku, cuya belleza reflejaba el resplandor del sol, tambi\u00e9n era conocida por su coraz\u00f3n bondadoso y su sabidur\u00eda.<\/p>\n<p>Un viajero desconocido lleg\u00f3 al reino de Kiku, trayendo consigo un peque\u00f1o y asustado crisantemo. Esta flor, hermosa pero desconocida para las flores de los alrededores, hab\u00eda sido criada con cuidado y amor por el viajero.<\/p>\n<p>Kiku, impresionado por la brillante pero curiosa flor, empez\u00f3 a cuidarla con devoci\u00f3n. Cada d\u00eda la flor brotaba nuevas hojas y flores que irradiaban una luz especial. Kiku sorprendi\u00f3 a todos con la forma en que hizo irradiar esta flor \u00fanica en el jard\u00edn de su palacio.<\/p>\n<p>Un d\u00eda, el viajero revel\u00f3 la verdad: el crisantemo era un milagro, un regalo de los dioses que tra\u00eda suerte y felicidad. Desde entonces, el crisantemo se ha convertido en un s\u00edmbolo de esperanza y optimismo para el reino de Kiku, iluminando la vida de la gente con su belleza y misterio. Y desde aquel d\u00eda, el crisantemo japon\u00e9s ha representado la buena fortuna, la bendici\u00f3n y la belleza sin l\u00edmites en todos los rincones del reino.<\/p>","protected":false},"excerpt":{"rendered":"<div class=\"woocommerce-product-details__short-description\">\n<p>CAMISETA KIKU un dise\u00f1o \u00fanico de MOMO KIDOHO, inspirado en el crisantemo japon\u00e9s, s\u00edmbolo de longevidad, suerte y honor.<\/p>\n<p>- 100% algod\u00f3n<\/p>\n<p>- No espec\u00edfico de g\u00e9nero<\/p>\n<p>- Dise\u00f1os originales de @raynedarren<\/p>\n<\/div>","protected":false},"featured_media":11833,"comment_status":"open","ping_status":"open","template":"","meta":{"_gspb_post_css":""},"product_brand":[],"product_cat":[96],"product_tag":[],"class_list":{"0":"post-10025","1":"product","2":"type-product","3":"status-publish","4":"has-post-thumbnail","6":"product_cat-t-shirts","7":"pa_-large","8":"pa_-medium","9":"pa_-small","10":"pa_-xtra-large","11":"pa_-xtra-small","12":"pa_-xxl","13":"pa_-85","15":"first","16":"instock","17":"taxable","18":"shipping-taxable","19":"purchasable","20":"product-type-variable"},"_links":{"self":[{"href":"https:\/\/mo-mo.gr\/es\/wp-json\/wp\/v2\/product\/10025","targetHints":{"allow":["GET"]}}],"collection":[{"href":"https:\/\/mo-mo.gr\/es\/wp-json\/wp\/v2\/product"}],"about":[{"href":"https:\/\/mo-mo.gr\/es\/wp-json\/wp\/v2\/types\/product"}],"replies":[{"embeddable":true,"href":"https:\/\/mo-mo.gr\/es\/wp-json\/wp\/v2\/comments?post=10025"}],"wp:featuredmedia":[{"embeddable":true,"href":"https:\/\/mo-mo.gr\/es\/wp-json\/wp\/v2\/media\/11833"}],"wp:attachment":[{"href":"https:\/\/mo-mo.gr\/es\/wp-json\/wp\/v2\/media?parent=10025"}],"wp:term":[{"taxonomy":"product_brand","embeddable":true,"href":"https:\/\/mo-mo.gr\/es\/wp-json\/wp\/v2\/product_brand?post=10025"},{"taxonomy":"product_cat","embeddable":true,"href":"https:\/\/mo-mo.gr\/es\/wp-json\/wp\/v2\/product_cat?post=10025"},{"taxonomy":"product_tag","embeddable":true,"href":"https:\/\/mo-mo.gr\/es\/wp-json\/wp\/v2\/product_tag?post=10025"}],"curies":[{"name":"wp","href":"https:\/\/api.w.org\/{rel}","templated":true}]}}