{"id":10016,"date":"2024-01-08T21:53:18","date_gmt":"2024-01-08T21:53:18","guid":{"rendered":"https:\/\/mo-mo.gr\/product\/japanese-t-shirt-sakura\/"},"modified":"2024-12-12T14:48:45","modified_gmt":"2024-12-12T14:48:45","slug":"camiseta-japonesa-sakura","status":"publish","type":"product","link":"https:\/\/mo-mo.gr\/es\/\u03c0\u03c1\u03bf\u03ca\u03cc\u03bd\u03c4\u03b1\/japanese-t-shirt-sakura\/","title":{"rendered":"CAMISETA JAPONESA SAKURA"},"content":{"rendered":"<p>El cerezo japon\u00e9s, tambi\u00e9n conocido como Sakura, es uno de los s\u00edmbolos m\u00e1s reconocibles de Jap\u00f3n. Este hermoso \u00e1rbol florece cada primavera y crea un espect\u00e1culo espectacular con sus flores rosas.<\/p>\n<p>El cerezo japon\u00e9s tiene una larga historia y simboliza la belleza, la temporalidad y la renovaci\u00f3n. Los japoneses disfrutan viendo florecer los cerezos durante la festividad del Hanami, en la que se re\u00fanen en parques y jardines para disfrutar de la belleza de las flores y celebrar la llegada de la primavera.<\/p>\n<p>Las flores del cerezo japon\u00e9s son peque\u00f1as y delicadas, de color rosa brillante. Florecen durante un breve periodo, s\u00f3lo unas semanas, antes de caer al suelo. Este car\u00e1cter temporal de los cerezos en flor subraya el valor de cada momento y la belleza que ofrece.<\/p>\n<p>El cerezo japon\u00e9s ha influido en el arte, la literatura y la m\u00fasica de Jap\u00f3n. Las pinturas tradicionales, la poes\u00eda Haiku y la m\u00fasica Sakura no Uta resaltan la belleza y la poes\u00eda del \u00e1rbol en flor.<\/p>\n<p>En definitiva, el cerezo japon\u00e9s es un s\u00edmbolo de la naturaleza, la belleza y la temporalidad. Su floraci\u00f3n se considera un factor importante de la cultura y la tradici\u00f3n japonesas. Los japoneses reconocen la belleza y la temporalidad de la vida a trav\u00e9s del cerezo en flor.<\/p>\n<p>La tradicional celebraci\u00f3n del Hanami es una forma que tienen los japoneses de festejar la primavera y disfrutar de la belleza de los cerezos en flor. Durante el Hanami, la gente se re\u00fane en parques y jardines para hacer picnics y disfrutar de la vista de los \u00e1rboles en flor. Es una oportunidad para relajarse y disfrutar de la belleza de la naturaleza.<\/p>\n<p>El cerezo japon\u00e9s tambi\u00e9n ha influido en la moda y el dise\u00f1o. Las flores rosas del cerezo son un motivo popular en la ropa, los accesorios y el dise\u00f1o de interiores. Adem\u00e1s, la imagen del cerezo japon\u00e9s se utiliza en productos como cer\u00e1mica, joyas y souvenirs.<\/p>\n<p>El cerezo japon\u00e9s es uno de los \u00e1rboles m\u00e1s queridos de Jap\u00f3n y se ha convertido en un s\u00edmbolo popular en todo el mundo. Personas de todas las edades y culturas aprecian la belleza y la temporalidad de la vida que simboliza el cerezo japon\u00e9s.<\/p>","protected":false},"excerpt":{"rendered":"<p>CAMISETA SAKURA JAPONESA un dise\u00f1o \u00fanico de MOMO KIDOHO, inspirado en el cerezo japon\u00e9s, emblema del arte y la cultura japoneses.<\/p>\n<p>- 100% algod\u00f3n<\/p>\n<p>- No espec\u00edfico de g\u00e9nero<\/p>\n<p>- Dise\u00f1os originales de @raynedarren<\/p>","protected":false},"featured_media":11825,"comment_status":"open","ping_status":"open","template":"","meta":{"_gspb_post_css":""},"product_brand":[],"product_cat":[96],"product_tag":[],"class_list":{"0":"post-10016","1":"product","2":"type-product","3":"status-publish","4":"has-post-thumbnail","6":"product_cat-t-shirts","7":"pa_-large","8":"pa_-medium","9":"pa_-small","10":"pa_-xtra-large","11":"pa_-xtra-small","12":"pa_-xxl","13":"pa_-85","15":"first","16":"instock","17":"featured","18":"taxable","19":"shipping-taxable","20":"purchasable","21":"product-type-variable"},"_links":{"self":[{"href":"https:\/\/mo-mo.gr\/es\/wp-json\/wp\/v2\/product\/10016","targetHints":{"allow":["GET"]}}],"collection":[{"href":"https:\/\/mo-mo.gr\/es\/wp-json\/wp\/v2\/product"}],"about":[{"href":"https:\/\/mo-mo.gr\/es\/wp-json\/wp\/v2\/types\/product"}],"replies":[{"embeddable":true,"href":"https:\/\/mo-mo.gr\/es\/wp-json\/wp\/v2\/comments?post=10016"}],"wp:featuredmedia":[{"embeddable":true,"href":"https:\/\/mo-mo.gr\/es\/wp-json\/wp\/v2\/media\/11825"}],"wp:attachment":[{"href":"https:\/\/mo-mo.gr\/es\/wp-json\/wp\/v2\/media?parent=10016"}],"wp:term":[{"taxonomy":"product_brand","embeddable":true,"href":"https:\/\/mo-mo.gr\/es\/wp-json\/wp\/v2\/product_brand?post=10016"},{"taxonomy":"product_cat","embeddable":true,"href":"https:\/\/mo-mo.gr\/es\/wp-json\/wp\/v2\/product_cat?post=10016"},{"taxonomy":"product_tag","embeddable":true,"href":"https:\/\/mo-mo.gr\/es\/wp-json\/wp\/v2\/product_tag?post=10016"}],"curies":[{"name":"wp","href":"https:\/\/api.w.org\/{rel}","templated":true}]}}