{"id":9491,"date":"2024-12-12T12:43:29","date_gmt":"2024-12-12T12:43:29","guid":{"rendered":"https:\/\/mo-mo.gr\/?page_id=9491"},"modified":"2024-12-17T21:08:19","modified_gmt":"2024-12-17T19:08:19","slug":"%cf%81%ce%b1%cf%86%ce%ae-%ce%b1%cf%83%ce%b9%ce%b1%cf%84%ce%b9%ce%ba%cf%8e%ce%bd-%ce%b5%ce%bd%ce%b4%cf%85%ce%bc%ce%ac%cf%84%cf%89%ce%bd","status":"publish","type":"page","link":"https:\/\/mo-mo.gr\/es\/%cf%81%ce%b1%cf%86%ce%ae-%ce%b1%cf%83%ce%b9%ce%b1%cf%84%ce%b9%ce%ba%cf%8e%ce%bd-%ce%b5%ce%bd%ce%b4%cf%85%ce%bc%ce%ac%cf%84%cf%89%ce%bd\/","title":{"rendered":"Coser ropa asi\u00e1tica"},"content":{"rendered":"<h2 id=\"gspb_heading-id-gsbp-52b3e19\" class=\"gspb_heading gspb_heading-id-gsbp-52b3e19\">Costura a medida con est\u00e9tica asi\u00e1tica<\/h2>\n\n\n\n<div id=\"gspb_text-id-gsbp-7369c62\" class=\"gspb_text gspb_text-id-gsbp-7369c62\">El servicio de costura a medida de MOMO KIDOHO combina la est\u00e9tica tradicional asi\u00e1tica con las tendencias de la moda moderna. Creamos prendas y accesorios \u00fanicos que reflejan la autenticidad y los detalles exclusivos de la cultura japonesa, coreana y china. Cada pieza se dise\u00f1a en funci\u00f3n de las necesidades y deseos del cliente, garantizando un ajuste perfecto y un estilo \u00fanico. Tanto si desea un kimono tradicional como un vestido moderno con influencias asi\u00e1ticas, estamos aqu\u00ed para hacerlo realidad.<\/div>\n\n\n\n<h2 id=\"gspb_heading-id-gsbp-300e650\" class=\"gspb_heading gspb_heading-id-gsbp-300e650\">Procesado y transformaci\u00f3n de prendas asi\u00e1ticas<\/h2>\n\n\n\n<div id=\"gspb_text-id-gsbp-6c31b1d\" class=\"gspb_text gspb_text-id-gsbp-6c31b1d\">En MOMO KIDOHO, ofrecemos servicios especializados para la transformaci\u00f3n y alteraci\u00f3n de prendas asi\u00e1ticas como el kimono y el chipao. Renovamos y adaptamos sus prendas tradicionales para que encajen con las tendencias modernas o para darles una identidad nueva y \u00fanica. Tanto si necesita redimensionar un kimono antiguo como transformar un chipao en una pieza moderna, nuestros expertos est\u00e1n aqu\u00ed para ayudarle.<\/div>\n\n\n\n<h2 id=\"gspb_heading-id-gsbp-61de3a7\" class=\"gspb_heading gspb_heading-id-gsbp-61de3a7\">Mantenimiento de prendas y accesorios asi\u00e1ticos<\/h2>\n\n\n\n<div id=\"gspb_text-id-gsbp-62c0fa9\" class=\"gspb_text gspb_text-id-gsbp-62c0fa9\">El mantenimiento de prendas y accesorios asi\u00e1ticos es un proceso minucioso que requiere conocimientos y t\u00e9cnicas especializados. En MOMO KIDOHO nos esmeramos en la limpieza, reparaci\u00f3n y restauraci\u00f3n de sus preciadas prendas, preservando su autenticidad y garantizando su conservaci\u00f3n a largo plazo. Desde la reparaci\u00f3n de tejidos delicados hasta la renovaci\u00f3n de bordados, somos los expertos en los que puede confiar.<\/div>\n\n\n\n<h2 id=\"gspb_heading-id-gsbp-34c0e71\" class=\"gspb_heading gspb_heading-id-gsbp-34c0e71\">Suministro y provisi\u00f3n de tejidos y materiales del mercado japon\u00e9s<\/h2>\n\n\n\n<div id=\"gspb_text-id-gsbp-7d0ab29\" class=\"gspb_text gspb_text-id-gsbp-7d0ab29\">MOMO KIDOHO ofrece una amplia gama de tejidos y materiales aut\u00e9nticos procedentes directamente del mercado japon\u00e9s. Tanto si necesita seda de alta calidad como tejidos de algod\u00f3n \u00fanicos con dise\u00f1os tradicionales, podemos proporcionarle todo lo que necesita para crear sus propias piezas \u00fanicas. Tambi\u00e9n proporcionamos accesorios y adornos que complementan la est\u00e9tica asi\u00e1tica, haciendo hincapi\u00e9 en la calidad y la autenticidad.<\/div>\n\n\n\n<h2 id=\"gspb_heading-id-gsbp-d8adee6\" class=\"gspb_heading gspb_heading-id-gsbp-d8adee6\">Costura y confecci\u00f3n de prendas para artes marciales y deportes asi\u00e1ticos<\/h2>\n\n\n\n<div id=\"gspb_text-id-gsbp-a3309c6\" class=\"gspb_text gspb_text-id-gsbp-a3309c6\">Este servicio est\u00e1 dirigido a quienes practican deportes tradicionales asi\u00e1ticos, ofreciendo prendas especializadas que combinan la comodidad con una est\u00e9tica aut\u00e9ntica. En MOMO KIDOHO, entendemos que cada deporte asi\u00e1tico requiere prendas espec\u00edficas que no solo faciliten el movimiento, sino que tambi\u00e9n incorporen elementos y simbolismos tradicionales.<\/div>\n\n\n\n<h2 id=\"gspb_heading-id-gsbp-24bfb87\" class=\"gspb_heading gspb_heading-id-gsbp-24bfb87\">Tejidos de alta calidad<\/h2>\n\n\n\n<div id=\"gspb_text-id-gsbp-850d78e\" class=\"gspb_text gspb_text-id-gsbp-850d78e\">La elecci\u00f3n de los tejidos es fundamental para el rendimiento y el aspecto de las prendas. Utilizamos tejidos de Jap\u00f3n y China conocidos por su durabilidad y calidad. Elegimos tejidos transpirables y respetuosos con la piel, que garantizan que los atletas puedan entrenar con comodidad.<\/div>\n\n\n\n<h2 id=\"gspb_heading-id-gsbp-84d9168\" class=\"gspb_heading gspb_heading-id-gsbp-84d9168\">Adaptaci\u00f3n a las necesidades del deportista<\/h2>\n\n\n\n<div id=\"gspb_text-id-gsbp-55ec25f\" class=\"gspb_text gspb_text-id-gsbp-55ec25f\">Cada deportista tiene unas necesidades y preferencias \u00fanicas. En MOMO KIDOHO, ofrecemos medidas personalizadas y personalizaci\u00f3n para que cada uniforme se adapte perfectamente al usuario. Desde la selecci\u00f3n de colores y tejidos hasta los bordados y adornos, creamos prendas que reflejan la personalidad y las necesidades de cada atleta.<\/div>\n\n\n\n<h2 id=\"gspb_heading-id-gsbp-09299ff\" class=\"gspb_heading gspb_heading-id-gsbp-09299ff\">Dise\u00f1os y simbolismos tradicionales<\/h2>\n\n\n\n<div id=\"gspb_text-id-gsbp-88f7b91\" class=\"gspb_text gspb_text-id-gsbp-88f7b91\">Nuestros uniformes no son s\u00f3lo funcionales. Llevan dise\u00f1os y s\u00edmbolos tradicionales que honran la rica herencia cultural de los deportes asi\u00e1ticos. Cada bordado y cada detalle se eligen cuidadosamente para rendir respeto y mantener la autenticidad.<\/div>\n\n\n\n<h2 id=\"gspb_heading-id-gsbp-875bc93\" class=\"gspb_heading gspb_heading-id-gsbp-875bc93\">Pr\u00e1cticas responsables<\/h2>\n\n\n\n<div id=\"gspb_text-id-gsbp-e04fafb\" class=\"gspb_text gspb_text-id-gsbp-e04fafb\">En MOMO KIDOHO hacemos hincapi\u00e9 en la sostenibilidad y la producci\u00f3n \u00e9tica. Utilizamos materiales ecol\u00f3gicos y adoptamos pr\u00e1cticas de producci\u00f3n respetuosas con los trabajadores y el medio ambiente. Nuestro objetivo es crear productos de alta calidad que no da\u00f1en el medio ambiente.<\/div>\n\n\n\n<h2 id=\"gspb_heading-id-gsbp-d6e7090\" class=\"gspb_heading gspb_heading-id-gsbp-d6e7090\">Durabilidad a largo plazo<\/h2>\n\n\n\n<div id=\"gspb_text-id-gsbp-66ffe66\" class=\"gspb_text gspb_text-id-gsbp-66ffe66\">Las prendas que fabricamos est\u00e1n dise\u00f1adas para durar. La durabilidad y la calidad de los materiales que utilizamos garantizan que nuestros uniformes resistan el uso duro y el entrenamiento diario, proporcionando valor a largo plazo a los deportistas.<\/div>","protected":false},"excerpt":{"rendered":"","protected":false},"author":187,"featured_media":0,"parent":0,"menu_order":0,"comment_status":"closed","ping_status":"closed","template":"","meta":{"_gspb_post_css":"","footnotes":""},"class_list":["post-9491","page","type-page","status-publish","hentry"],"blocksy_meta":[],"_links":{"self":[{"href":"https:\/\/mo-mo.gr\/es\/wp-json\/wp\/v2\/pages\/9491","targetHints":{"allow":["GET"]}}],"collection":[{"href":"https:\/\/mo-mo.gr\/es\/wp-json\/wp\/v2\/pages"}],"about":[{"href":"https:\/\/mo-mo.gr\/es\/wp-json\/wp\/v2\/types\/page"}],"author":[{"embeddable":true,"href":"https:\/\/mo-mo.gr\/es\/wp-json\/wp\/v2\/users\/187"}],"replies":[{"embeddable":true,"href":"https:\/\/mo-mo.gr\/es\/wp-json\/wp\/v2\/comments?post=9491"}],"version-history":[{"count":0,"href":"https:\/\/mo-mo.gr\/es\/wp-json\/wp\/v2\/pages\/9491\/revisions"}],"wp:attachment":[{"href":"https:\/\/mo-mo.gr\/es\/wp-json\/wp\/v2\/media?parent=9491"}],"curies":[{"name":"wp","href":"https:\/\/api.w.org\/{rel}","templated":true}]}}