{"id":9476,"date":"2024-12-12T12:19:47","date_gmt":"2024-12-12T12:19:47","guid":{"rendered":"https:\/\/mo-mo.gr\/?page_id=9476"},"modified":"2024-12-12T12:20:28","modified_gmt":"2024-12-12T12:20:28","slug":"%cf%80%ce%b1%cf%81%ce%b1%ce%b3%ce%b3%ce%b5%ce%bb%ce%af%ce%b5%cf%82-%ce%b1%cf%80%ce%bf%cf%83%cf%84%ce%bf%ce%bb%ce%ad%cf%82","status":"publish","type":"page","link":"https:\/\/mo-mo.gr\/es\/%cf%80%ce%b1%cf%81%ce%b1%ce%b3%ce%b3%ce%b5%ce%bb%ce%af%ce%b5%cf%82-%ce%b1%cf%80%ce%bf%cf%83%cf%84%ce%bf%ce%bb%ce%ad%cf%82\/","title":{"rendered":"Pedidos y env\u00edos"},"content":{"rendered":"<h2 id=\"gspb_heading-id-gsbp-0eef268\" class=\"gspb_heading gspb_heading-id-gsbp-0eef268\">Pedidos<\/h2>\n\n\n\n<div id=\"gspb_text-id-gsbp-8efa61e\" class=\"gspb_text gspb_text-id-gsbp-8efa61e\">En mo mo, ofrecemos una experiencia de pedido emocionante, tratando de satisfacer todas sus necesidades con total satisfacci\u00f3n en mente. Hemos creado una pol\u00edtica clara y transparente para garantizarte un proceso de pedido c\u00f3modo y fiable.<br>Nuestra pol\u00edtica incluye los siguientes elementos:<br><\/div>\n\n\n\n<div id=\"gspb_text-id-gsbp-0f65c6f\" class=\"gspb_text gspb_text-id-gsbp-0f65c6f\"><strong>Productos de alta calidad:<\/strong> Todas nuestras prendas se confeccionan con materiales cuidadosamente seleccionados, centr\u00e1ndonos en la excelente calidad y la autenticidad. Nuestra dedicaci\u00f3n a la alta calidad garantiza que disfrutar\u00e1 de productos que durar\u00e1n muchos a\u00f1os.<br><strong>Variedad de estilos:<\/strong> Entendemos que cada cliente tiene gustos y preferencias \u00fanicos. Por eso ofrecemos una amplia gama de estilos, dise\u00f1os y colores para que encuentres exactamente lo que te conviene y refleja tu estilo personal.<br><strong>F\u00e1cil proceso de pedido:<\/strong> Nuestro sitio web ofrece un proceso de pedido sencillo y c\u00f3modo. S\u00f3lo tiene que seleccionar las prendas deseadas, a\u00f1adirlas a su cesta y completar su pedido de forma segura y sencilla. Estamos siempre a su disposici\u00f3n por correo electr\u00f3nico o por tel\u00e9fono para cualquier duda o consulta.<br><strong>Env\u00edo y entrega r\u00e1pidos:<\/strong> Comprendemos su entusiasmo por recibir sus productos lo antes posible. Por eso nos aseguramos de que sus pedidos se procesen y env\u00eden en un plazo de entrega r\u00e1pido, para que lleguen a su puerta lo antes posible.<br><strong>Atenci\u00f3n al cliente:<\/strong> La satisfacci\u00f3n del cliente es nuestra prioridad absoluta. Siempre estamos aqu\u00ed para ayudarle, responder a todas sus preguntas y resolver cualquier problema que surja durante el pedido o despu\u00e9s de la entrega.<\/div>\n\n\n\n<h2 id=\"gspb_heading-id-gsbp-d4b106a\" class=\"gspb_heading gspb_heading-id-gsbp-d4b106a\">Despachos<\/h2>\n\n\n\n<div id=\"gspb_text-id-gsbp-04e78a9\" class=\"gspb_text gspb_text-id-gsbp-04e78a9\">\u00a1Gracias por elegir mo mo para tus compras! Queremos informarte sobre nuestra pol\u00edtica y procedimiento de env\u00edo para asegurarnos de que tengas una experiencia de compra c\u00f3moda y sin problemas.<br>Pol\u00edtica de misiones:<br><\/div>\n\n\n\n<h3 id=\"gspb_heading-id-gsbp-3e80893\" class=\"gspb_heading gspb_heading-id-gsbp-3e80893\">Pol\u00edtica de misiones<\/h3>\n\n\n\n<div id=\"gspb_text-id-gsbp-7f8c074\" class=\"gspb_text gspb_text-id-gsbp-7f8c074\"><strong>Env\u00edos a toda Grecia:<\/strong> Estamos orgullosos de ofrecer env\u00edos a todas las regiones de Grecia. No importa d\u00f3nde se encuentre, podr\u00e1 disfrutar de su ropa japonesa favorita gracias a la entrega a domicilio.<br><strong>Misi\u00f3n en toda Europa:<\/strong> Estamos orgullosos de ofrecer env\u00edos a todos los pa\u00edses de Europa. Est\u00e9 donde est\u00e9, podr\u00e1 disfrutar de sus prendas japonesas favoritas gracias a la entrega a domicilio.<br><strong>Precios de env\u00edo:<\/strong> Los gastos de env\u00edo se calculan en funci\u00f3n del destino y el peso del pedido. Durante el proceso de finalizaci\u00f3n del pedido, se le mostrar\u00e1 el precio exacto del env\u00edo.<br><strong>Plazo de entrega:<\/strong> Hacemos todo lo posible para tramitar su pedido lo antes posible. El plazo de entrega estimado depende del destino y de los servicios de transporte locales. Normalmente, el plazo de entrega oscila entre 5 y 10 d\u00edas laborables.<\/div>\n\n\n\n<h3 id=\"gspb_heading-id-gsbp-4334d92\" class=\"gspb_heading gspb_heading-id-gsbp-4334d92\">Procedimiento de expedici\u00f3n<\/h3>\n\n\n\n<div id=\"gspb_text-id-gsbp-08a04d8\" class=\"gspb_text gspb_text-id-gsbp-08a04d8\"><strong>Tramitaci\u00f3n de pedidos:<\/strong> Despu\u00e9s de completar su pedido, nuestro equipo lo procesar\u00e1 con cuidado y cari\u00f1o. Comprobamos la calidad de sus productos y los embalamos con cuidado para un transporte seguro.<br><strong>Despacho y supervisi\u00f3n:<\/strong> Una vez enviado su pedido, recibir\u00e1 un n\u00famero de seguimiento para controlar el progreso de su pedido hasta que llegue a su destino. Puede utilizar este n\u00famero para comprobar la estimaci\u00f3n de llegada.<br><strong>Entrega:<\/strong> Cuando llegue su pedido, recibir\u00e1 el paquete en la puerta de su casa. Le recomendamos que compruebe sus productos para asegurarse de que est\u00e1n en excelentes condiciones y cumplen sus expectativas.<br><\/div>\n\n\n\n<div id=\"gspb_text-id-gsbp-e818523\" class=\"gspb_text gspb_text-id-gsbp-e818523\">Si tiene alguna pregunta o necesita ayuda, no dude en ponerse en contacto con nuestro equipo de atenci\u00f3n al cliente. Estamos aqu\u00ed para ayudarle y garantizar que su env\u00edo se realice correctamente y que reciba sus productos con comodidad y agrado.<br>\u00a1Gracias por confiar en mo mo!<\/div>","protected":false},"excerpt":{"rendered":"","protected":false},"author":187,"featured_media":0,"parent":0,"menu_order":0,"comment_status":"closed","ping_status":"closed","template":"","meta":{"_gspb_post_css":"","footnotes":""},"class_list":["post-9476","page","type-page","status-publish","hentry"],"blocksy_meta":[],"_links":{"self":[{"href":"https:\/\/mo-mo.gr\/es\/wp-json\/wp\/v2\/pages\/9476","targetHints":{"allow":["GET"]}}],"collection":[{"href":"https:\/\/mo-mo.gr\/es\/wp-json\/wp\/v2\/pages"}],"about":[{"href":"https:\/\/mo-mo.gr\/es\/wp-json\/wp\/v2\/types\/page"}],"author":[{"embeddable":true,"href":"https:\/\/mo-mo.gr\/es\/wp-json\/wp\/v2\/users\/187"}],"replies":[{"embeddable":true,"href":"https:\/\/mo-mo.gr\/es\/wp-json\/wp\/v2\/comments?post=9476"}],"version-history":[{"count":0,"href":"https:\/\/mo-mo.gr\/es\/wp-json\/wp\/v2\/pages\/9476\/revisions"}],"wp:attachment":[{"href":"https:\/\/mo-mo.gr\/es\/wp-json\/wp\/v2\/media?parent=9476"}],"curies":[{"name":"wp","href":"https:\/\/api.w.org\/{rel}","templated":true}]}}