{"id":9457,"date":"2024-12-12T11:52:48","date_gmt":"2024-12-12T11:52:48","guid":{"rendered":"https:\/\/mo-mo.gr\/?page_id=9457"},"modified":"2024-12-12T11:56:13","modified_gmt":"2024-12-12T11:56:13","slug":"%cf%80%ce%bf%ce%bb%ce%b9%cf%84%ce%b9%ce%ba%ce%ae-%ce%b1%cf%80%ce%bf%cf%81%cf%81%ce%ae%cf%84%ce%bf%cf%85","status":"publish","type":"page","link":"https:\/\/mo-mo.gr\/es\/%cf%80%ce%bf%ce%bb%ce%b9%cf%84%ce%b9%ce%ba%ce%ae-%ce%b1%cf%80%ce%bf%cf%81%cf%81%ce%ae%cf%84%ce%bf%cf%85\/","title":{"rendered":"Pol\u00edtica de privacidad"},"content":{"rendered":"<div id=\"gspb_text-id-gsbp-df510c7\" class=\"gspb_text gspb_text-id-gsbp-df510c7\">En mo-mo.gr nos comprometemos a respetar y preservar su privacidad, agradeciendo la confianza que nos demuestra. La \"Pol\u00edtica de Privacidad\" y la \"Pol\u00edtica de Cookies\" tienen por objeto garantizar que cualquier dato personal recogido por mo-mo.gr (en adelante, el \"sitio web\") ser\u00e1 protegido, utilizado, almacenado y procesado por nosotros con el fin de la comunicaci\u00f3n entre nosotros y la prestaci\u00f3n de servicios, siempre de conformidad con la legislaci\u00f3n aplicable en materia de protecci\u00f3n de datos personales (Reglamento (UE) 2016\/679).<\/div>\n\n\n\n<div id=\"gspb_text-id-gsbp-cdab9dc\" class=\"gspb_text gspb_text-id-gsbp-cdab9dc\">Debe saber que recabamos sus datos directamente de usted:<br>- al suscribirse a nuestro bolet\u00edn.<br>- cuando participe en concursos y sorteos.<br>- al rellenar la solicitud de oferta o el formulario de contacto.<br>- si desea recibir actualizaciones personalizadas, como anuncios dirigidos.<br>- si se pone en contacto con nosotros (por ejemplo, por tel\u00e9fono, correo electr\u00f3nico o cualquier otro medio) para informarse sobre cualquiera de nuestros productos o servicios o sobre el servicio de atenci\u00f3n al cliente, o para comunicarnos un problema con el sitio web o cualquier otra cosa.<\/div>\n\n\n\n<h2 id=\"gspb_heading-id-gsbp-2945a9b\" class=\"gspb_heading gspb_heading-id-gsbp-2945a9b\">General<\/h2>\n\n\n\n<div id=\"gspb_text-id-gsbp-fc883c9\" class=\"gspb_text gspb_text-id-gsbp-fc883c9\">El sitio web mo-mo.gr (el \"sitio web\") le informa de las pol\u00edticas relativas a la recogida, uso y divulgaci\u00f3n de datos personales cuando utiliza nuestro sitio web y de las opciones que tiene asociadas a estos datos.<br>Utilizamos sus datos para procesar sus solicitudes y mejorar nuestro sitio web. Al utilizar el sitio web, usted acepta la recogida y el uso de informaci\u00f3n de acuerdo con esta pol\u00edtica.<br>El sitio web de nuestra empresa est\u00e1 dise\u00f1ado para cumplir la siguiente legislaci\u00f3n nacional e internacional en materia de protecci\u00f3n de datos y privacidad de los usuarios:<br>Directiva de protecci\u00f3n de datos de la UE de 1995 (DPD)<br>Reglamento general de protecci\u00f3n de datos de la UE de 2018 (GDPR)<br>La conformidad de este sitio web con la legislaci\u00f3n antes mencionada significa que este sitio web cumple con la legislaci\u00f3n sobre protecci\u00f3n de datos y privacidad de los usuarios, que se ha promulgado en otros pa\u00edses y territorios.<\/div>\n\n\n\n<h2 id=\"gspb_heading-id-gsbp-7b4b75b\" class=\"gspb_heading gspb_heading-id-gsbp-7b4b75b\">Recogida y uso de la informaci\u00f3n<\/h2>\n\n\n\n<div id=\"gspb_text-id-gsbp-031d952\" class=\"gspb_text gspb_text-id-gsbp-031d952\">Recopilamos distintos tipos de informaci\u00f3n con diversos fines para ofrecerle y mejorar nuestro sitio web.<br>Tambi\u00e9n recopilamos los datos del pedido \u00fanicamente para el uso y la tramitaci\u00f3n de la entrega del pedido.<\/div>\n\n\n\n<h2 id=\"gspb_heading-id-gsbp-e3b8807\" class=\"gspb_heading gspb_heading-id-gsbp-e3b8807\">Tipos de datos recogidos - Datos personales<\/h2>\n\n\n\n<div id=\"gspb_text-id-gsbp-16d275a\" class=\"gspb_text gspb_text-id-gsbp-16d275a\">Al utilizar nuestro sitio web, es posible que le pidamos que nos proporcione cierta informaci\u00f3n personal (\"Datos personales\") que puede utilizarse para ponernos en contacto con usted o identificarle con el fin de procesar su solicitud o ponernos en contacto con usted. La informaci\u00f3n que se registra y almacena es la siguiente:<br>Nombre, apellidos, correo electr\u00f3nico, tel\u00e9fono, solicitudes\/mensajes, cookies y datos de uso.<\/div>\n\n\n\n<h2 id=\"gspb_heading-id-gsbp-119b723\" class=\"gspb_heading gspb_heading-id-gsbp-119b723\">Datos de uso<\/h2>\n\n\n\n<div id=\"gspb_text-id-gsbp-31c0562\" class=\"gspb_text gspb_text-id-gsbp-31c0562\">Tambi\u00e9n podemos recopilar informaci\u00f3n sobre c\u00f3mo accede y utiliza el sitio web (\"Datos de uso\").<br>Estos Datos de Uso pueden incluir informaci\u00f3n como la direcci\u00f3n de Protocolo de Internet de su ordenador (por ejemplo, la direcci\u00f3n IP), el tipo de navegador, la versi\u00f3n del navegador, las p\u00e1ginas del sitio web que visita, la hora y la fecha de su visita, el tiempo que pasa en esas p\u00e1ginas, los identificadores del dispositivo y otros datos de diagn\u00f3stico.<\/div>\n\n\n\n<h2 id=\"gspb_heading-id-gsbp-729c552\" class=\"gspb_heading gspb_heading-id-gsbp-729c552\">GDPR<\/h2>\n\n\n\n<div id=\"gspb_text-id-gsbp-85a8f7c\" class=\"gspb_text gspb_text-id-gsbp-85a8f7c\">Dada la naturaleza internacionalizada de Internet y su volumen, cualquier da\u00f1o directo, consecuencial, incidental, indirecto o consecuente derivado del acceso de cualquier usuario a mo-mo.gr o de su uso, incluido el caso de negligencia, no dar\u00e1 lugar a responsabilidad de la empresa ni de sus directivos. Se aconseja a los usuarios que utilicen software para protegerse de virus inform\u00e1ticos y otros tipos de malware.<br><br>La empresa no se hace responsable de los da\u00f1os y gastos derivados del uso de mo-mo.gr o de la imposibilidad de usarlo, por parte de cualquier persona, o en relaci\u00f3n con la imposibilidad de realizarlo, error, omisi\u00f3n, interrupci\u00f3n, defecto, retraso en el funcionamiento o transmisi\u00f3n o fallo de la l\u00ednea del sistema. En el caso de que se produzcan da\u00f1os o se infecte por virus electr\u00f3nicos el ordenador u otro medio electr\u00f3nico utilizado por un usuario para acceder\/visitar\/utilizar o descargar cualquier material, dato, texto, imagen, v\u00eddeo o audio de su contenido, la Empresa no ser\u00e1 responsable en modo alguno.<br><br>Los servicios disponibles a trav\u00e9s del sitio web se proporcionan a los usuarios de la tienda electr\u00f3nica \"tal cual\". La empresa no garantiza que el contenido de mo-mo.gr y la calidad de los servicios prestados satisfagan los requisitos y expectativas de los usuarios. La empresa no se hace responsable de ninguna reclamaci\u00f3n legal, civil o penal relacionada con el funcionamiento o el uso de mo-mo.gr, ni de ning\u00fan da\u00f1o, de cualquier tipo, causado tanto por los visitantes del sitio web como por terceros.<br><br>La empresa no se hace responsable ni asume ning\u00fan tipo de obligaci\u00f3n de indemnizaci\u00f3n por cualquier reclamaci\u00f3n relacionada con el contenido de mo-mo.gr, ni por cualquier error, calumnia simple o difamaci\u00f3n, injuria, insulto, omisi\u00f3n, mentira, blasfemia, pornograf\u00eda, peligro o inexactitud que se encuentre en su contenido.<\/div>\n\n\n\n<h2 id=\"gspb_heading-id-gsbp-d55ecbe\" class=\"gspb_heading gspb_heading-id-gsbp-d55ecbe\">Legislaci\u00f3n aplicable y otras condiciones<\/h2>\n\n\n\n<div id=\"gspb_text-id-gsbp-3465e0e\" class=\"gspb_text gspb_text-id-gsbp-3465e0e\"><strong>Condiciones del consentimiento:<\/strong> Tratamos sus datos despu\u00e9s de que usted haya dado su consentimiento. Tiene derecho a retirar su consentimiento en cualquier momento.<br><br><strong>Derecho de acceso:<\/strong> Tiene derecho a que le confirmemos si estamos tratando sus datos.<br><br><strong>Derecho de rectificaci\u00f3n:<\/strong> Tiene derecho a obtener de nosotros, sin demora indebida, la correcci\u00f3n de los datos personales inexactos que le conciernan.<br><br><strong>Derecho de supresi\u00f3n:<\/strong> Usted tiene derecho a pedirnos que suprimamos los datos personales que le conciernen y nosotros tenemos la obligaci\u00f3n de suprimirlos sin dilaci\u00f3n indebida.<br><br><strong>Derecho a restringir el tratamiento:<\/strong> Tiene derecho a pedirnos que limitemos el tratamiento de sus datos.<br><br><strong>Derecho a la portabilidad de los datos:<\/strong> Usted tiene derecho a recibir de nosotros los datos personales que nos haya facilitado en un formato estructurado, de uso com\u00fan y lectura mec\u00e1nica, y tiene derecho a transferir estos datos a otro responsable del tratamiento.<\/div>\n\n\n\n<h2 id=\"gspb_heading-id-gsbp-47571d4\" class=\"gspb_heading gspb_heading-id-gsbp-47571d4\">Utilizaci\u00f3n de datos<\/h2>\n\n\n\n<div id=\"gspb_text-id-gsbp-29e3627\" class=\"gspb_text gspb_text-id-gsbp-29e3627\">El sitio web mo-mo.gr utiliza los datos recogidos para diversos fines, tales como: proporcionar y mantener el sitio web, notificarle las actualizaciones del sitio web, permitirle participar en las funciones interactivas de nuestro sitio web cuando usted lo elija (formularios de contacto, etc.), proporcionar asistencia al cliente, analizar la informaci\u00f3n para que podamos mejorar el sitio web.<br>- Supervisi\u00f3n del uso del sitio web.<br>- Identificar, prevenir y resolver problemas t\u00e9cnicos.<\/div>\n\n\n\n<h2 id=\"gspb_heading-id-gsbp-0b31d18\" class=\"gspb_heading gspb_heading-id-gsbp-0b31d18\">Transferencia de datos<\/h2>\n\n\n\n<div id=\"gspb_text-id-gsbp-cafe457\" class=\"gspb_text gspb_text-id-gsbp-cafe457\">No transferimos sus datos personales a terceros. Su informaci\u00f3n, incluidos los Datos Personales, puede transferirse a -y mantenerse en- ordenadores ubicados fuera de su estado, provincia, pa\u00eds u otra jurisdicci\u00f3n gubernamental, donde las leyes de protecci\u00f3n de datos pueden diferir de las de su jurisdicci\u00f3n.<br>El sitio web mo-mo.gr tomar\u00e1 todas las medidas necesarias para garantizar que sus datos sean tratados de forma segura y de acuerdo con esta Pol\u00edtica de Privacidad y no transferir\u00e1 sus Datos Personales a una organizaci\u00f3n o pa\u00eds a menos que existan controles adecuados, incluyendo la seguridad de los datos y otra informaci\u00f3n personal.<br>- Supervisi\u00f3n del uso del sitio web.<br>- Identificar, prevenir y resolver problemas t\u00e9cnicos.<\/div>\n\n\n\n<h2 id=\"gspb_heading-id-gsbp-2a59555\" class=\"gspb_heading gspb_heading-id-gsbp-2a59555\">Seguimiento de las visitas al sitio web<\/h2>\n\n\n\n<div id=\"gspb_text-id-gsbp-1a411b9\" class=\"gspb_text gspb_text-id-gsbp-1a411b9\">Como la mayor\u00eda de los sitios web, nuestro sitio web utiliza Google Analytics (GA) para realizar un seguimiento de la interacci\u00f3n de los usuarios.<br>Utilizamos estos datos para determinar el n\u00famero de personas que utilizan nuestro sitio web, para comprender mejor c\u00f3mo encuentran y utilizan nuestros sitios web y para ver su recorrido por el sitio web.<br>Aunque GA registra datos como su ubicaci\u00f3n geogr\u00e1fica, dispositivo, navegador de Internet y sistema operativo, ninguna de esta informaci\u00f3n le identifica personalmente.<br>GA tambi\u00e9n registra la direcci\u00f3n IP de su ordenador, que podr\u00eda utilizarse para identificarle personalmente, pero Google no nos da acceso a ella.<br>Consideramos que Google es un procesador de datos de terceros.<br>GA utiliza cookies, cuyos detalles se pueden encontrar en las gu\u00edas para desarrolladores de Google. Nuestro sitio web utiliza la aplicaci\u00f3n analytics.js de GA.<br>Si desactiva las cookies en su navegador de Internet, GA no podr\u00e1 rastrear ninguna parte de su visita a las p\u00e1ginas de este sitio web.<br>El sitio web mo-mo.gr tomar\u00e1 todas las medidas necesarias para garantizar que sus datos sean tratados de forma segura y de acuerdo con esta Pol\u00edtica de Privacidad y no transferir\u00e1 sus Datos Personales a una organizaci\u00f3n o pa\u00eds a menos que existan controles adecuados, incluyendo la seguridad de los datos y otra informaci\u00f3n personal.<br>- Supervisi\u00f3n del uso del sitio web.<br>- Identificar, prevenir y resolver problemas t\u00e9cnicos.<\/div>\n\n\n\n<h2 id=\"gspb_heading-id-gsbp-c05367d\" class=\"gspb_heading gspb_heading-id-gsbp-c05367d\">C\u00f3mo almacenamos su informaci\u00f3n personal<\/h2>\n\n\n\n<div id=\"gspb_text-id-gsbp-13a39f8\" class=\"gspb_text gspb_text-id-gsbp-13a39f8\">Para su navegaci\u00f3n por el sitio web de nuestra empresa, sus datos personales s\u00f3lo son necesarios si desea ponerse en contacto con nosotros a trav\u00e9s del formulario de contacto mediante el que nos facilita sus datos de contacto o como cliente de nuestra tienda en l\u00ednea.<\/div>\n\n\n\n<h2 id=\"gspb_heading-id-gsbp-c078134\" class=\"gspb_heading gspb_heading-id-gsbp-c078134\">Tienda electr\u00f3nica<\/h2>\n\n\n\n<div id=\"gspb_text-id-gsbp-32243e1\" class=\"gspb_text gspb_text-id-gsbp-32243e1\">La informaci\u00f3n personal sobre sus pedidos se almacena de la siguiente manera:<br>- Retenci\u00f3n de cuentas inactivas \/ 1 a\u00f1o.<br>- Retenci\u00f3n de pedidos pendientes \/ 2 semanas.<br>- Retenci\u00f3n de pedidos incorrectos \/ 2 semanas.<br>- Retenci\u00f3n de pedidos anulados \/ 1 semana.<br>- Mant\u00e9ngalo para tener un historial de sus pedidos en la p\u00e1gina Cuenta.<\/div>\n\n\n\n<h2 id=\"gspb_heading-id-gsbp-e216c01\" class=\"gspb_heading gspb_heading-id-gsbp-e216c01\">Filtraciones de datos<\/h2>\n\n\n\n<div id=\"gspb_text-id-gsbp-7f1304c\" class=\"gspb_text gspb_text-id-gsbp-7f1304c\">Informaremos de cualquier violaci\u00f3n ilegal de la base de datos de este sitio web o de la base de datos de cualquier procesador de datos de terceros a todas y cada una de las personas y autoridades pertinentes en un plazo de 72 horas a partir de la violaci\u00f3n si es evidente que se han robado datos personales almacenados de forma identificable.<\/div>\n\n\n\n<h2 id=\"gspb_heading-id-gsbp-7047a8a\" class=\"gspb_heading gspb_heading-id-gsbp-7047a8a\">Cambios en nuestra pol\u00edtica de privacidad<\/h2>\n\n\n\n<div id=\"gspb_text-id-gsbp-1b93554\" class=\"gspb_text gspb_text-id-gsbp-1b93554\">La pol\u00edtica de privacidad puede cambiar de vez en cuando en funci\u00f3n de la legislaci\u00f3n o la evoluci\u00f3n del sector.<br>No informaremos expl\u00edcitamente de estos cambios a nuestros clientes o usuarios del sitio web.<br>En su lugar, le recomendamos que consulte esta p\u00e1gina de vez en cuando para comprobar si se han producido cambios en la pol\u00edtica.<\/div>","protected":false},"excerpt":{"rendered":"","protected":false},"author":187,"featured_media":0,"parent":0,"menu_order":0,"comment_status":"closed","ping_status":"closed","template":"","meta":{"_gspb_post_css":"","footnotes":""},"class_list":["post-9457","page","type-page","status-publish","hentry"],"blocksy_meta":[],"_links":{"self":[{"href":"https:\/\/mo-mo.gr\/es\/wp-json\/wp\/v2\/pages\/9457","targetHints":{"allow":["GET"]}}],"collection":[{"href":"https:\/\/mo-mo.gr\/es\/wp-json\/wp\/v2\/pages"}],"about":[{"href":"https:\/\/mo-mo.gr\/es\/wp-json\/wp\/v2\/types\/page"}],"author":[{"embeddable":true,"href":"https:\/\/mo-mo.gr\/es\/wp-json\/wp\/v2\/users\/187"}],"replies":[{"embeddable":true,"href":"https:\/\/mo-mo.gr\/es\/wp-json\/wp\/v2\/comments?post=9457"}],"version-history":[{"count":0,"href":"https:\/\/mo-mo.gr\/es\/wp-json\/wp\/v2\/pages\/9457\/revisions"}],"wp:attachment":[{"href":"https:\/\/mo-mo.gr\/es\/wp-json\/wp\/v2\/media?parent=9457"}],"curies":[{"name":"wp","href":"https:\/\/api.w.org\/{rel}","templated":true}]}}