{"id":9451,"date":"2024-12-12T11:37:23","date_gmt":"2024-12-12T11:37:23","guid":{"rendered":"https:\/\/mo-mo.gr\/?page_id=9451"},"modified":"2024-12-12T11:46:32","modified_gmt":"2024-12-12T11:46:32","slug":"%cf%8c%cf%81%ce%bf%ce%b9-%cf%87%cf%81%ce%ae%cf%83%ce%b7%cf%82","status":"publish","type":"page","link":"https:\/\/mo-mo.gr\/es\/%cf%8c%cf%81%ce%bf%ce%b9-%cf%87%cf%81%ce%ae%cf%83%ce%b7%cf%82\/","title":{"rendered":"Condiciones de uso"},"content":{"rendered":"<div id=\"gspb_text-id-gsbp-ae82458\" class=\"gspb_text gspb_text-id-gsbp-ae82458\">Bienvenido a mo-mo.gr, que ofrece ropa hecha a mano.<\/div>\n\n\n\n<div id=\"gspb_text-id-gsbp-59edf96\" class=\"gspb_text gspb_text-id-gsbp-59edf96\">El acceso y uso del sitio web y de los servicios disponibles a trav\u00e9s del mismo (en adelante, los \"Servicios\") est\u00e1n sujetos a los siguientes t\u00e9rminos y condiciones (en adelante, las \"Condiciones de Uso\"). El uso de los Servicios implica la aceptaci\u00f3n incondicional de las Condiciones de Uso, seg\u00fan sean aplicables en cada momento. La empresa se reserva el derecho de modificar las Condiciones de Uso a su discreci\u00f3n y sin previo aviso. Se recomienda a los usuarios que consulten esta p\u00e1gina de vez en cuando para estar informados de cualquier modificaci\u00f3n de las Condiciones de Uso.<br><br>La empresa hace todo lo posible para garantizar que el contenido de mo-mo.gr incluya informaci\u00f3n completa, precisa, clara, v\u00e1lida, informativa, oportuna, veraz y no enga\u00f1osa. En ning\u00fan caso se responsabiliza, obliga o garantiza en relaci\u00f3n con la seguridad y protecci\u00f3n de los contenidos. Por lo tanto, los usuarios de mo-mo.gr aceptan la posibilidad de que la empresa no pueda controlar todos sus contenidos y servicios.<br><br>El acceso y uso del sitio web y de los servicios disponibles a trav\u00e9s del mismo (en adelante, los \"Servicios\") est\u00e1n sujetos a los siguientes t\u00e9rminos y condiciones (en adelante, las \"Condiciones de Uso\"). El uso de los Servicios implica la aceptaci\u00f3n incondicional de las Condiciones de Uso, seg\u00fan sean aplicables en cada momento. La empresa se reserva el derecho de modificar las Condiciones de Uso a su discreci\u00f3n y sin previo aviso. Se recomienda a los usuarios que consulten esta p\u00e1gina de vez en cuando para estar informados de cualquier modificaci\u00f3n de las Condiciones de Uso.<br><br>La empresa hace todo lo posible para garantizar que el contenido de mo-mo.gr incluya informaci\u00f3n completa, precisa, clara, v\u00e1lida, informativa, oportuna, veraz y no enga\u00f1osa. En ning\u00fan caso se responsabiliza, obliga o garantiza en relaci\u00f3n con la seguridad y protecci\u00f3n de los contenidos. Por lo tanto, los usuarios de mo-mo.gr aceptan la posibilidad de que la empresa no pueda controlar todos sus contenidos y servicios.<br>El uso de mo-mo.gr por parte de cada usuario es por su cuenta y riesgo, y su contenido no constituye ni puede interpretarse en modo alguno como un asesoramiento o una incitaci\u00f3n directa o indirecta a los usuarios a realizar cualquier acci\u00f3n o actuaci\u00f3n. La evaluaci\u00f3n del contenido es responsabilidad de cada usuario, que asume la responsabilidad del uso de cualquier parte del contenido.<\/div>\n\n\n\n<h2 id=\"gspb_heading-id-gsbp-37be37a\" class=\"gspb_heading gspb_heading-id-gsbp-37be37a\">Protecci\u00f3n de datos personales<\/h2>\n\n\n\n<div id=\"gspb_text-id-gsbp-f8e9a7d\" class=\"gspb_text gspb_text-id-gsbp-f8e9a7d\">La informaci\u00f3n o los datos personales que nos facilite est\u00e1n sujetos a tratamiento conforme a las Pol\u00edticas de Protecci\u00f3n de Datos. Al utilizar este sitio web, usted da su consentimiento al tratamiento de dicha informaci\u00f3n y datos y declara que toda la informaci\u00f3n y los datos que nos facilita son verdaderos y exactos.<\/div>\n\n\n\n<h2 id=\"gspb_heading-id-gsbp-d1b9d97\" class=\"gspb_heading gspb_heading-id-gsbp-d1b9d97\">Navegaci\u00f3n y uso del sitio web<\/h2>\n\n\n\n<div id=\"gspb_text-id-gsbp-77e48da\" class=\"gspb_text gspb_text-id-gsbp-77e48da\">Los usuarios son los \u00fanicos responsables de la posesi\u00f3n y mantenimiento de las conexiones telef\u00f3nicas, ordenadores y equipos en general necesarios para el uso de los servicios en mo-mo.gr.<br><br>La informaci\u00f3n o los datos personales que nos facilite est\u00e1n sujetos a tratamiento conforme a las Pol\u00edticas de Protecci\u00f3n de Datos. Al utilizar este sitio web, usted da su consentimiento al tratamiento de dicha informaci\u00f3n y datos y declara que toda la informaci\u00f3n y los datos que nos facilita son verdaderos y exactos.<br><br>- Utilizar el sitio web \u00fanicamente para obtener informaci\u00f3n sobre nuestros Servicios y formular preguntas leg\u00edtimas.<br>- No haga preguntas falsas o fraudulentas. Si creemos razonablemente que un formulario se ha rellenado con informaci\u00f3n falsa o fraudulenta, tenemos derecho a informar a las autoridades competentes.<br>- Facilitarnos su direcci\u00f3n de correo electr\u00f3nico, direcci\u00f3n postal y\/u otros datos de contacto correctos y exactos.<br>- Tambi\u00e9n acepta que utilicemos esta informaci\u00f3n para ponernos en contacto con usted en caso de que sea necesario. Si no nos facilita toda la informaci\u00f3n que necesitamos, no podremos ponernos en contacto con usted.<\/div>\n\n\n\n<h2 id=\"gspb_heading-id-gsbp-f992823\" class=\"gspb_heading gspb_heading-id-gsbp-f992823\">Derechos de propiedad intelectual e industrial<\/h2>\n\n\n\n<div id=\"gspb_text-id-gsbp-9e2fb32\" class=\"gspb_text gspb_text-id-gsbp-9e2fb32\">La propiedad intelectual se adquiere sin formulaci\u00f3n alguna y sin necesidad de cl\u00e1usula que proh\u00edba su infracci\u00f3n. mo-mo.gr y su contenido (que incluye todas las marcas, rasgos distintivos, patentes, nombres, textos, im\u00e1genes, gr\u00e1ficos, dibujos, fotograf\u00edas, programas, material informativo de cualquier forma, datos, software) es propiedad intelectual e industrial de la empresa y est\u00e1 protegido por las disposiciones pertinentes de la legislaci\u00f3n griega, comunitaria e internacional.<br><br>Cabe se\u00f1alar que, de conformidad con la Ley 2121\/1993 (modificada y vigente en la actualidad), el Convenio Internacional de Berna (ratificado por la Ley 100\/1975) y las disposiciones pertinentes sobre la protecci\u00f3n de la propiedad intelectual en Internet, se proh\u00edbe expresamente cualquier forma de copia, modificaci\u00f3n, interferencia, transferencia, distribuci\u00f3n, reventa, arrendamiento, nueva publicaci\u00f3n, reproducci\u00f3n, retransmisi\u00f3n en forma electr\u00f3nica o mec\u00e1nica, almacenamiento, impresi\u00f3n, creaci\u00f3n de obras derivadas, descarga por cualquier persona o enga\u00f1o al p\u00fablico sobre el verdadero portador del contenido.<br><br>El contenido de mo-mo.gr no constituye y en ning\u00fan caso debe interpretarse como una concesi\u00f3n de permiso o derecho expreso o impl\u00edcito para utilizar cualquier Marca que aparezca en el mismo sin el permiso por escrito de la Empresa o de terceros que puedan ser propietarios de las Marcas que aparezcan en el mismo. Las marcas, logotipos, signos distintivos que aparecen en mo-mo.gr y las representaciones de personas o lugares o cosas que forman parte de su contenido son propiedad de la Empresa o de terceros. Su uso est\u00e1 estrictamente prohibido sin el permiso previo por escrito de la Empresa, salvo que se disponga lo contrario en las condiciones de uso aplicables.<br><br>Los productos, servicios, marcas, nombres comerciales o signos distintivos de terceros que aparecen en mo-mo.gr son propiedad intelectual e industrial de terceros, quienes tambi\u00e9n son responsables de los mismos.<br><br>La informaci\u00f3n enviada a la empresa a trav\u00e9s de mo-mo.gr se considera informaci\u00f3n no confidencial y no constituye un activo del usuario en cuesti\u00f3n. Es propiedad de la empresa, en la medida de lo posible, todo lo que se transfiera, retransmita o env\u00ede a trav\u00e9s de mo-mo.gr. La empresa puede recopilar informaci\u00f3n limitada para sus actividades comerciales.<\/div>\n\n\n\n<h2 id=\"gspb_heading-id-gsbp-0af6544\" class=\"gspb_heading gspb_heading-id-gsbp-0af6544\">Responsabilidad de la empresa<\/h2>\n\n\n\n<div id=\"gspb_text-id-gsbp-e0f2292\" class=\"gspb_text gspb_text-id-gsbp-e0f2292\">Dada la naturaleza internacionalizada de Internet y su volumen, cualquier da\u00f1o directo, consecuencial, incidental, indirecto o consecuente derivado del acceso de cualquier usuario a mo-mo.gr o de su uso, incluido el caso de negligencia, no dar\u00e1 lugar a responsabilidad de la empresa ni de sus directivos. Se aconseja a los usuarios que utilicen software para protegerse de virus inform\u00e1ticos y otros tipos de malware.<br><br>La empresa no se hace responsable de los da\u00f1os y gastos derivados del uso de mo-mo.gr o de la imposibilidad de usarlo, por parte de cualquier persona, o en relaci\u00f3n con la imposibilidad de realizarlo, error, omisi\u00f3n, interrupci\u00f3n, defecto, retraso en el funcionamiento o transmisi\u00f3n o fallo de la l\u00ednea del sistema. En el caso de que se produzcan da\u00f1os o se infecte por virus electr\u00f3nicos el ordenador u otro medio electr\u00f3nico utilizado por un usuario para acceder\/visitar\/utilizar o descargar cualquier material, dato, texto, imagen, v\u00eddeo o audio de su contenido, la Empresa no ser\u00e1 responsable en modo alguno.<br><br>Los servicios disponibles a trav\u00e9s del sitio web se proporcionan a los usuarios de la tienda electr\u00f3nica \"tal cual\". La empresa no garantiza que el contenido de mo-mo.gr y la calidad de los servicios prestados satisfagan los requisitos y expectativas de los usuarios. La empresa no se hace responsable de ninguna reclamaci\u00f3n legal, civil o penal relacionada con el funcionamiento o el uso de mo-mo.gr, ni de ning\u00fan da\u00f1o, de cualquier tipo, causado tanto por los visitantes del sitio web como por terceros.<br><br>La empresa no se hace responsable ni asume ning\u00fan tipo de obligaci\u00f3n de indemnizaci\u00f3n por cualquier reclamaci\u00f3n relacionada con el contenido de mo-mo.gr, ni por cualquier error, calumnia simple o difamaci\u00f3n, injuria, insulto, omisi\u00f3n, mentira, blasfemia, pornograf\u00eda, peligro o inexactitud que se encuentre en su contenido.<\/div>\n\n\n\n<h2 id=\"gspb_heading-id-gsbp-1f3399a\" class=\"gspb_heading gspb_heading-id-gsbp-1f3399a\">Legislaci\u00f3n aplicable y otras condiciones<\/h2>\n\n\n\n<div id=\"gspb_text-id-gsbp-bd3e3ed\" class=\"gspb_text gspb_text-id-gsbp-bd3e3ed\">Estos t\u00e9rminos y condiciones y cualquier modificaci\u00f3n de los mismos se regir\u00e1n e interpretar\u00e1n de acuerdo con la legislaci\u00f3n griega. Para cualquier litigio derivado del uso de mo-mo.gr, ser\u00e1n competentes los tribunales de Tesal\u00f3nica.<\/div>","protected":false},"excerpt":{"rendered":"","protected":false},"author":187,"featured_media":0,"parent":0,"menu_order":0,"comment_status":"closed","ping_status":"closed","template":"","meta":{"_gspb_post_css":"","footnotes":""},"class_list":["post-9451","page","type-page","status-publish","hentry"],"blocksy_meta":[],"_links":{"self":[{"href":"https:\/\/mo-mo.gr\/es\/wp-json\/wp\/v2\/pages\/9451","targetHints":{"allow":["GET"]}}],"collection":[{"href":"https:\/\/mo-mo.gr\/es\/wp-json\/wp\/v2\/pages"}],"about":[{"href":"https:\/\/mo-mo.gr\/es\/wp-json\/wp\/v2\/types\/page"}],"author":[{"embeddable":true,"href":"https:\/\/mo-mo.gr\/es\/wp-json\/wp\/v2\/users\/187"}],"replies":[{"embeddable":true,"href":"https:\/\/mo-mo.gr\/es\/wp-json\/wp\/v2\/comments?post=9451"}],"version-history":[{"count":0,"href":"https:\/\/mo-mo.gr\/es\/wp-json\/wp\/v2\/pages\/9451\/revisions"}],"wp:attachment":[{"href":"https:\/\/mo-mo.gr\/es\/wp-json\/wp\/v2\/media?parent=9451"}],"curies":[{"name":"wp","href":"https:\/\/api.w.org\/{rel}","templated":true}]}}