{"id":12959,"date":"2025-01-14T12:23:58","date_gmt":"2025-01-14T10:23:58","guid":{"rendered":"https:\/\/mo-mo.gr\/?post_type=product&#038;p=12959"},"modified":"2025-03-05T11:22:13","modified_gmt":"2025-03-05T09:22:13","slug":"akita-no-kizuma-tragetasche","status":"publish","type":"product","link":"https:\/\/mo-mo.gr\/de\/\u03c0\u03c1\u03bf\u03ca\u03cc\u03bd\u03c4\u03b1\/akita-no-kizuma-tote-bag\/","title":{"rendered":"Akita No Kizuma Tragetasche"},"content":{"rendered":"<p>Mit Abmessungen <strong>44 cm hoch, 36 cm breit und 8 cm tief<\/strong>, \u03b7 <strong>Akita no Kizuna<\/strong> bietet viel Platz f\u00fcr Ihre allt\u00e4glichen Dinge. Ob Sie ihn zum Einkaufen, f\u00fcr die Arbeit oder f\u00fcr einen Spaziergang nutzen, er ist ger\u00e4umig genug, um alle Ihre Bed\u00fcrfnisse zu erf\u00fcllen.<\/p>\n<h3><strong>Praktikabilit\u00e4t und Details<\/strong><\/h3>\n<ul>\n<li><strong>Innentasche mit Rei\u00dfverschluss:<\/strong> Ideal f\u00fcr die Aufbewahrung von kleinen Gegenst\u00e4nden wie Schl\u00fcsseln, Brieftasche oder Mobiltelefon, um schnellen Zugriff und Ordnung zu gew\u00e4hrleisten.<\/li>\n<li><strong>Rei\u00dfverschluss:<\/strong> Die Tasche wird mit einem stabilen Rei\u00dfverschluss geschlossen und bietet so maximale Sicherheit f\u00fcr Ihre Gegenst\u00e4nde.<\/li>\n<li><strong>Langlebigkeit:<\/strong> Die Konstruktion der Tasche ist f\u00fcr den allt\u00e4glichen Gebrauch konzipiert, wobei sie ihre Funktionalit\u00e4t und Eleganz beibeh\u00e4lt.<\/li>\n<\/ul>\n<p>Der Name \"Akita no Kizuna\" bedeutet \"Akita's Bond\" und ist der einzigartigen Verbindung zwischen Akita-Hunden und Menschen gewidmet, die Loyalit\u00e4t, Hingabe und Harmonie symbolisiert. Die geometrischen Muster spiegeln die zeitgen\u00f6ssische japanische Kultur wider, w\u00e4hrend die Verwendung von traditionellen Stoffen die Vergangenheit mit der Gegenwart verbindet.<\/p>","protected":false},"excerpt":{"rendered":"<p>Die Tasche aus hochwertigem gestepptem Canvas mit Baumwollstoff aus Kyoto strahlt ein Gef\u00fchl von Luxus und Tradition aus. Das Design zeigt kr\u00e4ftige rote geometrische Formen, die sich harmonisch mit den Akita-Hunden verbinden und ein einzigartiges visuelles Erlebnis schaffen. Die Steppung bietet Textur und Tiefe und erh\u00f6ht die Haltbarkeit der Tasche.<\/p>\n<p>Die Akita no Kizuna Tote Bag ist mehr als nur eine Tasche - sie ist ein Kunstwerk, das japanische Tradition mit moderner \u00c4sthetik verbindet. Inspiriert von den edlen und treuen Akita-Hunden, aber mit der Intensit\u00e4t geometrischer Muster, verleiht diese Tasche jedem Look Eleganz und Einzigartigkeit.\u03c9<\/p>","protected":false},"featured_media":12961,"comment_status":"open","ping_status":"closed","template":"","meta":{"_gspb_post_css":""},"product_brand":[],"product_cat":[76,123],"product_tag":[],"class_list":{"0":"post-12959","1":"product","2":"type-product","3":"status-publish","4":"has-post-thumbnail","6":"product_cat-totes","7":"product_cat-123","8":"pa_-128","9":"pa_-129","11":"first","12":"instock","13":"taxable","14":"shipping-taxable","15":"purchasable","16":"product-type-simple"},"_links":{"self":[{"href":"https:\/\/mo-mo.gr\/de\/wp-json\/wp\/v2\/product\/12959","targetHints":{"allow":["GET"]}}],"collection":[{"href":"https:\/\/mo-mo.gr\/de\/wp-json\/wp\/v2\/product"}],"about":[{"href":"https:\/\/mo-mo.gr\/de\/wp-json\/wp\/v2\/types\/product"}],"replies":[{"embeddable":true,"href":"https:\/\/mo-mo.gr\/de\/wp-json\/wp\/v2\/comments?post=12959"}],"wp:featuredmedia":[{"embeddable":true,"href":"https:\/\/mo-mo.gr\/de\/wp-json\/wp\/v2\/media\/12961"}],"wp:attachment":[{"href":"https:\/\/mo-mo.gr\/de\/wp-json\/wp\/v2\/media?parent=12959"}],"wp:term":[{"taxonomy":"product_brand","embeddable":true,"href":"https:\/\/mo-mo.gr\/de\/wp-json\/wp\/v2\/product_brand?post=12959"},{"taxonomy":"product_cat","embeddable":true,"href":"https:\/\/mo-mo.gr\/de\/wp-json\/wp\/v2\/product_cat?post=12959"},{"taxonomy":"product_tag","embeddable":true,"href":"https:\/\/mo-mo.gr\/de\/wp-json\/wp\/v2\/product_tag?post=12959"}],"curies":[{"name":"wp","href":"https:\/\/api.w.org\/{rel}","templated":true}]}}