{"id":10304,"date":"2024-03-01T08:49:27","date_gmt":"2024-03-01T08:49:27","guid":{"rendered":"https:\/\/mo-mo.gr\/product\/mizu-clutch\/"},"modified":"2024-12-12T14:43:47","modified_gmt":"2024-12-12T14:43:47","slug":"mizu-kupplung","status":"publish","type":"product","link":"https:\/\/mo-mo.gr\/de\/\u03c0\u03c1\u03bf\u03ca\u03cc\u03bd\u03c4\u03b1\/mizu-clutch\/","title":{"rendered":"MIZU CLUTCH"},"content":{"rendered":"","protected":false},"excerpt":{"rendered":"<p>Unterstreichen Sie Ihre Eleganz mit dieser einzigartigen Clutch-Bag. T\u00fcrkisfarbene Spitze wird mit einer bronzefarbenen Kette kombiniert und sorgt f\u00fcr einen glamour\u00f6sen Hingucker-Effekt. Perfekt f\u00fcr anspruchsvolle Looks, die einen unverwechselbaren Stil erfordern.<\/p>\n<p>Ma\u00dfe der Tasche 30*34 und H\u00f6he der Kette 60cm<\/p>","protected":false},"featured_media":11991,"comment_status":"open","ping_status":"open","template":"","meta":{"_gspb_post_css":""},"product_brand":[],"product_cat":[65],"product_tag":[],"class_list":{"0":"post-10304","1":"product","2":"type-product","3":"status-publish","4":"has-post-thumbnail","6":"product_cat-65","8":"first","9":"instock","10":"sale","11":"taxable","12":"shipping-taxable","13":"purchasable","14":"product-type-simple"},"_links":{"self":[{"href":"https:\/\/mo-mo.gr\/de\/wp-json\/wp\/v2\/product\/10304","targetHints":{"allow":["GET"]}}],"collection":[{"href":"https:\/\/mo-mo.gr\/de\/wp-json\/wp\/v2\/product"}],"about":[{"href":"https:\/\/mo-mo.gr\/de\/wp-json\/wp\/v2\/types\/product"}],"replies":[{"embeddable":true,"href":"https:\/\/mo-mo.gr\/de\/wp-json\/wp\/v2\/comments?post=10304"}],"wp:featuredmedia":[{"embeddable":true,"href":"https:\/\/mo-mo.gr\/de\/wp-json\/wp\/v2\/media\/11991"}],"wp:attachment":[{"href":"https:\/\/mo-mo.gr\/de\/wp-json\/wp\/v2\/media?parent=10304"}],"wp:term":[{"taxonomy":"product_brand","embeddable":true,"href":"https:\/\/mo-mo.gr\/de\/wp-json\/wp\/v2\/product_brand?post=10304"},{"taxonomy":"product_cat","embeddable":true,"href":"https:\/\/mo-mo.gr\/de\/wp-json\/wp\/v2\/product_cat?post=10304"},{"taxonomy":"product_tag","embeddable":true,"href":"https:\/\/mo-mo.gr\/de\/wp-json\/wp\/v2\/product_tag?post=10304"}],"curies":[{"name":"wp","href":"https:\/\/api.w.org\/{rel}","templated":true}]}}