{"id":9476,"date":"2024-12-12T12:19:47","date_gmt":"2024-12-12T12:19:47","guid":{"rendered":"https:\/\/mo-mo.gr\/?page_id=9476"},"modified":"2024-12-12T12:20:28","modified_gmt":"2024-12-12T12:20:28","slug":"%cf%80%ce%b1%cf%81%ce%b1%ce%b3%ce%b3%ce%b5%ce%bb%ce%af%ce%b5%cf%82-%ce%b1%cf%80%ce%bf%cf%83%cf%84%ce%bf%ce%bb%ce%ad%cf%82","status":"publish","type":"page","link":"https:\/\/mo-mo.gr\/de\/%cf%80%ce%b1%cf%81%ce%b1%ce%b3%ce%b3%ce%b5%ce%bb%ce%af%ce%b5%cf%82-%ce%b1%cf%80%ce%bf%cf%83%cf%84%ce%bf%ce%bb%ce%ad%cf%82\/","title":{"rendered":"Bestellungen und Sendungen"},"content":{"rendered":"<h2 id=\"gspb_heading-id-gsbp-0eef268\" class=\"gspb_heading gspb_heading-id-gsbp-0eef268\">Bestellungen<\/h2>\n\n\n\n<div id=\"gspb_text-id-gsbp-8efa61e\" class=\"gspb_text gspb_text-id-gsbp-8efa61e\">Bei mo mo bieten wir Ihnen ein aufregendes Bestell-Erlebnis und versuchen, alle Ihre Bed\u00fcrfnisse zu Ihrer vollsten Zufriedenheit zu erf\u00fcllen. Wir haben eine klare und transparente Politik entwickelt, um einen bequemen und zuverl\u00e4ssigen Bestellvorgang f\u00fcr Sie zu gew\u00e4hrleisten.<br>Unsere Politik umfasst die folgenden Elemente:<br><\/div>\n\n\n\n<div id=\"gspb_text-id-gsbp-0f65c6f\" class=\"gspb_text gspb_text-id-gsbp-0f65c6f\"><strong>Hochwertige Produkte:<\/strong> Alle unsere Kleidungsst\u00fccke werden aus sorgf\u00e4ltig ausgew\u00e4hlten Materialien hergestellt, wobei wir den Schwerpunkt auf hervorragende Qualit\u00e4t und Authentizit\u00e4t legen. Unser Engagement f\u00fcr hohe Qualit\u00e4t garantiert, dass Sie viele Jahre lang Freude an unseren Produkten haben werden.<br><strong>Vielfalt der Stile:<\/strong> Wir wissen, dass jeder Kunde einen eigenen Geschmack und eigene Vorlieben hat. Deshalb bieten wir eine gro\u00dfe Auswahl an Stilen, Designs und Farben, damit Sie genau das finden, was zu Ihnen passt und Ihren pers\u00f6nlichen Stil widerspiegelt.<br><strong>Einfacher Bestellvorgang:<\/strong> Unsere Website bietet einen einfachen und freundlichen Bestellvorgang. W\u00e4hlen Sie einfach die gew\u00fcnschten Kleidungsst\u00fccke aus, legen Sie sie in Ihren Warenkorb und schlie\u00dfen Sie Ihre Bestellung sicher und einfach ab. Bei Fragen oder Unklarheiten stehen wir Ihnen jederzeit per E-Mail oder Telefon zur Verf\u00fcgung.<br><strong>Schneller Versand und Lieferung:<\/strong> Wir verstehen Ihren Wunsch, Ihre Produkte so schnell wie m\u00f6glich zu erhalten. Deshalb sorgen wir daf\u00fcr, dass Ihre Bestellungen in k\u00fcrzester Zeit bearbeitet und versandt werden, damit sie so schnell wie m\u00f6glich bei Ihnen ankommen.<br><strong>Kundenservice:<\/strong> Kundenzufriedenheit ist unsere absolute Priorit\u00e4t. Wir sind immer da, um Ihnen zu helfen, alle Ihre Fragen zu beantworten und alle Probleme zu l\u00f6sen, die w\u00e4hrend der Bestellung oder nach der Lieferung auftreten.<\/div>\n\n\n\n<h2 id=\"gspb_heading-id-gsbp-d4b106a\" class=\"gspb_heading gspb_heading-id-gsbp-d4b106a\">Mitteilungen<\/h2>\n\n\n\n<div id=\"gspb_text-id-gsbp-04e78a9\" class=\"gspb_text gspb_text-id-gsbp-04e78a9\">Vielen Dank, dass Sie mo mo f\u00fcr Ihre Eink\u00e4ufe gew\u00e4hlt haben! Wir m\u00f6chten Sie \u00fcber unsere Versandpolitik und -verfahren informieren, um sicherzustellen, dass Sie einen reibungslosen und bequemen Einkauf haben.<br>Missionspolitik:<br><\/div>\n\n\n\n<h3 id=\"gspb_heading-id-gsbp-3e80893\" class=\"gspb_heading gspb_heading-id-gsbp-3e80893\">Missionspolitik<\/h3>\n\n\n\n<div id=\"gspb_text-id-gsbp-7f8c074\" class=\"gspb_text gspb_text-id-gsbp-7f8c074\"><strong>Versand in ganz Griechenland:<\/strong> Wir sind stolz darauf, den Versand in alle Regionen Griechenlands anbieten zu k\u00f6nnen. Ganz gleich, wo Sie sich befinden, Sie k\u00f6nnen Ihre japanische Lieblingskleidung durch die Lieferung an Ihre Haust\u00fcr genie\u00dfen.<br><strong>Mission in ganz Europa:<\/strong> Wir sind stolz darauf, den Versand in alle europ\u00e4ischen L\u00e4nder anbieten zu k\u00f6nnen. Ganz gleich, wo Sie sich befinden, Sie k\u00f6nnen Ihre japanische Lieblingskleidung durch die Lieferung zu Ihnen nach Hause genie\u00dfen.<br><strong>Preise f\u00fcr den Versand:<\/strong> Die Versandkosten werden auf der Grundlage des Bestimmungsortes und des Gewichts Ihrer Bestellung berechnet. W\u00e4hrend des Bestellvorgangs wird Ihnen der genaue Versandpreis angezeigt.<br><strong>Lieferfrist:<\/strong> Wir bem\u00fchen uns, Ihre Bestellung so schnell wie m\u00f6glich zu bearbeiten. Die voraussichtliche Lieferzeit h\u00e4ngt vom Bestimmungsort und den \u00f6rtlichen Transportdiensten ab. In der Regel betr\u00e4gt die Lieferzeit zwischen 5 und 10 Arbeitstagen.<\/div>\n\n\n\n<h3 id=\"gspb_heading-id-gsbp-4334d92\" class=\"gspb_heading gspb_heading-id-gsbp-4334d92\">Verfahren f\u00fcr den Versand<\/h3>\n\n\n\n<div id=\"gspb_text-id-gsbp-08a04d8\" class=\"gspb_text gspb_text-id-gsbp-08a04d8\"><strong>Bearbeitung der Bestellung:<\/strong> Nachdem Sie Ihre Bestellung abgeschlossen haben, wird unser Team Ihre Bestellung mit Sorgfalt und Liebe bearbeiten. Wir pr\u00fcfen Ihre Produkte auf Qualit\u00e4t und verpacken sie sorgf\u00e4ltig f\u00fcr einen sicheren Transport.<br><strong>Versendung und \u00dcberwachung:<\/strong> Sobald Ihre Bestellung versandt wurde, erhalten Sie eine Sendungsverfolgungsnummer, mit der Sie den Weg Ihrer Bestellung bis zu ihrem Bestimmungsort verfolgen k\u00f6nnen. Sie k\u00f6nnen diese Nummer verwenden, um die voraussichtliche Ankunft zu \u00fcberpr\u00fcfen.<br><strong>Lieferung:<\/strong> Wenn Ihre Bestellung eintrifft, erhalten Sie Ihr Paket an Ihrer Haust\u00fcr. Wir empfehlen Ihnen, Ihre Produkte zu \u00fcberpr\u00fcfen, um sicherzustellen, dass sie in ausgezeichnetem Zustand sind und Ihren Erwartungen entsprechen.<br><\/div>\n\n\n\n<div id=\"gspb_text-id-gsbp-e818523\" class=\"gspb_text gspb_text-id-gsbp-e818523\">Wenn Sie Fragen haben oder Hilfe ben\u00f6tigen, z\u00f6gern Sie bitte nicht, unseren Kundendienst zu kontaktieren. Wir sind hier, um Ihnen zu helfen und sicherzustellen, dass Ihre Sendung erfolgreich ist und Sie Ihre Produkte mit Komfort und Freude erhalten.<br>Wir danken Ihnen f\u00fcr Ihr Vertrauen in mo mo!<\/div>","protected":false},"excerpt":{"rendered":"","protected":false},"author":187,"featured_media":0,"parent":0,"menu_order":0,"comment_status":"closed","ping_status":"closed","template":"","meta":{"_gspb_post_css":"","footnotes":""},"class_list":["post-9476","page","type-page","status-publish","hentry"],"blocksy_meta":[],"_links":{"self":[{"href":"https:\/\/mo-mo.gr\/de\/wp-json\/wp\/v2\/pages\/9476","targetHints":{"allow":["GET"]}}],"collection":[{"href":"https:\/\/mo-mo.gr\/de\/wp-json\/wp\/v2\/pages"}],"about":[{"href":"https:\/\/mo-mo.gr\/de\/wp-json\/wp\/v2\/types\/page"}],"author":[{"embeddable":true,"href":"https:\/\/mo-mo.gr\/de\/wp-json\/wp\/v2\/users\/187"}],"replies":[{"embeddable":true,"href":"https:\/\/mo-mo.gr\/de\/wp-json\/wp\/v2\/comments?post=9476"}],"version-history":[{"count":0,"href":"https:\/\/mo-mo.gr\/de\/wp-json\/wp\/v2\/pages\/9476\/revisions"}],"wp:attachment":[{"href":"https:\/\/mo-mo.gr\/de\/wp-json\/wp\/v2\/media?parent=9476"}],"curies":[{"name":"wp","href":"https:\/\/api.w.org\/{rel}","templated":true}]}}