{"id":9469,"date":"2024-12-12T12:05:27","date_gmt":"2024-12-12T12:05:27","guid":{"rendered":"https:\/\/mo-mo.gr\/?page_id=9469"},"modified":"2025-03-05T10:36:03","modified_gmt":"2025-03-05T08:36:03","slug":"%cf%84%cf%81%cf%8c%cf%80%ce%bf%ce%b9-%cf%80%ce%bb%ce%b7%cf%81%cf%89%ce%bc%ce%ae%cf%82","status":"publish","type":"page","link":"https:\/\/mo-mo.gr\/de\/%cf%84%cf%81%cf%8c%cf%80%ce%bf%ce%b9-%cf%80%ce%bb%ce%b7%cf%81%cf%89%ce%bc%ce%ae%cf%82\/","title":{"rendered":"Zahlungsarten"},"content":{"rendered":"<div id=\"gspb_text-id-gsbp-61d7f10\" class=\"gspb_text gspb_text-id-gsbp-61d7f10\">Bei MOMO KIDOHO decken wir alle Kundenbed\u00fcrfnisse ab und bieten viele Zahlungsm\u00f6glichkeiten mit Sicherheit und Zuverl\u00e4ssigkeit.<br>Vergewissern Sie sich, dass Sie die bequemste Zahlungsmethode f\u00fcr Ihren Einkauf w\u00e4hlen. Wir bieten Ihnen mehrere Zahlungsarten an, damit Sie bequem bezahlen k\u00f6nnen:<br><br>1. **<strong>Kredit-\/Debitkarte<\/strong>**: Wir akzeptieren Zahlungen mit Visa, Mastercard und American Express. Geben Sie einfach Ihre Kartendaten an der Kasse ein.<br><br>2. **<strong>Bank\u00fcberweisung<\/strong>**: Sie k\u00f6nnen per Bank\u00fcberweisung bezahlen. Sie erhalten die notwendigen Kontodaten nach Abschluss der Bestellung.<br><br>3. **<strong>Ersatz<\/strong>**: Sie k\u00f6nnen den H\u00e4ndler bei Lieferung Ihrer Bestellung bezahlen. (Hinweis: Auf Bestellung gefertigte Produkte sind auf diese Weise nicht eingeschlossen). Die Nachnahme wird gegen einen Aufpreis von 1,60 Euro zuz\u00fcglich Mehrwertsteuer angeboten.<br><br>4. **<strong>IRIS-System<\/strong>**: Nutzen Sie das IRIS-System f\u00fcr sichere und schnelle Zahlungen \u00fcber ein Bankkonto.<br>Wenn Sie Fragen oder Bedenken bez\u00fcglich der Zahlungsmodalit\u00e4ten haben, k\u00f6nnen Sie uns gerne kontaktieren. Wir sind hier, um Ihnen zu helfen!<br><\/div>\n\n\n\n<p>5. <strong>**PayPal**<\/strong>Sie k\u00f6nnen einfach und sicher bezahlen \u00fcber <strong>PayPal<\/strong>, ohne dass Sie Ihre Kartendaten eingeben m\u00fcssen. W\u00e4hlen Sie an der Kasse PayPal aus und Sie werden zur sicheren Zahlungsplattform von PayPal weitergeleitet.<\/p>","protected":false},"excerpt":{"rendered":"<p>5. **PayPal**: \u039c\u03c0\u03bf\u03c1\u03b5\u03af\u03c4\u03b5 \u03bd\u03b1 \u03c0\u03bb\u03b7\u03c1\u03ce\u03c3\u03b5\u03c4\u03b5 \u03b5\u03cd\u03ba\u03bf\u03bb\u03b1 \u03ba\u03b1\u03b9 \u03bc\u03b5 \u03b1\u03c3\u03c6\u03ac\u03bb\u03b5\u03b9\u03b1 \u03bc\u03ad\u03c3\u03c9 PayPal, \u03c7\u03c9\u03c1\u03af\u03c2 \u03bd\u03b1 \u03c7\u03c1\u03b5\u03b9\u03ac\u03b6\u03b5\u03c4\u03b1\u03b9 \u03bd\u03b1 \u03b5\u03b9\u03c3\u03ac\u03b3\u03b5\u03c4\u03b5 \u03c4\u03b1 \u03c3\u03c4\u03bf\u03b9\u03c7\u03b5\u03af\u03b1 \u03c4\u03b7\u03c2 \u03ba\u03ac\u03c1\u03c4\u03b1\u03c2 \u03c3\u03b1\u03c2. \u0395\u03c0\u03b9\u03bb\u03ad\u03be\u03c4\u03b5 \u03c4\u03bf PayPal \u03ba\u03b1\u03c4\u03ac \u03c4\u03b7\u03bd \u03bf\u03bb\u03bf\u03ba\u03bb\u03ae\u03c1\u03c9\u03c3\u03b7 \u03c4\u03b7\u03c2 \u03b1\u03b3\u03bf\u03c1\u03ac\u03c2 \u03ba\u03b1\u03b9 \u03b8\u03b1 \u03bc\u03b5\u03c4\u03b1\u03c6\u03b5\u03c1\u03b8\u03b5\u03af\u03c4\u03b5 \u03c3\u03c4\u03b7\u03bd \u03b1\u03c3\u03c6\u03b1\u03bb\u03ae \u03c0\u03bb\u03b1\u03c4\u03c6\u03cc\u03c1\u03bc\u03b1 \u03c0\u03bb\u03b7\u03c1\u03c9\u03bc\u03ce\u03bd \u03c4\u03bf\u03c5 PayPal.<\/p>","protected":false},"author":187,"featured_media":0,"parent":0,"menu_order":0,"comment_status":"closed","ping_status":"closed","template":"","meta":{"_gspb_post_css":"","footnotes":""},"class_list":["post-9469","page","type-page","status-publish","hentry"],"blocksy_meta":[],"_links":{"self":[{"href":"https:\/\/mo-mo.gr\/de\/wp-json\/wp\/v2\/pages\/9469","targetHints":{"allow":["GET"]}}],"collection":[{"href":"https:\/\/mo-mo.gr\/de\/wp-json\/wp\/v2\/pages"}],"about":[{"href":"https:\/\/mo-mo.gr\/de\/wp-json\/wp\/v2\/types\/page"}],"author":[{"embeddable":true,"href":"https:\/\/mo-mo.gr\/de\/wp-json\/wp\/v2\/users\/187"}],"replies":[{"embeddable":true,"href":"https:\/\/mo-mo.gr\/de\/wp-json\/wp\/v2\/comments?post=9469"}],"version-history":[{"count":0,"href":"https:\/\/mo-mo.gr\/de\/wp-json\/wp\/v2\/pages\/9469\/revisions"}],"wp:attachment":[{"href":"https:\/\/mo-mo.gr\/de\/wp-json\/wp\/v2\/media?parent=9469"}],"curies":[{"name":"wp","href":"https:\/\/api.w.org\/{rel}","templated":true}]}}