{"id":9465,"date":"2024-12-12T12:01:11","date_gmt":"2024-12-12T12:01:11","guid":{"rendered":"https:\/\/mo-mo.gr\/?page_id=9465"},"modified":"2024-12-12T12:04:19","modified_gmt":"2024-12-12T12:04:19","slug":"%cf%80%ce%bf%ce%bb%ce%b9%cf%84%ce%b9%ce%ba%ce%ae-%ce%b5%cf%80%ce%b9%cf%83%cf%84%cf%81%ce%bf%cf%86%cf%8e%ce%bd","status":"publish","type":"page","link":"https:\/\/mo-mo.gr\/de\/%cf%80%ce%bf%ce%bb%ce%b9%cf%84%ce%b9%ce%ba%ce%ae-%ce%b5%cf%80%ce%b9%cf%83%cf%84%cf%81%ce%bf%cf%86%cf%8e%ce%bd\/","title":{"rendered":"R\u00fcckgabepolitik"},"content":{"rendered":"<div id=\"gspb_text-id-gsbp-cb2249f\" class=\"gspb_text gspb_text-id-gsbp-cb2249f\">Vielen Dank, dass Sie mo mo f\u00fcr Ihre Eink\u00e4ufe gew\u00e4hlt haben! Wir verstehen, dass es F\u00e4lle geben kann, in denen die R\u00fcckgabe von Produkten notwendig ist, und wir m\u00f6chten Sie \u00fcber unsere R\u00fcckgabepolitik und -verfahren informieren.<\/div>\n\n\n\n<h2 id=\"gspb_heading-id-gsbp-8ecb560\" class=\"gspb_heading gspb_heading-id-gsbp-8ecb560\">R\u00fcckgabepolitik<\/h2>\n\n\n\n<div id=\"gspb_text-id-gsbp-14a4da8\" class=\"gspb_text gspb_text-id-gsbp-14a4da8\"><strong>Annahme der R\u00fcckgabe:<\/strong> Wir akzeptieren die R\u00fcckgabe von unerw\u00fcnschten oder defekten Produkten. Wir schlagen vor, dass Sie uns innerhalb von 14 Tagen nach Erhalt des Produkts kontaktieren, um eine R\u00fcckgabe zu beantragen.<br><strong>Produktstatus:<\/strong> Damit wir eine R\u00fccksendung akzeptieren k\u00f6nnen, muss sich das Produkt in einem neuen Zustand befinden, unbenutzt sein und alle Originaletiketten und -verpackungen enthalten.<br><strong>Entsch\u00e4digung oder Ersatz:<\/strong> Sie k\u00f6nnen zwischen einer R\u00fcckerstattung oder einem Ersatz f\u00fcr das zur\u00fcckgegebene Produkt w\u00e4hlen. Im Falle einer R\u00fccksendung aufgrund eines defekten Produkts erstatten wir Ihnen den vollen Betrag.<\/div>\n\n\n\n<h2 id=\"gspb_heading-id-gsbp-bfb5b3f\" class=\"gspb_heading gspb_heading-id-gsbp-bfb5b3f\">R\u00fcckgabeverfahren<\/h2>\n\n\n\n<div id=\"gspb_text-id-gsbp-bcb0895\" class=\"gspb_text gspb_text-id-gsbp-bcb0895\"><strong>Kontakt:<\/strong> Wenden Sie sich an unseren Kundendienst, um eine R\u00fcckerstattung zu beantragen. Wir werden Ihnen die notwendigen Anweisungen und die Adresse f\u00fcr den Versand des Produkts mitteilen.<br><strong>\u00dcberwachung und Bewertung:<\/strong> Sobald wir das zur\u00fcckgesendete Produkt erhalten haben, werden wir es \u00fcberpr\u00fcfen, um seinen Zustand zu best\u00e4tigen. Dies kann einige Arbeitstage dauern.<br><strong>Bearbeitung der R\u00fccksendung:<\/strong> Wenn die R\u00fcckgabebedingungen erf\u00fcllt sind, erstatten wir Ihnen das Geld zur\u00fcck oder ersetzen das Produkt, je nach Ihrer Wahl.<\/div>\n\n\n\n<div id=\"gspb_text-id-gsbp-57e2131\" class=\"gspb_text gspb_text-id-gsbp-57e2131\">F\u00fcr weitere Informationen oder Fragen wenden Sie sich bitte an unseren Kundenservice. Wir hoffen, dass Ihr Einkaufserlebnis einzigartig und zufriedenstellend sein wird.<br>Wir danken Ihnen f\u00fcr Ihr Vertrauen in mo mo!<\/div>\n\n\n\n<h2 id=\"gspb_heading-id-gsbp-3375ed8\" class=\"gspb_heading gspb_heading-id-gsbp-3375ed8\">\u00c4nderungen<\/h2>\n\n\n\n<div id=\"gspb_text-id-gsbp-acf24f3\" class=\"gspb_text gspb_text-id-gsbp-acf24f3\">Vielen Dank, dass Sie Produkte von mo mo kaufen! Wir verstehen, dass es manchmal notwendig ist, Produkte zu \u00e4ndern, und wir m\u00f6chten Sie \u00fcber unsere Richtlinien und Verfahren f\u00fcr \u00c4nderungen informieren.<\/div>\n\n\n\n<h2 id=\"gspb_heading-id-gsbp-2b2da6b\" class=\"gspb_heading gspb_heading-id-gsbp-2b2da6b\">Politik des Wandels<\/h2>\n\n\n\n<div id=\"gspb_text-id-gsbp-a670010\" class=\"gspb_text gspb_text-id-gsbp-a670010\"><strong>Akzeptanz von \u00c4nderungen:<\/strong> Wir akzeptieren Produkt\u00e4nderungen, vorausgesetzt, das Produkt ist in einwandfreiem Zustand und enth\u00e4lt alle Originaletiketten und -verpackungen.<br><strong>Zeitrahmen der \u00c4nderungen:<\/strong> Wir empfehlen Ihnen, sich innerhalb von 14 Tagen nach Erhalt des Produkts mit uns in Verbindung zu setzen, um einen Ersatz anzufordern. Dies h\u00e4ngt von der Verf\u00fcgbarkeit des Ersatzprodukts ab.<br><strong>Umtauschoptionen:<\/strong> W\u00e4hrend des Umtauschvorgangs k\u00f6nnen Sie zwischen den verf\u00fcgbaren Ersatzprodukten w\u00e4hlen. Im Falle der Nichtverf\u00fcgbarkeit k\u00f6nnen Sie ein anderes Produkt aus unserer Kollektion w\u00e4hlen oder erhalten einen entsprechenden Betrag als Gutschrift auf Ihr Konto.<\/div>\n\n\n\n<h2 id=\"gspb_heading-id-gsbp-08c5d3a\" class=\"gspb_heading gspb_heading-id-gsbp-08c5d3a\">Die Bedingungen der \u00c4nderungen<\/h2>\n\n\n\n<div id=\"gspb_text-id-gsbp-df56f26\" class=\"gspb_text gspb_text-id-gsbp-df56f26\">Das Produkt muss in neuem Zustand, unbenutzt und mit allen Originaletiketten und -verpackungen zur\u00fcckgegeben werden.<br>Der Kunde ist verantwortlich f\u00fcr die Versandkosten f\u00fcr die R\u00fccksendung des Produkts und den Versand des neuen Produkts (es sei denn, es liegt ein Defekt oder Fehler unsererseits vor).<br>Wenn der Preis des neuen Produkts h\u00f6her ist, sollte die Differenz ausgeglichen werden.<br>Wenn Sie eine Produkt\u00e4nderung w\u00fcnschen oder weitere Fragen haben, wenden Sie sich bitte an unser Kundenservice-Team. Wir hoffen, dass diese \u00c4nderungsrichtlinie Ihnen ein angenehmes Einkaufserlebnis bei mo mo erm\u00f6glicht!<\/div>","protected":false},"excerpt":{"rendered":"","protected":false},"author":187,"featured_media":0,"parent":0,"menu_order":0,"comment_status":"closed","ping_status":"closed","template":"","meta":{"_gspb_post_css":"","footnotes":""},"class_list":["post-9465","page","type-page","status-publish","hentry"],"blocksy_meta":[],"_links":{"self":[{"href":"https:\/\/mo-mo.gr\/de\/wp-json\/wp\/v2\/pages\/9465","targetHints":{"allow":["GET"]}}],"collection":[{"href":"https:\/\/mo-mo.gr\/de\/wp-json\/wp\/v2\/pages"}],"about":[{"href":"https:\/\/mo-mo.gr\/de\/wp-json\/wp\/v2\/types\/page"}],"author":[{"embeddable":true,"href":"https:\/\/mo-mo.gr\/de\/wp-json\/wp\/v2\/users\/187"}],"replies":[{"embeddable":true,"href":"https:\/\/mo-mo.gr\/de\/wp-json\/wp\/v2\/comments?post=9465"}],"version-history":[{"count":0,"href":"https:\/\/mo-mo.gr\/de\/wp-json\/wp\/v2\/pages\/9465\/revisions"}],"wp:attachment":[{"href":"https:\/\/mo-mo.gr\/de\/wp-json\/wp\/v2\/media?parent=9465"}],"curies":[{"name":"wp","href":"https:\/\/api.w.org\/{rel}","templated":true}]}}