{"id":9457,"date":"2024-12-12T11:52:48","date_gmt":"2024-12-12T11:52:48","guid":{"rendered":"https:\/\/mo-mo.gr\/?page_id=9457"},"modified":"2024-12-12T11:56:13","modified_gmt":"2024-12-12T11:56:13","slug":"%cf%80%ce%bf%ce%bb%ce%b9%cf%84%ce%b9%ce%ba%ce%ae-%ce%b1%cf%80%ce%bf%cf%81%cf%81%ce%ae%cf%84%ce%bf%cf%85","status":"publish","type":"page","link":"https:\/\/mo-mo.gr\/de\/%cf%80%ce%bf%ce%bb%ce%b9%cf%84%ce%b9%ce%ba%ce%ae-%ce%b1%cf%80%ce%bf%cf%81%cf%81%ce%ae%cf%84%ce%bf%cf%85\/","title":{"rendered":"Datenschutzbestimmungen"},"content":{"rendered":"<div id=\"gspb_text-id-gsbp-df510c7\" class=\"gspb_text gspb_text-id-gsbp-df510c7\">Bei mo-mo.gr sind wir verpflichtet, Ihre Privatsph\u00e4re zu respektieren und zu bewahren und sch\u00e4tzen das Vertrauen, das Sie uns entgegenbringen. Die \"Datenschutzrichtlinie\" und die \"Cookie-Richtlinie\" sollen sicherstellen, dass alle personenbezogenen Daten, die von mo-mo.gr (im Folgenden als \"Website\" bezeichnet) erhoben werden, von uns zum Zweck der Kommunikation zwischen uns und der Erbringung von Dienstleistungen gesch\u00fctzt, verwendet, gespeichert und verarbeitet werden, immer in \u00dcbereinstimmung mit den geltenden Rechtsvorschriften zum Schutz personenbezogener Daten (Verordnung (EU) 2016\/679).<\/div>\n\n\n\n<div id=\"gspb_text-id-gsbp-cdab9dc\" class=\"gspb_text gspb_text-id-gsbp-cdab9dc\">Sie sollten wissen, dass wir Ihre Daten direkt von Ihnen erheben:<br>- wenn Sie sich f\u00fcr unseren Newsletter anmelden.<br>- wenn Sie an Wettbewerben und Verlosungen teilnehmen.<br>- beim Ausf\u00fcllen der Angebotsanfrage oder des Kontaktformulars.<br>- wenn Sie personalisierte Updates wie z. B. gezielte Werbung erhalten m\u00f6chten.<br>- wenn Sie sich mit uns in Verbindung setzen (z. B. per Telefon, E-Mail oder auf anderem Wege), um sich \u00fcber unsere Produkte oder Dienstleistungen oder den Kundendienst zu erkundigen oder um ein Problem mit der Website oder etwas anderem zu melden.<\/div>\n\n\n\n<h2 id=\"gspb_heading-id-gsbp-2945a9b\" class=\"gspb_heading gspb_heading-id-gsbp-2945a9b\">Allgemein<\/h2>\n\n\n\n<div id=\"gspb_text-id-gsbp-fc883c9\" class=\"gspb_text gspb_text-id-gsbp-fc883c9\">Die Website mo-mo.gr (die \"Website\") informiert Sie \u00fcber die Grunds\u00e4tze der Sammlung, Verwendung und Weitergabe personenbezogener Daten, wenn Sie unsere Website nutzen, und \u00fcber die Wahlm\u00f6glichkeiten, die Sie im Zusammenhang mit diesen Daten haben.<br>Wir verwenden Ihre Daten, um Ihre Anfragen zu bearbeiten und unsere Website zu verbessern. Durch die Nutzung der Website erkl\u00e4ren Sie sich mit der Erfassung und Nutzung von Informationen gem\u00e4\u00df dieser Richtlinie einverstanden.<br>Die Website unseres Unternehmens ist so konzipiert, dass sie die folgenden nationalen und internationalen Rechtsvorschriften zum Datenschutz und zum Schutz der Privatsph\u00e4re der Nutzer erf\u00fcllt:<br>EU-Datenschutzrichtlinie 1995 (DPD)<br>EU-Datenschutzgrundverordnung 2018 (GDPR)<br>Die \u00dcbereinstimmung dieser Website mit den oben genannten Gesetzen bedeutet, dass diese Website mit den Gesetzen zum Datenschutz und zum Schutz der Privatsph\u00e4re der Nutzer \u00fcbereinstimmt, die in anderen L\u00e4ndern und Gebieten in Kraft gesetzt worden sind.<\/div>\n\n\n\n<h2 id=\"gspb_heading-id-gsbp-7b4b75b\" class=\"gspb_heading gspb_heading-id-gsbp-7b4b75b\">Erhebung und Nutzung von Informationen<\/h2>\n\n\n\n<div id=\"gspb_text-id-gsbp-031d952\" class=\"gspb_text gspb_text-id-gsbp-031d952\">Wir sammeln verschiedene Arten von Informationen f\u00fcr verschiedene Zwecke, um Ihnen unsere Website zur Verf\u00fcgung zu stellen und zu verbessern.<br>Wir erheben auch Bestelldaten nur f\u00fcr die Nutzung und Abwicklung der Lieferung der Bestellung.<\/div>\n\n\n\n<h2 id=\"gspb_heading-id-gsbp-e3b8807\" class=\"gspb_heading gspb_heading-id-gsbp-e3b8807\">Arten der erhobenen Daten - Personenbezogene Daten<\/h2>\n\n\n\n<div id=\"gspb_text-id-gsbp-16d275a\" class=\"gspb_text gspb_text-id-gsbp-16d275a\">Bei der Nutzung unserer Website k\u00f6nnen wir Sie bitten, uns bestimmte personenbezogene Daten (\"personenbezogene Daten\") mitzuteilen, die dazu verwendet werden k\u00f6nnen, Sie zu kontaktieren oder zu identifizieren, um Ihre Anfrage zu bearbeiten oder Sie zu kontaktieren. Die Informationen, die erfasst und gespeichert werden, sind die folgenden:<br>Name, Nachname, E-Mail, Telefon, Anfragen\/Nachrichten, Cookie und Nutzungsdaten.<\/div>\n\n\n\n<h2 id=\"gspb_heading-id-gsbp-119b723\" class=\"gspb_heading gspb_heading-id-gsbp-119b723\">Verwendungsdaten<\/h2>\n\n\n\n<div id=\"gspb_text-id-gsbp-31c0562\" class=\"gspb_text gspb_text-id-gsbp-31c0562\">Wir k\u00f6nnen auch Informationen dar\u00fcber sammeln, wie Sie auf die Website zugreifen und sie nutzen (\"Nutzungsdaten\").<br>Diese Nutzungsdaten k\u00f6nnen Informationen wie die Internetprotokolladresse Ihres Computers (z. B. IP-Adresse), den Browsertyp, die Browserversion, die von Ihnen besuchten Seiten der Website, die Uhrzeit und das Datum Ihres Besuchs, die auf diesen Seiten verbrachte Zeit, Ger\u00e4tekennungen und andere Diagnosedaten enthalten.<\/div>\n\n\n\n<h2 id=\"gspb_heading-id-gsbp-729c552\" class=\"gspb_heading gspb_heading-id-gsbp-729c552\">GDPR<\/h2>\n\n\n\n<div id=\"gspb_text-id-gsbp-85a8f7c\" class=\"gspb_text gspb_text-id-gsbp-85a8f7c\">In Anbetracht der Internationalit\u00e4t des Internets und seines Volumens k\u00f6nnen weder das Unternehmen noch seine F\u00fchrungskr\u00e4fte f\u00fcr direkte, zuf\u00e4llige, indirekte oder Folgesch\u00e4den haftbar gemacht werden, die sich aus dem Zugang eines Benutzers zu mo-mo.gr oder seiner Nutzung ergeben, auch nicht im Falle von Fahrl\u00e4ssigkeit. Den Nutzern wird empfohlen, Software zu verwenden, um sich vor Computerviren und anderen Arten von Malware zu sch\u00fctzen.<br><br>Das Unternehmen haftet nicht f\u00fcr Sch\u00e4den und Kosten, die im Zusammenhang mit der Nutzung von mo-mo.gr oder der Unf\u00e4higkeit, es zu nutzen, durch irgendeine Person oder im Zusammenhang mit der Unf\u00e4higkeit, Fehler, Auslassungen, Unterbrechungen, Defekte, Verz\u00f6gerungen im Betrieb oder bei der \u00dcbertragung oder Ausfall der Systemleitung. F\u00fcr den Fall, dass der Computer oder ein anderes elektronisches Medium, das von einem Nutzer f\u00fcr den Zugang\/Besuch\/die Nutzung oder das Herunterladen von Material, Daten, Text, Bildern, Video- oder Audioinhalten verwendet wird, besch\u00e4digt oder durch elektronische Viren infiziert wird, haftet das Unternehmen in keiner Weise.<br><br>Die \u00fcber die Website verf\u00fcgbaren Dienste werden den Nutzern des E-Shops \"wie besehen\" zur Verf\u00fcgung gestellt. Das Unternehmen garantiert nicht, dass der Inhalt von mo-mo.gr und die Qualit\u00e4t der angebotenen Dienste den Anforderungen und Erwartungen der Nutzer entsprechen. Das Unternehmen tr\u00e4gt keine Verantwortung f\u00fcr rechtliche oder zivil- oder strafrechtliche Anspr\u00fcche im Zusammenhang mit dem Betrieb oder der Nutzung von mo-mo.gr, noch f\u00fcr Sch\u00e4den jeglicher Art, die entweder von Besuchern der Website oder von Dritten verursacht werden.<br><br>Das Unternehmen ist nicht verantwortlich oder \u00fcbernimmt keine Art von Entsch\u00e4digung Verpflichtung f\u00fcr jede Forderung im Zusammenhang mit dem Inhalt der mo-mo.gr, noch f\u00fcr jeden Fehler, einfache oder verleumderische Verleumdung, Beleidigung, Beleidigung, Auslassung, L\u00fcge, Profanit\u00e4t, Pornographie, Blasphemie, Gefahr oder Ungenauigkeit in seinem Inhalt gefunden.<\/div>\n\n\n\n<h2 id=\"gspb_heading-id-gsbp-d55ecbe\" class=\"gspb_heading gspb_heading-id-gsbp-d55ecbe\">Anwendbares Recht und sonstige Bedingungen<\/h2>\n\n\n\n<div id=\"gspb_text-id-gsbp-3465e0e\" class=\"gspb_text gspb_text-id-gsbp-3465e0e\"><strong>Bedingungen der Zustimmung:<\/strong> Wir verarbeiten Ihre Daten, nachdem Sie Ihre Zustimmung gegeben haben. Sie haben das Recht, Ihre Zustimmung jederzeit zu widerrufen.<br><br><strong>Recht auf Zugang:<\/strong> Sie haben das Recht, von uns eine Best\u00e4tigung dar\u00fcber zu erhalten, ob Ihre Daten verarbeitet werden.<br><br><strong>Recht auf Berichtigung:<\/strong> Sie haben das Recht, von uns ohne unangemessene Verz\u00f6gerung die Berichtigung unrichtiger Sie betreffender personenbezogener Daten zu verlangen.<br><br><strong>Recht auf L\u00f6schung:<\/strong> Sie haben das Recht, von uns die L\u00f6schung der Sie betreffenden personenbezogenen Daten zu verlangen, und wir sind verpflichtet, die personenbezogenen Daten unverz\u00fcglich zu l\u00f6schen.<br><br><strong>Recht auf Einschr\u00e4nkung der Verarbeitung:<\/strong> Sie haben das Recht, uns zu bitten, die Verarbeitung Ihrer Daten einzuschr\u00e4nken.<br><br><strong>Recht auf Daten\u00fcbertragbarkeit:<\/strong> Sie haben das Recht, von uns die personenbezogenen Daten, die Sie uns zur Verf\u00fcgung gestellt haben, in einem strukturierten, g\u00e4ngigen und maschinenlesbaren Format zu erhalten, und Sie haben das Recht, diese Daten an einen anderen Verantwortlichen zu \u00fcbermitteln.<\/div>\n\n\n\n<h2 id=\"gspb_heading-id-gsbp-47571d4\" class=\"gspb_heading gspb_heading-id-gsbp-47571d4\">Verwendung von Daten<\/h2>\n\n\n\n<div id=\"gspb_text-id-gsbp-29e3627\" class=\"gspb_text gspb_text-id-gsbp-29e3627\">Die mo-mo.gr-Website verwendet die gesammelten Daten f\u00fcr verschiedene Zwecke, z. B. um die Website bereitzustellen und zu pflegen, um Sie \u00fcber Aktualisierungen der Website zu informieren, um Ihnen die Teilnahme an interaktiven Funktionen unserer Website zu erm\u00f6glichen, wenn Sie dies w\u00fcnschen (Kontaktformulare usw.), um Kundensupport zu leisten und um die Informationen zu analysieren, damit wir die Website verbessern k\u00f6nnen.<br>- \u00dcberwachung der Nutzung der Website.<br>- Erkennen, Vermeiden und L\u00f6sen technischer Probleme.<\/div>\n\n\n\n<h2 id=\"gspb_heading-id-gsbp-0b31d18\" class=\"gspb_heading gspb_heading-id-gsbp-0b31d18\">Daten\u00fcbertragung<\/h2>\n\n\n\n<div id=\"gspb_text-id-gsbp-cafe457\" class=\"gspb_text gspb_text-id-gsbp-cafe457\">Wir geben Ihre personenbezogenen Daten nicht an Dritte weiter. Ihre Informationen, einschlie\u00dflich personenbezogener Daten, k\u00f6nnen an Computer au\u00dferhalb Ihres Staates, Ihrer Provinz, Ihres Landes oder einer anderen staatlichen Gerichtsbarkeit \u00fcbertragen und dort gespeichert werden, wo sich die Datenschutzgesetze von denen in Ihrer Gerichtsbarkeit unterscheiden k\u00f6nnen.<br>Die mo-mo.gr Website wird alle notwendigen Ma\u00dfnahmen ergreifen, um sicherzustellen, dass Ihre Daten sicher und in \u00dcbereinstimmung mit dieser Datenschutzrichtlinie behandelt werden und wird Ihre pers\u00f6nlichen Daten nicht an eine Organisation oder ein Land weitergeben, es sei denn, es sind angemessene Kontrollen vorhanden, einschlie\u00dflich der Datensicherheit und anderer pers\u00f6nlicher Informationen.<br>- \u00dcberwachung der Nutzung der Website.<br>- Erkennen, Vermeiden und L\u00f6sen technischer Probleme.<\/div>\n\n\n\n<h2 id=\"gspb_heading-id-gsbp-2a59555\" class=\"gspb_heading gspb_heading-id-gsbp-2a59555\">Verfolgung von Website-Besuchen<\/h2>\n\n\n\n<div id=\"gspb_text-id-gsbp-1a411b9\" class=\"gspb_text gspb_text-id-gsbp-1a411b9\">Wie die meisten Websites verwendet auch unsere Website Google Analytics (GA), um die Interaktion der Nutzer zu verfolgen.<br>Wir verwenden diese Daten, um die Anzahl der Nutzer unserer Website zu ermitteln, um besser zu verstehen, wie sie unsere Websites finden und nutzen, und um ihre Reise durch die Website zu verfolgen.<br>Obwohl GA Daten wie Ihren geografischen Standort, Ihr Ger\u00e4t, Ihren Internetbrowser und Ihr Betriebssystem aufzeichnet, werden Sie durch keine dieser Informationen pers\u00f6nlich identifiziert.<br>GA zeichnet auch die IP-Adresse Ihres Computers auf, die dazu verwendet werden k\u00f6nnte, Sie pers\u00f6nlich zu identifizieren, aber Google gibt uns keinen Zugang dazu.<br>Wir betrachten Google als einen dritten Datenverarbeiter.<br>GA verwendet Cookies. Einzelheiten dazu finden Sie in den Entwicklerhandb\u00fcchern von Google. Unsere Website verwendet die Anwendung analytics.js von GA.<br>Durch die Deaktivierung von Cookies in Ihrem Internetbrowser wird GA daran gehindert, Ihren Besuch auf den Seiten dieser Website nachzuverfolgen.<br>Die mo-mo.gr Website wird alle notwendigen Ma\u00dfnahmen ergreifen, um sicherzustellen, dass Ihre Daten sicher und in \u00dcbereinstimmung mit dieser Datenschutzrichtlinie behandelt werden und wird Ihre pers\u00f6nlichen Daten nicht an eine Organisation oder ein Land weitergeben, es sei denn, es sind angemessene Kontrollen vorhanden, einschlie\u00dflich der Datensicherheit und anderer pers\u00f6nlicher Informationen.<br>- \u00dcberwachung der Nutzung der Website.<br>- Erkennen, Vermeiden und L\u00f6sen technischer Probleme.<\/div>\n\n\n\n<h2 id=\"gspb_heading-id-gsbp-c05367d\" class=\"gspb_heading gspb_heading-id-gsbp-c05367d\">Wie wir Ihre pers\u00f6nlichen Daten speichern<\/h2>\n\n\n\n<div id=\"gspb_text-id-gsbp-13a39f8\" class=\"gspb_text gspb_text-id-gsbp-13a39f8\">F\u00fcr Ihr Surfen auf der Website unseres Unternehmens werden Ihre pers\u00f6nlichen Daten nur dann ben\u00f6tigt, wenn Sie uns \u00fcber das Kontaktformular, in dem Sie uns Ihre Kontaktdaten mitteilen, oder als Kunde unseres Online-Shops kontaktieren m\u00f6chten.<\/div>\n\n\n\n<h2 id=\"gspb_heading-id-gsbp-c078134\" class=\"gspb_heading gspb_heading-id-gsbp-c078134\">Elektronisches Gesch\u00e4ft<\/h2>\n\n\n\n<div id=\"gspb_text-id-gsbp-32243e1\" class=\"gspb_text gspb_text-id-gsbp-32243e1\">Ihre pers\u00f6nlichen Informationen \u00fcber Ihre Bestellungen werden wie folgt gespeichert:<br>- Aufbewahrung von inaktiven Konten \/ 1 Jahr.<br>- Aufbewahrung von ausstehenden Bestellungen \/ 2 Wochen.<br>- Aufbewahrung von fehlerhaften Bestellungen \/ 2 Wochen.<br>- Aufbewahrung von stornierten Bestellungen \/ 1 Woche.<br>- Behalten Sie die \u00dcbersicht \u00fcber Ihre Bestellungen auf der Seite Konto bei.<\/div>\n\n\n\n<h2 id=\"gspb_heading-id-gsbp-e216c01\" class=\"gspb_heading gspb_heading-id-gsbp-e216c01\">Datenschutzverletzungen<\/h2>\n\n\n\n<div id=\"gspb_text-id-gsbp-7f1304c\" class=\"gspb_text gspb_text-id-gsbp-7f1304c\">Wir werden jede unrechtm\u00e4\u00dfige Verletzung der Datenbank dieser Website oder der Datenbank eines dritten Datenverarbeiters allen relevanten Personen und Beh\u00f6rden innerhalb von 72 Stunden nach der Verletzung melden, wenn es offensichtlich ist, dass pers\u00f6nliche Daten, die in identifizierbarer Form gespeichert sind, gestohlen wurden.<\/div>\n\n\n\n<h2 id=\"gspb_heading-id-gsbp-7047a8a\" class=\"gspb_heading gspb_heading-id-gsbp-7047a8a\">\u00c4nderungen an unserer Datenschutzpolitik<\/h2>\n\n\n\n<div id=\"gspb_text-id-gsbp-1b93554\" class=\"gspb_text gspb_text-id-gsbp-1b93554\">Die Datenschutzpolitik kann sich von Zeit zu Zeit im Einklang mit der Gesetzgebung oder den Entwicklungen in der Branche \u00e4ndern.<br>Wir werden unsere Kunden oder Website-Nutzer nicht ausdr\u00fccklich \u00fcber diese \u00c4nderungen informieren.<br>Stattdessen empfehlen wir Ihnen, diese Seite gelegentlich auf etwaige \u00c4nderungen der Richtlinien zu \u00fcberpr\u00fcfen.<\/div>","protected":false},"excerpt":{"rendered":"","protected":false},"author":187,"featured_media":0,"parent":0,"menu_order":0,"comment_status":"closed","ping_status":"closed","template":"","meta":{"_gspb_post_css":"","footnotes":""},"class_list":["post-9457","page","type-page","status-publish","hentry"],"blocksy_meta":[],"_links":{"self":[{"href":"https:\/\/mo-mo.gr\/de\/wp-json\/wp\/v2\/pages\/9457","targetHints":{"allow":["GET"]}}],"collection":[{"href":"https:\/\/mo-mo.gr\/de\/wp-json\/wp\/v2\/pages"}],"about":[{"href":"https:\/\/mo-mo.gr\/de\/wp-json\/wp\/v2\/types\/page"}],"author":[{"embeddable":true,"href":"https:\/\/mo-mo.gr\/de\/wp-json\/wp\/v2\/users\/187"}],"replies":[{"embeddable":true,"href":"https:\/\/mo-mo.gr\/de\/wp-json\/wp\/v2\/comments?post=9457"}],"version-history":[{"count":0,"href":"https:\/\/mo-mo.gr\/de\/wp-json\/wp\/v2\/pages\/9457\/revisions"}],"wp:attachment":[{"href":"https:\/\/mo-mo.gr\/de\/wp-json\/wp\/v2\/media?parent=9457"}],"curies":[{"name":"wp","href":"https:\/\/api.w.org\/{rel}","templated":true}]}}