{"id":9838,"date":"2023-09-28T10:05:56","date_gmt":"2023-09-28T10:05:56","guid":{"rendered":"https:\/\/mo-mo.gr\/product\/japanesetotebag\/"},"modified":"2026-04-02T20:14:50","modified_gmt":"2026-04-02T17:14:50","slug":"japanesetotebag","status":"publish","type":"product","link":"https:\/\/mo-mo.gr\/da\/\u03c0\u03c1\u03bf\u03ca\u03cc\u03bd\u03c4\u03b1\/japanesetotebag\/","title":{"rendered":"JAPANESE HANDMADE RED TOTE BAG IN CANVA FABLIC WITH LINING"},"content":{"rendered":"<p>H\u00e5ndlavet tote bag af slidst\u00e6rkt bomuldsl\u00e6rred med indvendigt l\u00e6rredsfor, der holder til v\u00e6gten, en accessory, der vil imponere og ledsage dig i hvert skridt, du tager. Denne f\u00e6ngslende h\u00e5ndlavede r\u00f8de Tote Bag har et karakteristisk japansk og elegant design, der g\u00f8r den perfekt til enhver lejlighed.<\/p>\n<p>Denne TOTE BAG er fremstillet af materialer af h\u00f8j kvalitet fra Japan og Gr\u00e6kenland og kombinerer luksus med holdbarhed. Dens r\u00f8de farve giver den et unikt og sofistikeret look, som vil forbedre din stil ved enhver lejlighed.<\/p>\n<p>Den er rummelig og kan rumme dine personlige ejendele, mens de ultraholdbare h\u00e5ndtag g\u00f8r, at du kan b\u00e6re den komfortabelt fra den daglige g\u00e5tur til aftenens udflugter. Den vil helt sikkert blive din foretrukne f\u00f8lgesvend!<\/p>\n<p>Alle tote bags er eksklusivt h\u00e5ndlavede af MOMO KIDOHO og afspejler vores passion for asiatisk kultur.<\/p>","protected":false},"excerpt":{"rendered":"<p>H\u00e5ndlavet tote bag af slidst\u00e6rkt bomuldskanvas med indvendig kanvasforing for at modst\u00e5 v\u00e6gten. Klassisk traditionelt design med japanske geishaer og pagoder.<\/p>\n<p>Tasken m\u00e5ler 42 cm*35 cm.<\/p>\n<p>H\u00f8jde p\u00e5 h\u00e5ndtag 35 cm<\/p>\n<p>Kan maskinvaskes ved 40 grader.<\/p>","protected":false},"featured_media":11707,"comment_status":"closed","ping_status":"closed","template":"","meta":{"_gspb_post_css":""},"product_brand":[],"product_cat":[76,65],"product_tag":[],"class_list":{"0":"post-9838","1":"product","2":"type-product","3":"status-publish","4":"has-post-thumbnail","6":"product_cat-totes","7":"product_cat-65","9":"first","10":"instock","11":"featured","12":"taxable","13":"shipping-taxable","14":"purchasable","15":"product-type-simple"},"_links":{"self":[{"href":"https:\/\/mo-mo.gr\/da\/wp-json\/wp\/v2\/product\/9838","targetHints":{"allow":["GET"]}}],"collection":[{"href":"https:\/\/mo-mo.gr\/da\/wp-json\/wp\/v2\/product"}],"about":[{"href":"https:\/\/mo-mo.gr\/da\/wp-json\/wp\/v2\/types\/product"}],"replies":[{"embeddable":true,"href":"https:\/\/mo-mo.gr\/da\/wp-json\/wp\/v2\/comments?post=9838"}],"wp:featuredmedia":[{"embeddable":true,"href":"https:\/\/mo-mo.gr\/da\/wp-json\/wp\/v2\/media\/11707"}],"wp:attachment":[{"href":"https:\/\/mo-mo.gr\/da\/wp-json\/wp\/v2\/media?parent=9838"}],"wp:term":[{"taxonomy":"product_brand","embeddable":true,"href":"https:\/\/mo-mo.gr\/da\/wp-json\/wp\/v2\/product_brand?post=9838"},{"taxonomy":"product_cat","embeddable":true,"href":"https:\/\/mo-mo.gr\/da\/wp-json\/wp\/v2\/product_cat?post=9838"},{"taxonomy":"product_tag","embeddable":true,"href":"https:\/\/mo-mo.gr\/da\/wp-json\/wp\/v2\/product_tag?post=9838"}],"curies":[{"name":"wp","href":"https:\/\/api.w.org\/{rel}","templated":true}]}}