{"id":9770,"date":"2023-09-23T21:18:04","date_gmt":"2023-09-23T21:18:04","guid":{"rendered":"https:\/\/mo-mo.gr\/product\/%ce%b2%ce%b5%ce%bd%cf%84%ce%ac%ce%bb%ce%b9%ce%b1-%ce%bc%ce%b1%cf%8d%cf%81%ce%b7-%ce%be%cf%8d%ce%bb%ce%b9%ce%bd%ce%b7-23cm\/"},"modified":"2024-12-12T14:40:26","modified_gmt":"2024-12-12T14:40:26","slug":"%ce%b2%ce%b5%ce%bd%cf%84%ce%ac%ce%bb%ce%b9%ce%b1-%ce%bc%ce%b1%cf%8d%cf%81%ce%b7-%ce%be%cf%8d%ce%bb%ce%b9%ce%bd%ce%b7-23cm","status":"publish","type":"product","link":"https:\/\/mo-mo.gr\/da\/\u03c0\u03c1\u03bf\u03ca\u03cc\u03bd\u03c4\u03b1\/%ce%b2%ce%b5%ce%bd%cf%84%ce%ac%ce%bb%ce%b9%ce%b1-%ce%bc%ce%b1%cf%8d%cf%81%ce%b7-%ce%be%cf%8d%ce%bb%ce%b9%ce%bd%ce%b7-23cm\/","title":{"rendered":"Vifte Sort Tr\u00e6vifte 23cm"},"content":{"rendered":"","protected":false},"excerpt":{"rendered":"<p>Fan Black Wooden, 23 cm lang, er et luksuri\u00f8st og praktisk tilbeh\u00f8r, der passer til b\u00e5de m\u00e6nd og kvinder. Viften er lavet af tr\u00e6 i h\u00f8j kvalitet og har et sort stof p\u00e5 kanten, som giver en f\u00f8lelse af raffinement og subtil elegance. Den sorte farve og de rene linjer g\u00f8r den perfekt til enhver lejlighed, fra hverdagslook til mere formelle begivenheder. Den er nem at bruge og holdbar og er det perfekte valg til at give din stil et traditionelt og tidl\u00f8st pr\u00e6g, samtidig med at den giver praktisk afk\u00f8ling p\u00e5 varme dage.<\/p>","protected":false},"featured_media":11666,"comment_status":"closed","ping_status":"open","template":"","meta":{"_gspb_post_css":""},"product_brand":[],"product_cat":[68,71],"product_tag":[],"class_list":{"0":"post-9770","1":"product","2":"type-product","3":"status-publish","4":"has-post-thumbnail","6":"product_cat-68","7":"product_cat-71","8":"pa_-85","10":"first","11":"outofstock","12":"taxable","13":"shipping-taxable","14":"purchasable","15":"product-type-simple"},"_links":{"self":[{"href":"https:\/\/mo-mo.gr\/da\/wp-json\/wp\/v2\/product\/9770","targetHints":{"allow":["GET"]}}],"collection":[{"href":"https:\/\/mo-mo.gr\/da\/wp-json\/wp\/v2\/product"}],"about":[{"href":"https:\/\/mo-mo.gr\/da\/wp-json\/wp\/v2\/types\/product"}],"replies":[{"embeddable":true,"href":"https:\/\/mo-mo.gr\/da\/wp-json\/wp\/v2\/comments?post=9770"}],"wp:featuredmedia":[{"embeddable":true,"href":"https:\/\/mo-mo.gr\/da\/wp-json\/wp\/v2\/media\/11666"}],"wp:attachment":[{"href":"https:\/\/mo-mo.gr\/da\/wp-json\/wp\/v2\/media?parent=9770"}],"wp:term":[{"taxonomy":"product_brand","embeddable":true,"href":"https:\/\/mo-mo.gr\/da\/wp-json\/wp\/v2\/product_brand?post=9770"},{"taxonomy":"product_cat","embeddable":true,"href":"https:\/\/mo-mo.gr\/da\/wp-json\/wp\/v2\/product_cat?post=9770"},{"taxonomy":"product_tag","embeddable":true,"href":"https:\/\/mo-mo.gr\/da\/wp-json\/wp\/v2\/product_tag?post=9770"}],"curies":[{"name":"wp","href":"https:\/\/api.w.org\/{rel}","templated":true}]}}