{"id":9736,"date":"2023-09-03T22:38:48","date_gmt":"2023-09-03T22:38:48","guid":{"rendered":"https:\/\/mo-mo.gr\/product\/tsuru-tori-%e9%b6%b4%e9%b3%a5-tote-bag-in-black-cotton-japanese-fabric-with-golden-and-green-colored-details\/"},"modified":"2024-12-12T14:40:12","modified_gmt":"2024-12-12T14:40:12","slug":"tsuru-tori-%e9%b6%b4%e9%b3%a5-tote-bag-i-sort-japansk-bomuldsstof-med-guld-og-gronfarvede-detaljer","status":"publish","type":"product","link":"https:\/\/mo-mo.gr\/da\/\u03c0\u03c1\u03bf\u03ca\u03cc\u03bd\u03c4\u03b1\/tsuru-tori-%e9%b6%b4%e9%b3%a5-tote-bag-in-black-cotton-japanese-fabric-with-golden-and-green-colored-details\/","title":{"rendered":"TSURU TORI \u9db4\u9ce5 TOTE BAG I SORT JAPANSK BOMULDSSTOF MED GULD- OG GR\u00d8NFARVEDE DETALJER OG DYB MAGENTA"},"content":{"rendered":"","protected":false},"excerpt":{"rendered":"<p>Tote bag lavet af bomuldsstof fra Japan med drage som hovedtema. Bagsiden er i silkeagtigt uldstof, og indersiden er i kraftig crepesatin i dyb magenta, hvilket giver den ultimative f\u00f8lelse af bl\u00f8dhed og luksus. Indvendig skjult foring af bomuldsl\u00e6rred g\u00f8r tasken solid og langtidsholdbar.<\/p>\n<p>Dimension 32*28<\/p>\n<p>Hos MOMO undg\u00e5r vi at bruge lette v\u00e6gte som for, da vi ikke \u00f8nsker, at kvaliteten af stofferne og deres syninger skal kompromitteres af et billigt materiale, der ikke er af h\u00f8j kvalitet.<\/p>","protected":false},"featured_media":11639,"comment_status":"open","ping_status":"open","template":"","meta":{"_gspb_post_css":""},"product_brand":[],"product_cat":[70],"product_tag":[],"class_list":{"0":"post-9736","1":"product","2":"type-product","3":"status-publish","4":"has-post-thumbnail","6":"product_cat-sold-out","8":"first","9":"outofstock","10":"taxable","11":"shipping-taxable","12":"purchasable","13":"product-type-simple"},"_links":{"self":[{"href":"https:\/\/mo-mo.gr\/da\/wp-json\/wp\/v2\/product\/9736","targetHints":{"allow":["GET"]}}],"collection":[{"href":"https:\/\/mo-mo.gr\/da\/wp-json\/wp\/v2\/product"}],"about":[{"href":"https:\/\/mo-mo.gr\/da\/wp-json\/wp\/v2\/types\/product"}],"replies":[{"embeddable":true,"href":"https:\/\/mo-mo.gr\/da\/wp-json\/wp\/v2\/comments?post=9736"}],"wp:featuredmedia":[{"embeddable":true,"href":"https:\/\/mo-mo.gr\/da\/wp-json\/wp\/v2\/media\/11639"}],"wp:attachment":[{"href":"https:\/\/mo-mo.gr\/da\/wp-json\/wp\/v2\/media?parent=9736"}],"wp:term":[{"taxonomy":"product_brand","embeddable":true,"href":"https:\/\/mo-mo.gr\/da\/wp-json\/wp\/v2\/product_brand?post=9736"},{"taxonomy":"product_cat","embeddable":true,"href":"https:\/\/mo-mo.gr\/da\/wp-json\/wp\/v2\/product_cat?post=9736"},{"taxonomy":"product_tag","embeddable":true,"href":"https:\/\/mo-mo.gr\/da\/wp-json\/wp\/v2\/product_tag?post=9736"}],"curies":[{"name":"wp","href":"https:\/\/api.w.org\/{rel}","templated":true}]}}