{"id":9675,"date":"2023-08-20T16:11:05","date_gmt":"2023-08-20T16:11:05","guid":{"rendered":"https:\/\/mo-mo.gr\/product\/iwasaki-pochi-%e3%83%9d%e3%83%bc%e3%83%81-2\/"},"modified":"2026-04-02T19:37:34","modified_gmt":"2026-04-02T16:37:34","slug":"iwasaki-pochi-%e3%83%9d%e3%83%bc%e3%83%81-2","status":"publish","type":"product","link":"https:\/\/mo-mo.gr\/da\/\u03c0\u03c1\u03bf\u03ca\u03cc\u03bd\u03c4\u03b1\/iwasaki-pochi-%e3%83%9d%e3%83%bc%e3%83%81-2\/","title":{"rendered":"IWASAKI FUROSHIKI \u98a8\u5442\u6577 , BL\u00c5 HAVTASKE MED GYLDNE BLOMSTER"},"content":{"rendered":"<p>Den japanske pose, ogs\u00e5 kendt som \"<strong>furoshiki<\/strong>\" p\u00e5 det japanske sprog,<em> (strengt taget b\u00f8r vi bem\u00e6rke, at posen i sin nuv\u00e6rende form er udviklingen af et firkantet stykke stof, som hovedsageligt blev brugt af japanere, koreanere og kinesere til at pakke forskellige varer ind, s\u00e5 de kunne transporteres sikkert).<\/em> er et af de mest interessante og multifunktionelle tilbeh\u00f8r i japansk traditionel kultur. Selvom furoshiki har principper, der g\u00e5r flere hundrede \u00e5r tilbage, viser dens moderne revurdering som en praktisk genstand og et kunstnerisk udtryk, hvordan tradition kan eksistere harmonisk sammen med innovation.<\/p>\n<p>Furoshikien begyndte som en traditionel v\u00e6vet pose, der blev brugt til at pakke badeartikler ind i. Japanerne lagde deres personlige ejendele i en furoshiki og tog dem med til badet for at holde dem rene og p\u00e6ne. I l\u00f8bet af \u00e5rhundrederne udviklede denne tradition sig til en r\u00e6kke forskellige anvendelser, fra gaveindpakning til transport af mad.<\/p>\n<p>Furoshiki var dog ikke begr\u00e6nset til sin traditionelle anvendelse. I l\u00f8bet af det 20. \u00e5rhundrede fastholdt nogle japanere deres interesse for furoshiki p\u00e5 trods af den udbredte brug af plastemballage og genoplivede den som en moderne, milj\u00f8venlig mulighed. Dette blev s\u00e6rligt udtalt efter 2000'erne, hvor bevidstheden om plastens milj\u00f8p\u00e5virkning steg. <em>Furoshiki var et godt alternativ til at pakke og transportere varer.<\/em><\/p>\n<p>Innovation stopper ikke der. <strong>Kunstnere og designere har udnyttet furoshiki som et centralt element i deres arbejde.<\/strong> Nye designs, materialer og anvendelsesmuligheder er blevet skabt og har forvandlet furoshiki fra et simpelt stof til en rig kilde til udtryk og kreativitet. Hver pose bliver et kunstv\u00e6rk, et middel til at formidle vores \u00e6stetik og personlighed i en genstand, vi m\u00f8der hver dag.<\/p>\n<p>Den japanske poses historie afspejler den m\u00e5de, hvorp\u00e5 traditioner kan udvikle sig og tilpasse sig den moderne tids behov. Fra at v\u00e6re et simpelt middel til at transportere h\u00e5ndkl\u00e6der er furoshiki blevet et symbol p\u00e5 b\u00e6redygtighed, \u00e6stetik og kreativitet.<\/p>\n<p><strong>Hos MOMO KIDOHO bruger vi med respekt for denne tradition japanske stoffer og syr hver enkelt pose som et unikt lille stykke kunst til flere form\u00e5l.<\/strong><\/p>","protected":false},"excerpt":{"rendered":"<p>Furoshiki i bl\u00e5 marinefarve med blomster i fuld st\u00f8rrelse. Et bomuldsstof i topkvalitet og et inderfor af luksuri\u00f8s viskose g\u00f8r denne pung til et lille kunstv\u00e6rk, der b\u00e6rer den ber\u00f8mte geisha Mineko Iwasakis navn.<\/p>\n<p>Dens m\u00e5l er 20 cm x 20 cm.<\/p>","protected":false},"featured_media":11588,"comment_status":"closed","ping_status":"closed","template":"","meta":{"_gspb_post_css":""},"product_brand":[],"product_cat":[68],"product_tag":[],"class_list":{"0":"post-9675","1":"product","2":"type-product","3":"status-publish","4":"has-post-thumbnail","6":"product_cat-68","8":"first","9":"outofstock","10":"taxable","11":"shipping-taxable","12":"purchasable","13":"product-type-simple"},"_links":{"self":[{"href":"https:\/\/mo-mo.gr\/da\/wp-json\/wp\/v2\/product\/9675","targetHints":{"allow":["GET"]}}],"collection":[{"href":"https:\/\/mo-mo.gr\/da\/wp-json\/wp\/v2\/product"}],"about":[{"href":"https:\/\/mo-mo.gr\/da\/wp-json\/wp\/v2\/types\/product"}],"replies":[{"embeddable":true,"href":"https:\/\/mo-mo.gr\/da\/wp-json\/wp\/v2\/comments?post=9675"}],"wp:featuredmedia":[{"embeddable":true,"href":"https:\/\/mo-mo.gr\/da\/wp-json\/wp\/v2\/media\/11588"}],"wp:attachment":[{"href":"https:\/\/mo-mo.gr\/da\/wp-json\/wp\/v2\/media?parent=9675"}],"wp:term":[{"taxonomy":"product_brand","embeddable":true,"href":"https:\/\/mo-mo.gr\/da\/wp-json\/wp\/v2\/product_brand?post=9675"},{"taxonomy":"product_cat","embeddable":true,"href":"https:\/\/mo-mo.gr\/da\/wp-json\/wp\/v2\/product_cat?post=9675"},{"taxonomy":"product_tag","embeddable":true,"href":"https:\/\/mo-mo.gr\/da\/wp-json\/wp\/v2\/product_tag?post=9675"}],"curies":[{"name":"wp","href":"https:\/\/api.w.org\/{rel}","templated":true}]}}