{"id":9669,"date":"2023-08-17T19:23:40","date_gmt":"2023-08-17T19:23:40","guid":{"rendered":"https:\/\/mo-mo.gr\/product\/hiragana-purse\/"},"modified":"2024-12-12T14:39:53","modified_gmt":"2024-12-12T14:39:53","slug":"hiragana-taske","status":"publish","type":"product","link":"https:\/\/mo-mo.gr\/da\/\u03c0\u03c1\u03bf\u03ca\u03cc\u03bd\u03c4\u03b1\/hiragana-purse\/","title":{"rendered":"HIRAGANA PUNG"},"content":{"rendered":"<p>Oplev den ultimative syntese af funktionalitet og elegance med Japanese Denim Blue-tasken, en helt unik accessory, der giver dig mere end bare opbevaringsplads. Denne h\u00e5ndtaske er uden tvivl designet med omhu og detaljer, hvilket g\u00f8r den til et must-have for dem, der s\u00f8ger det ekstraordin\u00e6re i deres hverdag.<\/p>\n<p>Det er en accessory, der henvender sig til dem, der anerkender v\u00e6rdien af det unikke. Det er et smykke, der tilf\u00f8jer stil og personlighed til ethvert look.<\/p>\n<p>Det s\u00e6rlige ved dette etui er Hiragana, et skriftsystem, der er kernen i japansk skrift. Denne interessante tilf\u00f8jelse giver en f\u00f8lelse af kulturel tilgang og dybde til dit produkt.<\/p>\n<p>Dette er et eksklusivt stykke, lavet med k\u00e6rlighed og omhu. Ikke to er ens, hvilket g\u00f8r hver enkelt unik og umulig at gentage.<\/p>\n<p>Kort sagt er Japanese Denim Blue Cotton Denim Bag et uundv\u00e6rligt tilbeh\u00f8r til dem, der s\u00e6tter pris p\u00e5 kvalitet, stil og unikhed. Lad den v\u00e6re din daglige f\u00f8lgesvend og forbedre din \u00e6stetik.<\/p>","protected":false},"excerpt":{"rendered":"<p>Pung, rygs\u00e6k eller hvad du nu foretr\u00e6kker, denne taske er en utilitaristisk accessory, der henvender sig til... kendere. Hiragana er et af Japans tre skriftsystemer, og her har du det i et fremragende denimbl\u00e5t stof. Det bliver ikke mere \"japanila\" end det!<\/p>\n<p>I et enkelt eksemplar. M\u00e5l 18xmX24cm<\/p>","protected":false},"featured_media":11583,"comment_status":"closed","ping_status":"open","template":"","meta":{"_gspb_post_css":""},"product_brand":[],"product_cat":[68],"product_tag":[],"class_list":{"0":"post-9669","1":"product","2":"type-product","3":"status-publish","4":"has-post-thumbnail","6":"product_cat-68","8":"first","9":"outofstock","10":"taxable","11":"shipping-taxable","12":"purchasable","13":"product-type-simple"},"_links":{"self":[{"href":"https:\/\/mo-mo.gr\/da\/wp-json\/wp\/v2\/product\/9669","targetHints":{"allow":["GET"]}}],"collection":[{"href":"https:\/\/mo-mo.gr\/da\/wp-json\/wp\/v2\/product"}],"about":[{"href":"https:\/\/mo-mo.gr\/da\/wp-json\/wp\/v2\/types\/product"}],"replies":[{"embeddable":true,"href":"https:\/\/mo-mo.gr\/da\/wp-json\/wp\/v2\/comments?post=9669"}],"wp:featuredmedia":[{"embeddable":true,"href":"https:\/\/mo-mo.gr\/da\/wp-json\/wp\/v2\/media\/11583"}],"wp:attachment":[{"href":"https:\/\/mo-mo.gr\/da\/wp-json\/wp\/v2\/media?parent=9669"}],"wp:term":[{"taxonomy":"product_brand","embeddable":true,"href":"https:\/\/mo-mo.gr\/da\/wp-json\/wp\/v2\/product_brand?post=9669"},{"taxonomy":"product_cat","embeddable":true,"href":"https:\/\/mo-mo.gr\/da\/wp-json\/wp\/v2\/product_cat?post=9669"},{"taxonomy":"product_tag","embeddable":true,"href":"https:\/\/mo-mo.gr\/da\/wp-json\/wp\/v2\/product_tag?post=9669"}],"curies":[{"name":"wp","href":"https:\/\/api.w.org\/{rel}","templated":true}]}}