{"id":9664,"date":"2023-08-17T17:39:50","date_gmt":"2023-08-17T17:39:50","guid":{"rendered":"https:\/\/mo-mo.gr\/product\/%ce%b9%ce%b1%cf%80%cf%89%ce%bd%ce%b9%ce%ba%cf%8c-pouch-liza-dalby-purse\/"},"modified":"2024-12-12T14:39:51","modified_gmt":"2024-12-12T14:39:51","slug":"%ce%b9%ce%b1%cf%80%cf%89%ce%bd%ce%b9%ce%ba%cf%8c-pouch-liza-dalby-purse","status":"publish","type":"product","link":"https:\/\/mo-mo.gr\/da\/\u03c0\u03c1\u03bf\u03ca\u03cc\u03bd\u03c4\u03b1\/%ce%b9%ce%b1%cf%80%cf%89%ce%bd%ce%b9%ce%ba%cf%8c-pouch-liza-dalby-purse\/","title":{"rendered":"LIZA DALBY TASKE"},"content":{"rendered":"<h2><strong>Japansk taske<\/strong><\/h2>\n<p>Japansk pung Liza Dalby. Oplev den ultimative udtryksfulde harmoni med h\u00e5ndlavet japansk tilbeh\u00f8r og t\u00f8j fra vores butik. Vi er glade for at kunne pr\u00e6sentere vores nyeste kreation, Liza Dalby, et produkt, der kombinerer den japanske \u00e6stetiks elegance med dens unikke karakter.<\/p>\n<p>Med et navn, der hylder dens historie og kultur, er Liza Dalby-tasken en kopi af traditionelt kimonostof. Hvert stykke, der b\u00e6rer Liza Dalbys navn, en ekstraordin\u00e6r personlighed, som har viet sit liv til at forst\u00e5 og fremme japansk kultur og geisha, er synonymt med kvalitet og en dyb k\u00e6rlighed til japansk kultur.<\/p>\n<p>Inspireret af fortiden og forbundet med nutiden er Liza Dalby lavet af et unikt bomuldsstof. Dets tekstur r\u00f8rer langsomt ved fingrene og efterlader en f\u00f8lelse af komfort og luksus. M\u00f8nstrene, der dekorerer dette stykke, er virkelig uds\u00f8gte og fremkalder kunsten i Kyoto - byen, der har pr\u00e6get tiden med sin geisha-arv. Unikke guldelementer og de meget repr\u00e6sentative bl\u00e5 b\u00f8lger.<\/p>\n<p>Liza Dalby Japanese Pouch er ikke bare en accessory. Det er et valg om at tage et stykke af Japans historie og kultur med dig. Hver gang du holder den, vil du forny din forbindelse til den evige sk\u00f8nhed og harmoni, den repr\u00e6senterer.<\/p>\n<p>L\u00e6s om den japanske pose <a href=\"https:\/\/mo-mo.gr\/da\/%ce%b9%ce%b1%cf%80%cf%89%ce%bd%ce%b9%ce%ba%cf%8c-pouch\/\" target=\"_blank\" rel=\"noopener\">her<\/a>.<\/p>","protected":false},"excerpt":{"rendered":"<p>Liza Dalby kaldte vi det eneste eksemplar af denne taske. Vi anbefaler f\u00f8rst og fremmest dette bomuldsstof med dets dejlige m\u00f8nstre, der leder tankerne hen p\u00e5 Kyoto, byen med den mange\u00e5rige geishakultur.<\/p>\n<p>M\u00e5l 18xmX24cm<\/p>","protected":false},"featured_media":11579,"comment_status":"closed","ping_status":"open","template":"","meta":{"_gspb_post_css":""},"product_brand":[],"product_cat":[65],"product_tag":[18],"class_list":{"0":"post-9664","1":"product","2":"type-product","3":"status-publish","4":"has-post-thumbnail","6":"product_cat-65","7":"product_tag-pouch","9":"first","10":"onbackorder","11":"sale","12":"taxable","13":"shipping-taxable","14":"purchasable","15":"product-type-simple"},"_links":{"self":[{"href":"https:\/\/mo-mo.gr\/da\/wp-json\/wp\/v2\/product\/9664","targetHints":{"allow":["GET"]}}],"collection":[{"href":"https:\/\/mo-mo.gr\/da\/wp-json\/wp\/v2\/product"}],"about":[{"href":"https:\/\/mo-mo.gr\/da\/wp-json\/wp\/v2\/types\/product"}],"replies":[{"embeddable":true,"href":"https:\/\/mo-mo.gr\/da\/wp-json\/wp\/v2\/comments?post=9664"}],"wp:featuredmedia":[{"embeddable":true,"href":"https:\/\/mo-mo.gr\/da\/wp-json\/wp\/v2\/media\/11579"}],"wp:attachment":[{"href":"https:\/\/mo-mo.gr\/da\/wp-json\/wp\/v2\/media?parent=9664"}],"wp:term":[{"taxonomy":"product_brand","embeddable":true,"href":"https:\/\/mo-mo.gr\/da\/wp-json\/wp\/v2\/product_brand?post=9664"},{"taxonomy":"product_cat","embeddable":true,"href":"https:\/\/mo-mo.gr\/da\/wp-json\/wp\/v2\/product_cat?post=9664"},{"taxonomy":"product_tag","embeddable":true,"href":"https:\/\/mo-mo.gr\/da\/wp-json\/wp\/v2\/product_tag?post=9664"}],"curies":[{"name":"wp","href":"https:\/\/api.w.org\/{rel}","templated":true}]}}