{"id":9657,"date":"2023-08-17T17:24:48","date_gmt":"2023-08-17T17:24:48","guid":{"rendered":"https:\/\/mo-mo.gr\/product\/shiro-washi-no-saifu-%e7%99%bd%e3%83%af%e3%82%b7%e3%81%ae%e8%b2%a1%e5%b8%83\/"},"modified":"2024-12-12T14:39:49","modified_gmt":"2024-12-12T14:39:49","slug":"shiro-washi-no-saifu-%e7%99%bd%e3%83%af%e3%82%b7%e3%81%ae%e8%b2%a1%e5%b8%83","status":"publish","type":"product","link":"https:\/\/mo-mo.gr\/da\/\u03c0\u03c1\u03bf\u03ca\u03cc\u03bd\u03c4\u03b1\/shiro-washi-no-saifu-%e7%99%bd%e3%83%af%e3%82%b7%e3%81%ae%e8%b2%a1%e5%b8%83\/","title":{"rendered":"SHIRO WASHI NO SAIFU \u767d\u30ef\u30b7\u306e\u8ca1\u5e03"},"content":{"rendered":"<p>Med vores ydmyge forslag pr\u00e6senterer vi dig for en pung skabt af det h\u00f8jt elskede Shiro Washi. Dette bomuldsstof er inspireret af japansk kunst og tradition og giver vores pung et unikt udtryk.<\/p>\n<p>Vores taske er ikke bare en accessory - den er en historie, en fort\u00e6lling om japansk arv og kunst.  Dens unikke motiv af en hvid \u00f8rn p\u00e5 en sort baggrund og antikiserede gulddetaljer, som er enest\u00e5ende i tekstilverdenen, skaber en taske - et kunstv\u00e6rk, der afspejler personlighed og stil.<\/p>\n<p>N\u00e5r du v\u00e6lger vores taske, v\u00e6lger du at tage et stykke af Japan med dig. Hver gang du holder den, vil du m\u00e6rke historiens og traditionens puls samt den f\u00f8lelse af luksus, som Shiro Washi tilbyder.<\/p>\n<p>Lad os tage dig med p\u00e5 en rejse til hjertet af japansk kunst og \u00e6stetik gennem vores taske, som forbinder fortiden med nutiden og fremtiden.<\/p>\n<p>Tillad os at tilbyde dig et enkelt eksemplar til alle, der s\u00e6tter pris p\u00e5 det unikke ved dette stof.<\/p>","protected":false},"excerpt":{"rendered":"<p>For f\u00f8rste og sidste gang introducerer vi vores yndlingsstof Shiro Washi, et stykke japansk kunst, i en pung eller en h\u00e5ndtaske. H\u00e5ndlavet og i et unikt, antikt design.<\/p>\n<p>M\u00e5l 18xmX24cm<\/p>","protected":false},"featured_media":11573,"comment_status":"closed","ping_status":"open","template":"","meta":{"_gspb_post_css":""},"product_brand":[],"product_cat":[68],"product_tag":[],"class_list":{"0":"post-9657","1":"product","2":"type-product","3":"status-publish","4":"has-post-thumbnail","6":"product_cat-68","8":"first","9":"outofstock","10":"taxable","11":"shipping-taxable","12":"purchasable","13":"product-type-simple"},"_links":{"self":[{"href":"https:\/\/mo-mo.gr\/da\/wp-json\/wp\/v2\/product\/9657","targetHints":{"allow":["GET"]}}],"collection":[{"href":"https:\/\/mo-mo.gr\/da\/wp-json\/wp\/v2\/product"}],"about":[{"href":"https:\/\/mo-mo.gr\/da\/wp-json\/wp\/v2\/types\/product"}],"replies":[{"embeddable":true,"href":"https:\/\/mo-mo.gr\/da\/wp-json\/wp\/v2\/comments?post=9657"}],"wp:featuredmedia":[{"embeddable":true,"href":"https:\/\/mo-mo.gr\/da\/wp-json\/wp\/v2\/media\/11573"}],"wp:attachment":[{"href":"https:\/\/mo-mo.gr\/da\/wp-json\/wp\/v2\/media?parent=9657"}],"wp:term":[{"taxonomy":"product_brand","embeddable":true,"href":"https:\/\/mo-mo.gr\/da\/wp-json\/wp\/v2\/product_brand?post=9657"},{"taxonomy":"product_cat","embeddable":true,"href":"https:\/\/mo-mo.gr\/da\/wp-json\/wp\/v2\/product_cat?post=9657"},{"taxonomy":"product_tag","embeddable":true,"href":"https:\/\/mo-mo.gr\/da\/wp-json\/wp\/v2\/product_tag?post=9657"}],"curies":[{"name":"wp","href":"https:\/\/api.w.org\/{rel}","templated":true}]}}