{"id":9650,"date":"2023-08-17T17:07:29","date_gmt":"2023-08-17T17:07:29","guid":{"rendered":"https:\/\/mo-mo.gr\/product\/iwasaki-pochi-%e3%83%9d%e3%83%bc%e3%83%81\/"},"modified":"2024-12-12T14:39:47","modified_gmt":"2024-12-12T14:39:47","slug":"iwasaki-pochi-%e3%83%9d%e3%83%bc%e3%83%81","status":"publish","type":"product","link":"https:\/\/mo-mo.gr\/da\/\u03c0\u03c1\u03bf\u03ca\u03cc\u03bd\u03c4\u03b1\/iwasaki-pochi-%e3%83%9d%e3%83%bc%e3%83%81\/","title":{"rendered":"IWASAKI POCHI \u30dd\u30fc\u30c1"},"content":{"rendered":"<p>Vi er glade for at kunne pr\u00e6sentere vores nye kreation, Pouch-tasken, som vil tage dig med p\u00e5 en rejse ind i den japanske filosofi om enkelhed og elegance.<\/p>\n<p>Denne unikke taske har en magnetknap, der lukker helt let, og som giver dig den sikkerhed og funktionalitet, du har brug for i din hverdag. Den eksotiske bl\u00e5 marinebl\u00e5 farve, fuld af flair, fremh\u00e6ver dens elegance og er inspireret af den duftende havbrise.<\/p>\n<p>Det bomuldsstof, vi bruger til vores h\u00e5ndtaske, kommer fra det klassiske Tokyo, et stof, der taler til regionens historie og tradition, og som fremh\u00e6ves af det originale japanske m\u00f8nster. Dette m\u00f8nster er inspireret af kosmopolitisk japansk kunst og giver din taske en f\u00f8lelse af luksus og unikhed.<\/p>\n<p>Endelig er det navn, vi har valgt til denne taske, ikke tilf\u00e6ldigt. Vi har hyldet den ber\u00f8mte geisha Mineko Iwasaki, en kvinde, der p\u00e5 sin egen m\u00e5de inkarnerede sj\u00e6len i japansk kultur og elegance. Med dette navn f\u00e5r tasken en ekstra dimension og forbindes med den ekstraordin\u00e6re charme og kultur, hun repr\u00e6senterer.<\/p>\n<p>Lad os tilbyde dig et stykke Japan med hver eneste ber\u00f8ring af vores Pouch-taske. Hver gang du holder den, vil du f\u00f8le den blide omfavnelse af historie og raffinement, der kendetegner Japans kultur.<\/p>","protected":false},"excerpt":{"rendered":"<p>Denne unikke mulepose har en magnetknap, der lukker med absolut lethed og giver dig den sikkerhed og funktionalitet, du har brug for i din hverdag. Marinebl\u00e5 farve med guldfarvede blomster, et Tokyo-stof med et originalt japansk m\u00f8nster inspireret af japansk kunst og navnet p\u00e5 den ber\u00f8mte geisha Mineko Iwasaki.<\/p>\n<p>I et enkelt atypisk format! M\u00e5l 18xmX24cm<\/p>","protected":false},"featured_media":11567,"comment_status":"closed","ping_status":"open","template":"","meta":{"_gspb_post_css":""},"product_brand":[],"product_cat":[65],"product_tag":[23,18],"class_list":{"0":"post-9650","1":"product","2":"type-product","3":"status-publish","4":"has-post-thumbnail","6":"product_cat-65","7":"product_tag-mineko-iwasaki","8":"product_tag-pouch","10":"first","11":"onbackorder","12":"taxable","13":"shipping-taxable","14":"purchasable","15":"product-type-simple"},"_links":{"self":[{"href":"https:\/\/mo-mo.gr\/da\/wp-json\/wp\/v2\/product\/9650","targetHints":{"allow":["GET"]}}],"collection":[{"href":"https:\/\/mo-mo.gr\/da\/wp-json\/wp\/v2\/product"}],"about":[{"href":"https:\/\/mo-mo.gr\/da\/wp-json\/wp\/v2\/types\/product"}],"replies":[{"embeddable":true,"href":"https:\/\/mo-mo.gr\/da\/wp-json\/wp\/v2\/comments?post=9650"}],"wp:featuredmedia":[{"embeddable":true,"href":"https:\/\/mo-mo.gr\/da\/wp-json\/wp\/v2\/media\/11567"}],"wp:attachment":[{"href":"https:\/\/mo-mo.gr\/da\/wp-json\/wp\/v2\/media?parent=9650"}],"wp:term":[{"taxonomy":"product_brand","embeddable":true,"href":"https:\/\/mo-mo.gr\/da\/wp-json\/wp\/v2\/product_brand?post=9650"},{"taxonomy":"product_cat","embeddable":true,"href":"https:\/\/mo-mo.gr\/da\/wp-json\/wp\/v2\/product_cat?post=9650"},{"taxonomy":"product_tag","embeddable":true,"href":"https:\/\/mo-mo.gr\/da\/wp-json\/wp\/v2\/product_tag?post=9650"}],"curies":[{"name":"wp","href":"https:\/\/api.w.org\/{rel}","templated":true}]}}