{"id":9646,"date":"2023-08-16T17:40:28","date_gmt":"2023-08-16T17:40:28","guid":{"rendered":"https:\/\/mo-mo.gr\/product\/asa-no-haori\/"},"modified":"2025-01-08T13:20:56","modified_gmt":"2025-01-08T11:20:56","slug":"asa-no-haori","status":"publish","type":"product","link":"https:\/\/mo-mo.gr\/da\/\u03c0\u03c1\u03bf\u03ca\u03cc\u03bd\u03c4\u03b1\/asa-no-haori\/","title":{"rendered":"Asa No Haori"},"content":{"rendered":"<p>Fremstillet af 100% h\u00f8r, Haori one size, i sandbeige farve. K\u00f8ligt stof, milj\u00f8venligt. Haori er den traditionelle japanske overfrakke, der b\u00e6res over kimonoen og kan b\u00e6res p\u00e5 alle \u00e5rstider som et unikt stykke japansk \u00e6stetik, der supplerer vores p\u00e5kl\u00e6dning.<\/p>","protected":false},"excerpt":{"rendered":"<p>Fremstillet af 100% h\u00f8r, Haori one size, i sandbeige farve. K\u00f8ligt stof, milj\u00f8venligt. Haori er den traditionelle japanske overfrakke, der b\u00e6res over kimonoen og kan b\u00e6res p\u00e5 alle \u00e5rstider som et unikt stykke japansk \u00e6stetik, der supplerer vores p\u00e5kl\u00e6dning.<\/p>","protected":false},"featured_media":11564,"comment_status":"closed","ping_status":"closed","template":"","meta":{"_gspb_post_css":""},"product_brand":[],"product_cat":[114,66],"product_tag":[25,41],"class_list":{"0":"post-9646","1":"product","2":"type-product","3":"status-publish","4":"has-post-thumbnail","6":"product_cat-haori","7":"product_cat-66","8":"product_tag-haori","9":"product_tag-mens-kimonos","10":"pa_-81","12":"first","13":"outofstock","14":"taxable","15":"shipping-taxable","16":"purchasable","17":"product-type-simple"},"_links":{"self":[{"href":"https:\/\/mo-mo.gr\/da\/wp-json\/wp\/v2\/product\/9646","targetHints":{"allow":["GET"]}}],"collection":[{"href":"https:\/\/mo-mo.gr\/da\/wp-json\/wp\/v2\/product"}],"about":[{"href":"https:\/\/mo-mo.gr\/da\/wp-json\/wp\/v2\/types\/product"}],"replies":[{"embeddable":true,"href":"https:\/\/mo-mo.gr\/da\/wp-json\/wp\/v2\/comments?post=9646"}],"wp:featuredmedia":[{"embeddable":true,"href":"https:\/\/mo-mo.gr\/da\/wp-json\/wp\/v2\/media\/11564"}],"wp:attachment":[{"href":"https:\/\/mo-mo.gr\/da\/wp-json\/wp\/v2\/media?parent=9646"}],"wp:term":[{"taxonomy":"product_brand","embeddable":true,"href":"https:\/\/mo-mo.gr\/da\/wp-json\/wp\/v2\/product_brand?post=9646"},{"taxonomy":"product_cat","embeddable":true,"href":"https:\/\/mo-mo.gr\/da\/wp-json\/wp\/v2\/product_cat?post=9646"},{"taxonomy":"product_tag","embeddable":true,"href":"https:\/\/mo-mo.gr\/da\/wp-json\/wp\/v2\/product_tag?post=9646"}],"curies":[{"name":"wp","href":"https:\/\/api.w.org\/{rel}","templated":true}]}}