{"id":9631,"date":"2023-08-04T20:27:07","date_gmt":"2023-08-04T20:27:07","guid":{"rendered":"https:\/\/mo-mo.gr\/product\/yukata-kiharu-nakamura\/"},"modified":"2025-01-08T13:21:59","modified_gmt":"2025-01-08T11:21:59","slug":"yukata-kiharu-nakamura","status":"publish","type":"product","link":"https:\/\/mo-mo.gr\/da\/\u03c0\u03c1\u03bf\u03ca\u03cc\u03bd\u03c4\u03b1\/yukata-kiharu-nakamura\/","title":{"rendered":"Yukata Kiharu Nakamura \u4e2d\u6751 \u559c\u6625"},"content":{"rendered":"<p>Yukata lavet af 100% viskose, h\u00e5ndsyet med skjulte syninger i synlige omr\u00e5der, designet, klippet og syet i den traditionelle Yukata-teknik. P\u00e5 en m\u00f8rkebl\u00e5 baggrund, en have med gr\u00f8nne, bl\u00e5 og lyser\u00f8de blomster. L\u00e6ngden er 1,20 cm, og den f\u00e5s i de almindelige kimonost\u00f8rrelser S\/M og L\/XL. Yukata b\u00e6res traditionelt i Japan fra maj til oktober, er lettere end furishode og er ikke foret, hvilket g\u00f8r dem til et ideelt valg til det gr\u00e6ske klima.<\/p>\n<p>Kan vaskes ved 40 grader og stryges ved lav temperatur til viskose- og bomuldsstoffer.<\/p>","protected":false},"excerpt":{"rendered":"<p>Yukata Kimono h\u00e5ndsyet med den traditionelle yukata-teknik, opkaldt efter den ber\u00f8mte geisha Kiharu Nakamura \u4e2d\u6751 \u559c\u6625.<\/p>","protected":false},"featured_media":11553,"comment_status":"closed","ping_status":"closed","template":"","meta":{"_gspb_post_css":""},"product_brand":[],"product_cat":[115,66],"product_tag":[56],"class_list":{"0":"post-9631","1":"product","2":"type-product","3":"status-publish","4":"has-post-thumbnail","6":"product_cat-yukata","7":"product_cat-66","8":"product_tag-womans-kimonos","9":"pa_-large-xlarge","10":"pa_-small-medium","11":"pa_-multiple-colors","12":"pa_-85","14":"first","15":"outofstock","16":"taxable","17":"shipping-taxable","18":"purchasable","19":"product-type-variable"},"_links":{"self":[{"href":"https:\/\/mo-mo.gr\/da\/wp-json\/wp\/v2\/product\/9631","targetHints":{"allow":["GET"]}}],"collection":[{"href":"https:\/\/mo-mo.gr\/da\/wp-json\/wp\/v2\/product"}],"about":[{"href":"https:\/\/mo-mo.gr\/da\/wp-json\/wp\/v2\/types\/product"}],"replies":[{"embeddable":true,"href":"https:\/\/mo-mo.gr\/da\/wp-json\/wp\/v2\/comments?post=9631"}],"wp:featuredmedia":[{"embeddable":true,"href":"https:\/\/mo-mo.gr\/da\/wp-json\/wp\/v2\/media\/11553"}],"wp:attachment":[{"href":"https:\/\/mo-mo.gr\/da\/wp-json\/wp\/v2\/media?parent=9631"}],"wp:term":[{"taxonomy":"product_brand","embeddable":true,"href":"https:\/\/mo-mo.gr\/da\/wp-json\/wp\/v2\/product_brand?post=9631"},{"taxonomy":"product_cat","embeddable":true,"href":"https:\/\/mo-mo.gr\/da\/wp-json\/wp\/v2\/product_cat?post=9631"},{"taxonomy":"product_tag","embeddable":true,"href":"https:\/\/mo-mo.gr\/da\/wp-json\/wp\/v2\/product_tag?post=9631"}],"curies":[{"name":"wp","href":"https:\/\/api.w.org\/{rel}","templated":true}]}}