{"id":9607,"date":"2023-08-02T20:09:49","date_gmt":"2023-08-02T20:09:49","guid":{"rendered":"https:\/\/mo-mo.gr\/product\/nonami-knot-bag\/"},"modified":"2024-12-12T14:39:34","modified_gmt":"2024-12-12T14:39:34","slug":"nonami-knudetaske","status":"publish","type":"product","link":"https:\/\/mo-mo.gr\/da\/\u03c0\u03c1\u03bf\u03ca\u03cc\u03bd\u03c4\u03b1\/nonami-knot-bag\/","title":{"rendered":"NONAMI KNUDETASKE"},"content":{"rendered":"<p>Knudetasker er s\u00e5 popul\u00e6re i Japan og Sydkorea p\u00e5 grund af deres unikke og elegante design og praktiske egenskaber. De er ideelle til en lang r\u00e6kke daglige aktiviteter og kan bruges til b\u00e5de hverdag og mere formelle lejligheder. De b\u00e6res som en knude bundet ved h\u00e5ndleddet og var traditionelt skjult inde i de store kimono-\u00e6rmer.<\/p>\n<p>&nbsp;<\/p>","protected":false},"excerpt":{"rendered":"<p>Knudetaske lavet af japansk denim og bomuldsstof med indviklede b\u00f8lger og guldpr\u00e6get v\u00e6vning.<\/p>","protected":false},"featured_media":11534,"comment_status":"closed","ping_status":"open","template":"","meta":{"_gspb_post_css":""},"product_brand":[],"product_cat":[65],"product_tag":[],"class_list":{"0":"post-9607","1":"product","2":"type-product","3":"status-publish","4":"has-post-thumbnail","6":"product_cat-65","8":"first","9":"onbackorder","10":"taxable","11":"shipping-taxable","12":"purchasable","13":"product-type-simple"},"_links":{"self":[{"href":"https:\/\/mo-mo.gr\/da\/wp-json\/wp\/v2\/product\/9607","targetHints":{"allow":["GET"]}}],"collection":[{"href":"https:\/\/mo-mo.gr\/da\/wp-json\/wp\/v2\/product"}],"about":[{"href":"https:\/\/mo-mo.gr\/da\/wp-json\/wp\/v2\/types\/product"}],"replies":[{"embeddable":true,"href":"https:\/\/mo-mo.gr\/da\/wp-json\/wp\/v2\/comments?post=9607"}],"wp:featuredmedia":[{"embeddable":true,"href":"https:\/\/mo-mo.gr\/da\/wp-json\/wp\/v2\/media\/11534"}],"wp:attachment":[{"href":"https:\/\/mo-mo.gr\/da\/wp-json\/wp\/v2\/media?parent=9607"}],"wp:term":[{"taxonomy":"product_brand","embeddable":true,"href":"https:\/\/mo-mo.gr\/da\/wp-json\/wp\/v2\/product_brand?post=9607"},{"taxonomy":"product_cat","embeddable":true,"href":"https:\/\/mo-mo.gr\/da\/wp-json\/wp\/v2\/product_cat?post=9607"},{"taxonomy":"product_tag","embeddable":true,"href":"https:\/\/mo-mo.gr\/da\/wp-json\/wp\/v2\/product_tag?post=9607"}],"curies":[{"name":"wp","href":"https:\/\/api.w.org\/{rel}","templated":true}]}}