{"id":13644,"date":"2025-11-24T12:14:35","date_gmt":"2025-11-24T10:14:35","guid":{"rendered":"https:\/\/mo-mo.gr\/?post_type=product&#038;p=13644"},"modified":"2025-11-24T12:17:08","modified_gmt":"2025-11-24T10:17:08","slug":"japanske-guldfiskeoreringe-i-gylden-farve","status":"publish","type":"product","link":"https:\/\/mo-mo.gr\/da\/\u03c0\u03c1\u03bf\u03ca\u03cc\u03bd\u03c4\u03b1\/japanese-goldfish-earings-in-golden-colo\/","title":{"rendered":"Japanske guldfiske\u00f8reringe i gylden farve"},"content":{"rendered":"","protected":false},"excerpt":{"rendered":"<p>Japanske guldfiske\u00f8reringe i gylden farve<\/p>\n<p>L\u00f8ft dit look med **Japanese Goldfish Earrings i gylden farve**, et par \u00f8reringe inspireret af japansk \u00e6stetik og guldfiskens symbolik for held, overflod og velstand.<\/p>\n<p>De er lavet af st\u00e5l i h\u00f8j kvalitet og er holdbare og lette at have p\u00e5 hele dagen. Den levende gyldne nuance giver liv og et luksuri\u00f8st, men sofistikeret touch til ethvert outfit.<\/p>\n<p>Ideel til dem, der elsker japansk kultur, unikt tilbeh\u00f8r og markante detaljer. Brug dem for at tilf\u00f8re bev\u00e6gelse, farve og karakter til din stil.<\/p>\n<p>\u00d8reringen er 5 cm h\u00f8j og 3 cm bred.<\/p>","protected":false},"featured_media":13645,"comment_status":"closed","ping_status":"closed","template":"","meta":{"_gspb_post_css":""},"product_brand":[],"product_cat":[124,72],"product_tag":[],"class_list":{"0":"post-13644","1":"product","2":"type-product","3":"status-publish","4":"has-post-thumbnail","6":"product_cat-124","7":"product_cat-72","9":"first","10":"instock","11":"taxable","12":"shipping-taxable","13":"purchasable","14":"product-type-simple"},"_links":{"self":[{"href":"https:\/\/mo-mo.gr\/da\/wp-json\/wp\/v2\/product\/13644","targetHints":{"allow":["GET"]}}],"collection":[{"href":"https:\/\/mo-mo.gr\/da\/wp-json\/wp\/v2\/product"}],"about":[{"href":"https:\/\/mo-mo.gr\/da\/wp-json\/wp\/v2\/types\/product"}],"replies":[{"embeddable":true,"href":"https:\/\/mo-mo.gr\/da\/wp-json\/wp\/v2\/comments?post=13644"}],"wp:featuredmedia":[{"embeddable":true,"href":"https:\/\/mo-mo.gr\/da\/wp-json\/wp\/v2\/media\/13645"}],"wp:attachment":[{"href":"https:\/\/mo-mo.gr\/da\/wp-json\/wp\/v2\/media?parent=13644"}],"wp:term":[{"taxonomy":"product_brand","embeddable":true,"href":"https:\/\/mo-mo.gr\/da\/wp-json\/wp\/v2\/product_brand?post=13644"},{"taxonomy":"product_cat","embeddable":true,"href":"https:\/\/mo-mo.gr\/da\/wp-json\/wp\/v2\/product_cat?post=13644"},{"taxonomy":"product_tag","embeddable":true,"href":"https:\/\/mo-mo.gr\/da\/wp-json\/wp\/v2\/product_tag?post=13644"}],"curies":[{"name":"wp","href":"https:\/\/api.w.org\/{rel}","templated":true}]}}