{"id":13189,"date":"2025-03-08T15:51:29","date_gmt":"2025-03-08T13:51:29","guid":{"rendered":"https:\/\/mo-mo.gr\/?post_type=product&#038;p=13189"},"modified":"2025-03-08T15:51:30","modified_gmt":"2025-03-08T13:51:30","slug":"sort-denim-haori-yoru","status":"publish","type":"product","link":"https:\/\/mo-mo.gr\/da\/\u03c0\u03c1\u03bf\u03ca\u03cc\u03bd\u03c4\u03b1\/black-denim-haori-yoru\/","title":{"rendered":"Sort denim Haori Yoru"},"content":{"rendered":"","protected":false},"excerpt":{"rendered":"<p>Oplev Denim Hori Yuro, et unikt produkt, der kombinerer japansk \u00e6stetik med denimens tidl\u00f8shed. Denne haori er fremstillet af **let bomuldsdenim** og giver komfort og alsidighed, hvilket g\u00f8r den perfekt til alle \u00e5rstider.<\/p>\n<p>Hvert stykke er h\u00e5ndlavet med fokus p\u00e5 detaljer og kvalitet. Med to praktiske lommer foran for funktionalitet og et stilfuldt bindeb\u00e5nd, der giver mulighed for forskellige m\u00e5der at passe den p\u00e5, enten \u00e5ben til l\u00f8se lag eller lukket for et mere struktureret look.<\/p>\n<p>Haori er det ultimative valg for dem, der leder efter et unikt, moderne og tidl\u00f8st stykke t\u00f8j, der udstr\u00e5ler enkelhed, elegance og streetwear-karakter.<\/p>\n<p>Ideel til enhver lejlighed - fra afslappede optr\u00e6dener til statement-lagdeling!<\/p>","protected":false},"featured_media":13194,"comment_status":"closed","ping_status":"closed","template":"","meta":{"_gspb_post_css":""},"product_brand":[],"product_cat":[74,114,66],"product_tag":[],"class_list":{"0":"post-13189","1":"product","2":"type-product","3":"status-publish","4":"has-post-thumbnail","6":"product_cat-new","7":"product_cat-haori","8":"product_cat-66","9":"pa_-large","10":"pa_-medium","11":"pa_-small","12":"pa_-xtra-large","13":"pa_-xtra-small","14":"pa_-xxl","15":"pa_-100-","16":"pa_-85","18":"first","19":"instock","20":"taxable","21":"shipping-taxable","22":"purchasable","23":"product-type-variable"},"_links":{"self":[{"href":"https:\/\/mo-mo.gr\/da\/wp-json\/wp\/v2\/product\/13189","targetHints":{"allow":["GET"]}}],"collection":[{"href":"https:\/\/mo-mo.gr\/da\/wp-json\/wp\/v2\/product"}],"about":[{"href":"https:\/\/mo-mo.gr\/da\/wp-json\/wp\/v2\/types\/product"}],"replies":[{"embeddable":true,"href":"https:\/\/mo-mo.gr\/da\/wp-json\/wp\/v2\/comments?post=13189"}],"wp:featuredmedia":[{"embeddable":true,"href":"https:\/\/mo-mo.gr\/da\/wp-json\/wp\/v2\/media\/13194"}],"wp:attachment":[{"href":"https:\/\/mo-mo.gr\/da\/wp-json\/wp\/v2\/media?parent=13189"}],"wp:term":[{"taxonomy":"product_brand","embeddable":true,"href":"https:\/\/mo-mo.gr\/da\/wp-json\/wp\/v2\/product_brand?post=13189"},{"taxonomy":"product_cat","embeddable":true,"href":"https:\/\/mo-mo.gr\/da\/wp-json\/wp\/v2\/product_cat?post=13189"},{"taxonomy":"product_tag","embeddable":true,"href":"https:\/\/mo-mo.gr\/da\/wp-json\/wp\/v2\/product_tag?post=13189"}],"curies":[{"name":"wp","href":"https:\/\/api.w.org\/{rel}","templated":true}]}}