{"id":13087,"date":"2025-02-06T15:14:50","date_gmt":"2025-02-06T13:14:50","guid":{"rendered":"https:\/\/mo-mo.gr\/?post_type=product&#038;p=13087"},"modified":"2026-04-09T16:28:31","modified_gmt":"2026-04-09T13:28:31","slug":"foniks-og-drage-sort-haori","status":"publish","type":"product","link":"https:\/\/mo-mo.gr\/da\/\u03c0\u03c1\u03bf\u03ca\u03cc\u03bd\u03c4\u03b1\/phoenix-and-dragon-black-haori\/","title":{"rendered":"F\u00f8niks og drage sort haori"},"content":{"rendered":"","protected":false},"excerpt":{"rendered":"<p>En haori med st\u00e6rk symbolik og dynamisk tilstedev\u00e6relse. Denne h\u00e5ndlavede frakke er lavet af gabardine i h\u00f8j kvalitet i sort eller bl\u00e5, hvilket g\u00f8r den perfekt til vinter, for\u00e5r og efter\u00e5r. Dens overdimensionerede design f\u00f8lger den traditionelle haori-linje og giver komfort og bev\u00e6gelse, mens de mellemstore yukata-\u00e6rmer forst\u00e6rker dens autentiske look.<\/p>\n<p>Ryggen er prydet med det ikoniske billede af **Draku** og **Foinika**, to mytiske v\u00e6sner, der er dybt forankret i japansk tradition. Dragen (Ry\u016b)** symboliserer styrke, visdom og beskyttelse, mens funinikaen (H\u014d-\u014d)** repr\u00e6senterer genf\u00f8dsel, fred og balance. N\u00e5r disse to symboler optr\u00e6der sammen i den japanske kultur, udtrykker de den perfekte harmoni mellem Yin og Yang, hvor dragen repr\u00e6senterer den maskuline energi og f\u00f8niksen den feminine ynde.<\/p>\n<p>Denne haori er mere end bare en frakke - den er en hyldest til den japanske traditions tidl\u00f8se balance og styrke og kombinerer praktisk anvendelighed med kulturarv.<\/p>","protected":false},"featured_media":13091,"comment_status":"open","ping_status":"closed","template":"","meta":{"_gspb_post_css":""},"product_brand":[],"product_cat":[114,74,66],"product_tag":[25,41,56],"class_list":{"0":"post-13087","1":"product","2":"type-product","3":"status-publish","4":"has-post-thumbnail","6":"product_cat-haori","7":"product_cat-new","8":"product_cat-66","9":"product_tag-haori","10":"product_tag-mens-kimonos","11":"product_tag-womans-kimonos","12":"pa_-large","13":"pa_-medium","14":"pa_-small","15":"pa_-xtra-large","16":"pa_-xxl","17":"pa_-85","19":"first","20":"instock","21":"taxable","22":"shipping-taxable","23":"purchasable","24":"product-type-variable"},"_links":{"self":[{"href":"https:\/\/mo-mo.gr\/da\/wp-json\/wp\/v2\/product\/13087","targetHints":{"allow":["GET"]}}],"collection":[{"href":"https:\/\/mo-mo.gr\/da\/wp-json\/wp\/v2\/product"}],"about":[{"href":"https:\/\/mo-mo.gr\/da\/wp-json\/wp\/v2\/types\/product"}],"replies":[{"embeddable":true,"href":"https:\/\/mo-mo.gr\/da\/wp-json\/wp\/v2\/comments?post=13087"}],"wp:featuredmedia":[{"embeddable":true,"href":"https:\/\/mo-mo.gr\/da\/wp-json\/wp\/v2\/media\/13091"}],"wp:attachment":[{"href":"https:\/\/mo-mo.gr\/da\/wp-json\/wp\/v2\/media?parent=13087"}],"wp:term":[{"taxonomy":"product_brand","embeddable":true,"href":"https:\/\/mo-mo.gr\/da\/wp-json\/wp\/v2\/product_brand?post=13087"},{"taxonomy":"product_cat","embeddable":true,"href":"https:\/\/mo-mo.gr\/da\/wp-json\/wp\/v2\/product_cat?post=13087"},{"taxonomy":"product_tag","embeddable":true,"href":"https:\/\/mo-mo.gr\/da\/wp-json\/wp\/v2\/product_tag?post=13087"}],"curies":[{"name":"wp","href":"https:\/\/api.w.org\/{rel}","templated":true}]}}