{"id":13066,"date":"2025-02-04T17:24:31","date_gmt":"2025-02-04T15:24:31","guid":{"rendered":"https:\/\/mo-mo.gr\/?post_type=product&#038;p=13066"},"modified":"2025-03-05T11:23:42","modified_gmt":"2025-03-05T09:23:42","slug":"komono-benitsuru-%ce%bd%ce%b5%cf%83%ce%b5%cf%83%ce%ad%cf%81","status":"publish","type":"product","link":"https:\/\/mo-mo.gr\/da\/\u03c0\u03c1\u03bf\u03ca\u03cc\u03bd\u03c4\u03b1\/komono-benitsuru-%ce%bd%ce%b5%cf%83%ce%b5%cf%83%ce%ad%cf%81\/","title":{"rendered":"Komono Benitsuru Kasserer"},"content":{"rendered":"","protected":false},"excerpt":{"rendered":"<p>Komono Benitsuru (\u7d05\u9db4), eller \"Red Crane\", er en h\u00e5ndtaske inspireret af japansk tradition og lykkebringende symboler. Med sit lyse **r\u00f8de stof**, dekoreret med **lilla og pink blomster** og den **hvide trane**, udstr\u00e5ler dette unikke produkt elegance og tidl\u00f8s sk\u00f8nhed.<\/p>\n<p>\ud83d\udd39 **Dimensioner:** 28\u00d718 cm med 6 cm dyb bund - ideel til at rumme alle de n\u00f8dvendige ting i hverdagen eller p\u00e5 rejsen.<br \/>\n\ud83d\udd39 **H\u00e5ndlavet konstruktion** med quiltet l\u00e6rred for holdbarhed og luksuri\u00f8s f\u00f8lelse.<br \/>\n\ud83d\udd39 **Sikker lynl\u00e5slukning** til at b\u00e6re dine ting med stil og praktisk.<br \/>\n\ud83d\udd39 **Multiple uses:** Brug den som en **chic h\u00e5ndtaske** eller behold den som en **elegant clutch bag** p\u00e5 en aften i byen.<\/p>\n<p>Komono Benitsuru er et tilbeh\u00f8r, der kombinerer tradition med moderne \u00e6stetik og bringer tranens ynde og naturens harmoni med sig.<\/p>","protected":false},"featured_media":13049,"comment_status":"open","ping_status":"closed","template":"","meta":{"_gspb_post_css":""},"product_brand":[],"product_cat":[130,74,123],"product_tag":[],"class_list":{"0":"post-13066","1":"product","2":"type-product","3":"status-publish","4":"has-post-thumbnail","6":"product_cat-komono-","7":"product_cat-new","8":"product_cat-123","10":"first","11":"instock","12":"taxable","13":"shipping-taxable","14":"purchasable","15":"product-type-simple"},"_links":{"self":[{"href":"https:\/\/mo-mo.gr\/da\/wp-json\/wp\/v2\/product\/13066","targetHints":{"allow":["GET"]}}],"collection":[{"href":"https:\/\/mo-mo.gr\/da\/wp-json\/wp\/v2\/product"}],"about":[{"href":"https:\/\/mo-mo.gr\/da\/wp-json\/wp\/v2\/types\/product"}],"replies":[{"embeddable":true,"href":"https:\/\/mo-mo.gr\/da\/wp-json\/wp\/v2\/comments?post=13066"}],"wp:featuredmedia":[{"embeddable":true,"href":"https:\/\/mo-mo.gr\/da\/wp-json\/wp\/v2\/media\/13049"}],"wp:attachment":[{"href":"https:\/\/mo-mo.gr\/da\/wp-json\/wp\/v2\/media?parent=13066"}],"wp:term":[{"taxonomy":"product_brand","embeddable":true,"href":"https:\/\/mo-mo.gr\/da\/wp-json\/wp\/v2\/product_brand?post=13066"},{"taxonomy":"product_cat","embeddable":true,"href":"https:\/\/mo-mo.gr\/da\/wp-json\/wp\/v2\/product_cat?post=13066"},{"taxonomy":"product_tag","embeddable":true,"href":"https:\/\/mo-mo.gr\/da\/wp-json\/wp\/v2\/product_tag?post=13066"}],"curies":[{"name":"wp","href":"https:\/\/api.w.org\/{rel}","templated":true}]}}