{"id":13065,"date":"2025-02-04T17:18:24","date_gmt":"2025-02-04T15:18:24","guid":{"rendered":"https:\/\/mo-mo.gr\/?post_type=product&#038;p=13065"},"modified":"2025-03-05T11:23:33","modified_gmt":"2025-03-05T09:23:33","slug":"komono-hoshizora-%ce%bd%ce%b5%cf%83%ce%b5%cf%83%ce%ad%cf%81","status":"publish","type":"product","link":"https:\/\/mo-mo.gr\/da\/\u03c0\u03c1\u03bf\u03ca\u03cc\u03bd\u03c4\u03b1\/komono-hoshizora-%ce%bd%ce%b5%cf%83%ce%b5%cf%83%ce%ad%cf%81\/","title":{"rendered":"Komono Hoshizora Pengekasse"},"content":{"rendered":"","protected":false},"excerpt":{"rendered":"<p>En elegant og stemningsfuld kiste, der indfanger magien i Japans nattehimmel. Komono Hoshizora (\u5c0f\u7269 \u661f\u7a7a), som betyder \"sm\u00e5 genstande under stjernehimlen\", er lavet af sort v\u00e6vet stof, dekoreret med hvide tr\u00e5ddr\u00e5ber, som ligner stjerner, der lyser i m\u00f8rket.<\/p>\n<p>\ud83d\udd39 **Dimensioner:** 28\u00d718 cm med 6 cm dyb bund - ideel til at rumme alle de n\u00f8dvendige ting i hverdagen eller p\u00e5 rejsen.<br \/>\n\ud83d\udd39 **H\u00e5ndlavet konstruktion** med quiltet kanvas for ekstra holdbarhed og en lynl\u00e5s, der sikrer sikker lukning.<br \/>\n\ud83d\udd39 **Multipurpose:** Ideel som h\u00e5ndtaske, men ogs\u00e5 som en elegant clutch-taske til en udflugt med en minimal japansk \u00e6stetik.<\/p>\n<p>Oplev harmonien mellem enkelhed og funktionalitet med **Komono Hoshizora** - et tidl\u00f8st tilbeh\u00f8r, der kombinerer tradition og moderne elegance.<\/p>","protected":false},"featured_media":13052,"comment_status":"open","ping_status":"closed","template":"","meta":{"_gspb_post_css":""},"product_brand":[],"product_cat":[130,74,123],"product_tag":[],"class_list":{"0":"post-13065","1":"product","2":"type-product","3":"status-publish","4":"has-post-thumbnail","6":"product_cat-komono-","7":"product_cat-new","8":"product_cat-123","10":"first","11":"instock","12":"taxable","13":"shipping-taxable","14":"purchasable","15":"product-type-simple"},"_links":{"self":[{"href":"https:\/\/mo-mo.gr\/da\/wp-json\/wp\/v2\/product\/13065","targetHints":{"allow":["GET"]}}],"collection":[{"href":"https:\/\/mo-mo.gr\/da\/wp-json\/wp\/v2\/product"}],"about":[{"href":"https:\/\/mo-mo.gr\/da\/wp-json\/wp\/v2\/types\/product"}],"replies":[{"embeddable":true,"href":"https:\/\/mo-mo.gr\/da\/wp-json\/wp\/v2\/comments?post=13065"}],"wp:featuredmedia":[{"embeddable":true,"href":"https:\/\/mo-mo.gr\/da\/wp-json\/wp\/v2\/media\/13052"}],"wp:attachment":[{"href":"https:\/\/mo-mo.gr\/da\/wp-json\/wp\/v2\/media?parent=13065"}],"wp:term":[{"taxonomy":"product_brand","embeddable":true,"href":"https:\/\/mo-mo.gr\/da\/wp-json\/wp\/v2\/product_brand?post=13065"},{"taxonomy":"product_cat","embeddable":true,"href":"https:\/\/mo-mo.gr\/da\/wp-json\/wp\/v2\/product_cat?post=13065"},{"taxonomy":"product_tag","embeddable":true,"href":"https:\/\/mo-mo.gr\/da\/wp-json\/wp\/v2\/product_tag?post=13065"}],"curies":[{"name":"wp","href":"https:\/\/api.w.org\/{rel}","templated":true}]}}