{"id":13064,"date":"2025-02-04T17:13:15","date_gmt":"2025-02-04T15:13:15","guid":{"rendered":"https:\/\/mo-mo.gr\/?post_type=product&#038;p=13064"},"modified":"2025-03-05T11:23:24","modified_gmt":"2025-03-05T09:23:24","slug":"komono-haku-tsuru-%ce%bd%ce%b5%cf%83%ce%b5%cf%83%ce%ad%cf%81","status":"publish","type":"product","link":"https:\/\/mo-mo.gr\/da\/\u03c0\u03c1\u03bf\u03ca\u03cc\u03bd\u03c4\u03b1\/komono-haku-tsuru-%ce%bd%ce%b5%cf%83%ce%b5%cf%83%ce%ad%cf%81\/","title":{"rendered":"Komono Haku Tsuru Pengekasse"},"content":{"rendered":"","protected":false},"excerpt":{"rendered":"<p>Komono Haku Tsuru er en stilfuld og luksuri\u00f8s japansk toilettaske, der kombinerer tradition med moderne funktionalitet. Med en sort baggrund dekoreret med underhvide traner - et symbol p\u00e5 lang levetid og held og lykke - og sl\u00e5ende traditionelle farverige motiver indfanger den Kyoto-\u00e6stetikken.<\/p>\n<p>H\u00e5ndlavet kvalitet og luksuri\u00f8st stof<br \/>\nDenne kuffert er fremstillet af quiltet kanvas af h\u00f8j kvalitet fra Kyoto og er b\u00e5de holdbar og elegant. Den robuste lynl\u00e5s sikrer en sikker lukning, mens de omhyggelige syninger fremh\u00e6ver dens unikke karakter.<\/p>\n<p>Ideel til enhver lejlighed<br \/>\nMed m\u00e5lene **28 x 18 cm** og en **dybde p\u00e5 6 cm** har den masser af plads til alt dit vigtige tilbeh\u00f8r - uanset om det er til hverdag eller til en rejse. Takket v\u00e6re det unikke design kan den ogs\u00e5 bruges som en stilfuld taske til en aften i byen og tilf\u00f8je et strejf af japansk raffinement til din stil.<\/p>\n<p>En accessory, der udstr\u00e5ler tidl\u00f8s elegance og bringer japansk stofkunst ind i din hverdag.<\/p>","protected":false},"featured_media":13062,"comment_status":"open","ping_status":"closed","template":"","meta":{"_gspb_post_css":""},"product_brand":[],"product_cat":[130,74,123],"product_tag":[],"class_list":{"0":"post-13064","1":"product","2":"type-product","3":"status-publish","4":"has-post-thumbnail","6":"product_cat-komono-","7":"product_cat-new","8":"product_cat-123","10":"first","11":"instock","12":"taxable","13":"shipping-taxable","14":"purchasable","15":"product-type-simple"},"_links":{"self":[{"href":"https:\/\/mo-mo.gr\/da\/wp-json\/wp\/v2\/product\/13064","targetHints":{"allow":["GET"]}}],"collection":[{"href":"https:\/\/mo-mo.gr\/da\/wp-json\/wp\/v2\/product"}],"about":[{"href":"https:\/\/mo-mo.gr\/da\/wp-json\/wp\/v2\/types\/product"}],"replies":[{"embeddable":true,"href":"https:\/\/mo-mo.gr\/da\/wp-json\/wp\/v2\/comments?post=13064"}],"wp:featuredmedia":[{"embeddable":true,"href":"https:\/\/mo-mo.gr\/da\/wp-json\/wp\/v2\/media\/13062"}],"wp:attachment":[{"href":"https:\/\/mo-mo.gr\/da\/wp-json\/wp\/v2\/media?parent=13064"}],"wp:term":[{"taxonomy":"product_brand","embeddable":true,"href":"https:\/\/mo-mo.gr\/da\/wp-json\/wp\/v2\/product_brand?post=13064"},{"taxonomy":"product_cat","embeddable":true,"href":"https:\/\/mo-mo.gr\/da\/wp-json\/wp\/v2\/product_cat?post=13064"},{"taxonomy":"product_tag","embeddable":true,"href":"https:\/\/mo-mo.gr\/da\/wp-json\/wp\/v2\/product_tag?post=13064"}],"curies":[{"name":"wp","href":"https:\/\/api.w.org\/{rel}","templated":true}]}}