{"id":13046,"date":"2025-02-04T16:46:34","date_gmt":"2025-02-04T14:46:34","guid":{"rendered":"https:\/\/mo-mo.gr\/?post_type=product&#038;p=13046"},"modified":"2026-04-02T19:25:30","modified_gmt":"2026-04-02T16:25:30","slug":"komono-tateshizuku-%ce%bd%ce%b5%cf%83%ce%b5%cf%83%ce%ad%cf%81","status":"publish","type":"product","link":"https:\/\/mo-mo.gr\/da\/\u03c0\u03c1\u03bf\u03ca\u03cc\u03bd\u03c4\u03b1\/komono-tateshizuku-%ce%bd%ce%b5%cf%83%ce%b5%cf%83%ce%ad%cf%81\/","title":{"rendered":"Komono Tateshizuku Pengekasse"},"content":{"rendered":"","protected":false},"excerpt":{"rendered":"<p>Komono er en stilfuld og praktisk japansk h\u00e5ndtaske, fremstillet af det traditionelle Tateshizuku-stof, der er kendt for sin s\u00e6rlige struktur og holdbarhed. I en dyb indigo farve udstr\u00e5ler den tidl\u00f8s \u00e6stetik og minimal elegance.<\/p>\n<p>\ud83d\udd39 M\u00e5l: 28\u00d718 cm | Bunddybde: 6 cm.<br \/>\n\ud83d\udd39 Materiale: H\u00e5ndlavet quiltet l\u00e6rred<br \/>\n\ud83d\udd39 Luk: Holdbar lynl\u00e5s<br \/>\n\ud83d\udd39 Anvendelser: ideel til at organisere det n\u00f8dvendige tilbeh\u00f8r hver dag eller p\u00e5 rejsen<br \/>\n\ud83d\udd39 Stil: Kan holdes som en h\u00e5ndtaske til en elegant udflugt<\/p>\n<p>Et tidl\u00f8st m\u00f8bel, der kombinerer funktionalitet med japansk h\u00e5ndv\u00e6rk, lavet til dem, der elsker det autentiske og raffinerede.<\/p>","protected":false},"featured_media":13059,"comment_status":"open","ping_status":"closed","template":"","meta":{"_gspb_post_css":""},"product_brand":[],"product_cat":[130,74,123],"product_tag":[],"class_list":{"0":"post-13046","1":"product","2":"type-product","3":"status-publish","4":"has-post-thumbnail","6":"product_cat-komono-","7":"product_cat-new","8":"product_cat-123","10":"first","11":"outofstock","12":"taxable","13":"shipping-taxable","14":"purchasable","15":"product-type-simple"},"_links":{"self":[{"href":"https:\/\/mo-mo.gr\/da\/wp-json\/wp\/v2\/product\/13046","targetHints":{"allow":["GET"]}}],"collection":[{"href":"https:\/\/mo-mo.gr\/da\/wp-json\/wp\/v2\/product"}],"about":[{"href":"https:\/\/mo-mo.gr\/da\/wp-json\/wp\/v2\/types\/product"}],"replies":[{"embeddable":true,"href":"https:\/\/mo-mo.gr\/da\/wp-json\/wp\/v2\/comments?post=13046"}],"wp:featuredmedia":[{"embeddable":true,"href":"https:\/\/mo-mo.gr\/da\/wp-json\/wp\/v2\/media\/13059"}],"wp:attachment":[{"href":"https:\/\/mo-mo.gr\/da\/wp-json\/wp\/v2\/media?parent=13046"}],"wp:term":[{"taxonomy":"product_brand","embeddable":true,"href":"https:\/\/mo-mo.gr\/da\/wp-json\/wp\/v2\/product_brand?post=13046"},{"taxonomy":"product_cat","embeddable":true,"href":"https:\/\/mo-mo.gr\/da\/wp-json\/wp\/v2\/product_cat?post=13046"},{"taxonomy":"product_tag","embeddable":true,"href":"https:\/\/mo-mo.gr\/da\/wp-json\/wp\/v2\/product_tag?post=13046"}],"curies":[{"name":"wp","href":"https:\/\/api.w.org\/{rel}","templated":true}]}}