{"id":13019,"date":"2025-01-22T18:59:22","date_gmt":"2025-01-22T16:59:22","guid":{"rendered":"https:\/\/mo-mo.gr\/?post_type=product&#038;p=13019"},"modified":"2025-05-29T15:03:55","modified_gmt":"2025-05-29T12:03:55","slug":"silke-oven-pa-terrakotta","status":"publish","type":"product","link":"https:\/\/mo-mo.gr\/da\/\u03c0\u03c1\u03bf\u03ca\u03cc\u03bd\u03c4\u03b1\/silk-overtop-terracotta\/","title":{"rendered":"Silk Overtop Terracotta"},"content":{"rendered":"","protected":false},"excerpt":{"rendered":"<p>Oplev elegance og unikhed med Silk Overtop Terracotta, et h\u00e5ndlavet silket\u00e6ppe, der udstr\u00e5ler elegance og naturlig sk\u00f8nhed. Stoffet er farvet med naturlige cochenille- og krappefarver, som giver varme, jordn\u00e6re terracotta-nuancer, der kl\u00e6der enhver hudtone.<\/p>\n<p>Med sin bl\u00f8de tekstur, lette fornemmelse og unikke farvevariationer er denne frakke ideel til lag p\u00e5 lag i alle s\u00e6soner. S\u00e6t den sammen med minimale eller markante dele for et afslappet, men sofistikeret look.<\/p>\n<p><strong>Funktioner<\/strong>:<br \/>\n- Materiale: 100%-silke<br \/>\n- H\u00e5ndlavet konstruktion<br \/>\n- Naturlige farvestoffer fra cochenille og krapprot<br \/>\n- Karakteristiske, unikke farvevariationer p\u00e5 grund af den h\u00e5ndlavede proces<\/p>\n<p>V\u00e6lg den for at opgradere dit look med et strejf af naturlig luksus og tidl\u00f8s \u00e6stetik.<\/p>\n<p>Den er syet i en one size-linje, og m\u00e5lene er: 75 cm rygl\u00e6ngde, 86 cm h\u00f8jde.<\/p>","protected":false},"featured_media":12993,"comment_status":"open","ping_status":"closed","template":"","meta":{"_gspb_post_css":""},"product_brand":[],"product_cat":[66],"product_tag":[],"class_list":{"0":"post-13019","1":"product","2":"type-product","3":"status-publish","4":"has-post-thumbnail","6":"product_cat-66","7":"pa_-127","9":"first","10":"outofstock","11":"taxable","12":"shipping-taxable","13":"purchasable","14":"product-type-simple"},"_links":{"self":[{"href":"https:\/\/mo-mo.gr\/da\/wp-json\/wp\/v2\/product\/13019","targetHints":{"allow":["GET"]}}],"collection":[{"href":"https:\/\/mo-mo.gr\/da\/wp-json\/wp\/v2\/product"}],"about":[{"href":"https:\/\/mo-mo.gr\/da\/wp-json\/wp\/v2\/types\/product"}],"replies":[{"embeddable":true,"href":"https:\/\/mo-mo.gr\/da\/wp-json\/wp\/v2\/comments?post=13019"}],"wp:featuredmedia":[{"embeddable":true,"href":"https:\/\/mo-mo.gr\/da\/wp-json\/wp\/v2\/media\/12993"}],"wp:attachment":[{"href":"https:\/\/mo-mo.gr\/da\/wp-json\/wp\/v2\/media?parent=13019"}],"wp:term":[{"taxonomy":"product_brand","embeddable":true,"href":"https:\/\/mo-mo.gr\/da\/wp-json\/wp\/v2\/product_brand?post=13019"},{"taxonomy":"product_cat","embeddable":true,"href":"https:\/\/mo-mo.gr\/da\/wp-json\/wp\/v2\/product_cat?post=13019"},{"taxonomy":"product_tag","embeddable":true,"href":"https:\/\/mo-mo.gr\/da\/wp-json\/wp\/v2\/product_tag?post=13019"}],"curies":[{"name":"wp","href":"https:\/\/api.w.org\/{rel}","templated":true}]}}