{"id":13018,"date":"2025-01-22T18:57:43","date_gmt":"2025-01-22T16:57:43","guid":{"rendered":"https:\/\/mo-mo.gr\/?post_type=product&#038;p=13018"},"modified":"2025-05-29T15:03:39","modified_gmt":"2025-05-29T12:03:39","slug":"silke-over-alcea","status":"publish","type":"product","link":"https:\/\/mo-mo.gr\/da\/\u03c0\u03c1\u03bf\u03ca\u03cc\u03bd\u03c4\u03b1\/silk-overtop-alcea\/","title":{"rendered":"Silke-overdel Alcea"},"content":{"rendered":"","protected":false},"excerpt":{"rendered":"<p>Oplev elegancen i Silk Overtop Alcea, et unikt h\u00e5ndlavet silket\u00e6ppe, der kombinerer luksus og naturlig sk\u00f8nhed. Farvet med naturlige farver af alcea (katost), morgenfrue og sort valn\u00f8d, viser dette unikke stykke kunsten at farve vegetabilsk.<\/p>\n<p>Silkens lette og bl\u00f8de tekstur smyger sig om kroppen, giver komfort og stil og er ideel til enhver lejlighed. Dens jordfarver fremh\u00e6ver dens naturlighed, mens opm\u00e6rksomheden p\u00e5 detaljer i den h\u00e5ndlavede konstruktion sikrer kvaliteten og det unikke ved hvert stykke.<\/p>\n<p>Brug Silk Overtop Alcea for at tilf\u00f8je et sofistikeret touch til dit outfit, inspireret af natur og tradition.<\/p>\n<p>Den er syet i en one size-linje, og m\u00e5lene er: 75 cm rygl\u00e6ngde, 86 cm h\u00f8jde.<\/p>","protected":false},"featured_media":13001,"comment_status":"open","ping_status":"closed","template":"","meta":{"_gspb_post_css":""},"product_brand":[],"product_cat":[66],"product_tag":[],"class_list":{"0":"post-13018","1":"product","2":"type-product","3":"status-publish","4":"has-post-thumbnail","6":"product_cat-66","7":"pa_-127","9":"first","10":"outofstock","11":"taxable","12":"shipping-taxable","13":"purchasable","14":"product-type-simple"},"_links":{"self":[{"href":"https:\/\/mo-mo.gr\/da\/wp-json\/wp\/v2\/product\/13018","targetHints":{"allow":["GET"]}}],"collection":[{"href":"https:\/\/mo-mo.gr\/da\/wp-json\/wp\/v2\/product"}],"about":[{"href":"https:\/\/mo-mo.gr\/da\/wp-json\/wp\/v2\/types\/product"}],"replies":[{"embeddable":true,"href":"https:\/\/mo-mo.gr\/da\/wp-json\/wp\/v2\/comments?post=13018"}],"wp:featuredmedia":[{"embeddable":true,"href":"https:\/\/mo-mo.gr\/da\/wp-json\/wp\/v2\/media\/13001"}],"wp:attachment":[{"href":"https:\/\/mo-mo.gr\/da\/wp-json\/wp\/v2\/media?parent=13018"}],"wp:term":[{"taxonomy":"product_brand","embeddable":true,"href":"https:\/\/mo-mo.gr\/da\/wp-json\/wp\/v2\/product_brand?post=13018"},{"taxonomy":"product_cat","embeddable":true,"href":"https:\/\/mo-mo.gr\/da\/wp-json\/wp\/v2\/product_cat?post=13018"},{"taxonomy":"product_tag","embeddable":true,"href":"https:\/\/mo-mo.gr\/da\/wp-json\/wp\/v2\/product_tag?post=13018"}],"curies":[{"name":"wp","href":"https:\/\/api.w.org\/{rel}","templated":true}]}}