{"id":13017,"date":"2025-01-22T18:55:19","date_gmt":"2025-01-22T16:55:19","guid":{"rendered":"https:\/\/mo-mo.gr\/?post_type=product&#038;p=13017"},"modified":"2025-05-11T07:26:23","modified_gmt":"2025-05-11T04:26:23","slug":"silkeoverdel-blagron","status":"publish","type":"product","link":"https:\/\/mo-mo.gr\/da\/\u03c0\u03c1\u03bf\u03ca\u03cc\u03bd\u03c4\u03b1\/silk-overtop-teal\/","title":{"rendered":"Silk Overtop Teal"},"content":{"rendered":"","protected":false},"excerpt":{"rendered":"<p>Oplev den ultimative elegance med Silk Overtop Teal, en unik, h\u00e5ndlavet panoply fremstillet af 100% silkestof af h\u00f8j kvalitet. Den er indfarvet med det naturlige farvestof japansk indigo og udstr\u00e5ler autenticitet og spiritualitet fra traditionel japansk indfarvning.<\/p>\n<p>Den markante turkise farve, der minder om havets nuancer, kombinerer p\u00e5 harmonisk vis naturlig enkelhed med raffineret \u00e6stetik. Silk Overtop Teal er let og luftig, ideel til alle \u00e5rstider og giver komfort og stil til ethvert look.<\/p>\n<p>Brug den over et hvilket som helst s\u00e6t t\u00f8j for at skabe et unikt look med en st\u00e6rk kulturel reference og moderne raffinement. Et sandt kunstv\u00e6rk, der tilf\u00f8rer din garderobe raffinement og karakter.<\/p>\n<p>Den er syet i en one size-linje, og m\u00e5lene er: 75 cm rygl\u00e6ngde, 86 cm h\u00f8jde.<\/p>","protected":false},"featured_media":13013,"comment_status":"open","ping_status":"closed","template":"","meta":{"_gspb_post_css":""},"product_brand":[],"product_cat":[66],"product_tag":[],"class_list":{"0":"post-13017","1":"product","2":"type-product","3":"status-publish","4":"has-post-thumbnail","6":"product_cat-66","7":"pa_-127","9":"first","10":"instock","11":"taxable","12":"shipping-taxable","13":"purchasable","14":"product-type-simple"},"_links":{"self":[{"href":"https:\/\/mo-mo.gr\/da\/wp-json\/wp\/v2\/product\/13017","targetHints":{"allow":["GET"]}}],"collection":[{"href":"https:\/\/mo-mo.gr\/da\/wp-json\/wp\/v2\/product"}],"about":[{"href":"https:\/\/mo-mo.gr\/da\/wp-json\/wp\/v2\/types\/product"}],"replies":[{"embeddable":true,"href":"https:\/\/mo-mo.gr\/da\/wp-json\/wp\/v2\/comments?post=13017"}],"wp:featuredmedia":[{"embeddable":true,"href":"https:\/\/mo-mo.gr\/da\/wp-json\/wp\/v2\/media\/13013"}],"wp:attachment":[{"href":"https:\/\/mo-mo.gr\/da\/wp-json\/wp\/v2\/media?parent=13017"}],"wp:term":[{"taxonomy":"product_brand","embeddable":true,"href":"https:\/\/mo-mo.gr\/da\/wp-json\/wp\/v2\/product_brand?post=13017"},{"taxonomy":"product_cat","embeddable":true,"href":"https:\/\/mo-mo.gr\/da\/wp-json\/wp\/v2\/product_cat?post=13017"},{"taxonomy":"product_tag","embeddable":true,"href":"https:\/\/mo-mo.gr\/da\/wp-json\/wp\/v2\/product_tag?post=13017"}],"curies":[{"name":"wp","href":"https:\/\/api.w.org\/{rel}","templated":true}]}}