{"id":12964,"date":"2025-01-14T12:31:46","date_gmt":"2025-01-14T10:31:46","guid":{"rendered":"https:\/\/mo-mo.gr\/?post_type=product&#038;p=12964"},"modified":"2025-03-05T11:22:22","modified_gmt":"2025-03-05T09:22:22","slug":"arashiyama-vista-tote-bag","status":"publish","type":"product","link":"https:\/\/mo-mo.gr\/da\/\u03c0\u03c1\u03bf\u03ca\u03cc\u03bd\u03c4\u03b1\/arashiyama-vista-tote-bag\/","title":{"rendered":"Arashiyama Vista-taske"},"content":{"rendered":"<h3><strong>Materialer og design<\/strong><\/h3>\n<ul>\n<li><strong>Indvendigt:<\/strong> Den er fremstillet af quiltet kanvas og giver struktur og holdbarhed, mens den indvendige lynl\u00e5slomme sikrer praktisk organisering af dine personlige ting.<\/li>\n<li><strong>Udvendigt:<\/strong>\n<ul>\n<li>Den <strong>tilbage<\/strong> er lavet af ekstremt bl\u00f8dt uld, som giver en luksuri\u00f8s fornemmelse ved ber\u00f8ring.<\/li>\n<li>\u0397 <strong>Forsiden<\/strong> har et v\u00e6vet l\u00e6rred, der viser et betagende japansk landskab i bl\u00e5gr\u00f8nne og bl\u00e5 nuancer, inspireret af roen i Arashiyama-regionen.<\/li>\n<\/ul>\n<\/li>\n<li><strong>Lukning:<\/strong> Tasken er udstyret med en lynl\u00e5s og giver sikkerhed og elegance, hvilket g\u00f8r den ideel til hverdagsbrug.<\/li>\n<\/ul>\n<h3><strong>Dimensioner og kapacitet<\/strong><\/h3>\n<ul>\n<li><strong>H\u00f8jde:<\/strong> 44 cm.<\/li>\n<li><strong>Bredde:<\/strong> 62 cm.<\/li>\n<li><strong>Dybde:<\/strong> 8 cm.<\/li>\n<\/ul>\n<p>Dens store dimensioner g\u00f8r den ideel til at b\u00e6re alle dine daglige forn\u00f8denheder, fra dokumenter og b\u00f8ger til personlige ting, uden at miste din elegance.<\/p>\n<p>Oplev den perfekte balance mellem funktionalitet og kunst med <strong>Arashiyama Vista-taske<\/strong>og tag essensen af Japan med dig, hvor end du g\u00e5r.<\/p>","protected":false},"excerpt":{"rendered":"<p>Arashiyama Vista Tote Bag er en ode til den japanske natur og kombinerer luksus, tradition og moderne design. Med unikke materialer og uovertruffen \u00e6stetik vil denne taske blive dit foretrukne valg til hverdagsbrug.<\/p>\n<p>Arashiyama Vista er ikke bare en taske; det er en indgang til den japanske naturs sk\u00f8nhed. Det smukke landskab, der pryder forsiden af tasken, indfanger roen og spiritualiteten i Arashiyama-regionen, der er ber\u00f8mt for sine bambusskove og traditionelle landskaber.<\/p>","protected":false},"featured_media":12966,"comment_status":"open","ping_status":"closed","template":"","meta":{"_gspb_post_css":""},"product_brand":[],"product_cat":[76,123],"product_tag":[],"class_list":{"0":"post-12964","1":"product","2":"type-product","3":"status-publish","4":"has-post-thumbnail","6":"product_cat-totes","7":"product_cat-123","9":"first","10":"instock","11":"taxable","12":"shipping-taxable","13":"purchasable","14":"product-type-simple"},"_links":{"self":[{"href":"https:\/\/mo-mo.gr\/da\/wp-json\/wp\/v2\/product\/12964","targetHints":{"allow":["GET"]}}],"collection":[{"href":"https:\/\/mo-mo.gr\/da\/wp-json\/wp\/v2\/product"}],"about":[{"href":"https:\/\/mo-mo.gr\/da\/wp-json\/wp\/v2\/types\/product"}],"replies":[{"embeddable":true,"href":"https:\/\/mo-mo.gr\/da\/wp-json\/wp\/v2\/comments?post=12964"}],"wp:featuredmedia":[{"embeddable":true,"href":"https:\/\/mo-mo.gr\/da\/wp-json\/wp\/v2\/media\/12966"}],"wp:attachment":[{"href":"https:\/\/mo-mo.gr\/da\/wp-json\/wp\/v2\/media?parent=12964"}],"wp:term":[{"taxonomy":"product_brand","embeddable":true,"href":"https:\/\/mo-mo.gr\/da\/wp-json\/wp\/v2\/product_brand?post=12964"},{"taxonomy":"product_cat","embeddable":true,"href":"https:\/\/mo-mo.gr\/da\/wp-json\/wp\/v2\/product_cat?post=12964"},{"taxonomy":"product_tag","embeddable":true,"href":"https:\/\/mo-mo.gr\/da\/wp-json\/wp\/v2\/product_tag?post=12964"}],"curies":[{"name":"wp","href":"https:\/\/api.w.org\/{rel}","templated":true}]}}