{"id":12959,"date":"2025-01-14T12:23:58","date_gmt":"2025-01-14T10:23:58","guid":{"rendered":"https:\/\/mo-mo.gr\/?post_type=product&#038;p=12959"},"modified":"2025-03-05T11:22:13","modified_gmt":"2025-03-05T09:22:13","slug":"akita-no-kizuma-tote-bag","status":"publish","type":"product","link":"https:\/\/mo-mo.gr\/da\/\u03c0\u03c1\u03bf\u03ca\u03cc\u03bd\u03c4\u03b1\/akita-no-kizuma-tote-bag\/","title":{"rendered":"Akita No Kizuma-taske"},"content":{"rendered":"<p>Med dimensioner <strong>44 cm h\u00f8j, 36 cm bred og 8 cm dyb<\/strong>, \u03b7 <strong>Akita no Kizuna<\/strong> har masser af plads til dine hverdagsting. Uanset om du bruger den til indk\u00f8b, arbejde eller en g\u00e5tur, er den rummelig nok til at opfylde alle dine behov.<\/p>\n<h3><strong>Praktisk anvendelighed og detaljer<\/strong><\/h3>\n<ul>\n<li><strong>Indvendig lomme med lynl\u00e5s:<\/strong> Ideel til opbevaring af sm\u00e5ting som n\u00f8gler, pung eller mobiltelefon, hvilket sikrer \u00f8jeblikkelig adgang og organisering.<\/li>\n<li><strong>Lynl\u00e5slukning:<\/strong> Tasken lukkes helt med en robust lynl\u00e5s, som giver maksimal sikkerhed for dine ting.<\/li>\n<li><strong>Holdbarhed:<\/strong> Taskens konstruktion er designet til hverdagsbrug, s\u00e5 den bevarer sin funktionalitet og elegance.<\/li>\n<\/ul>\n<p>Navnet \"Akita no Kizuna\" betyder \"Akita's Bond\" og er dedikeret til den unikke forbindelse, som Akita-hunde har med mennesker, og som symboliserer loyalitet, hengivenhed og harmoni. De geometriske m\u00f8nstre afspejler moderne japansk kultur, mens brugen af traditionelle stoffer forbinder fortiden med nutiden.<\/p>","protected":false},"excerpt":{"rendered":"<p>Tasken er lavet af quiltet kanvas af h\u00f8j kvalitet med bomuldsstof fra Kyoto og udstr\u00e5ler en f\u00f8lelse af luksus og tradition. Designet har dristige r\u00f8de geometriske former, som passer harmonisk sammen med Akita-hundene og skaber en unik visuel oplevelse. Quiltningen giver tekstur og dybde og forbedrer taskens holdbarhed.<\/p>\n<p>Akita no Kizuna Tote Bag er mere end bare en taske - det er et kunstv\u00e6rk, der kombinerer japansk tradition med moderne \u00e6stetik. Inspireret af de \u00e6dle og loyale Akita-hunde, men med intensiteten af geometriske m\u00f8nstre, tilf\u00f8jer denne taske elegance og unikhed til ethvert look.\u03c9<\/p>","protected":false},"featured_media":12961,"comment_status":"open","ping_status":"closed","template":"","meta":{"_gspb_post_css":""},"product_brand":[],"product_cat":[76,123],"product_tag":[],"class_list":{"0":"post-12959","1":"product","2":"type-product","3":"status-publish","4":"has-post-thumbnail","6":"product_cat-totes","7":"product_cat-123","8":"pa_-128","9":"pa_-129","11":"first","12":"instock","13":"taxable","14":"shipping-taxable","15":"purchasable","16":"product-type-simple"},"_links":{"self":[{"href":"https:\/\/mo-mo.gr\/da\/wp-json\/wp\/v2\/product\/12959","targetHints":{"allow":["GET"]}}],"collection":[{"href":"https:\/\/mo-mo.gr\/da\/wp-json\/wp\/v2\/product"}],"about":[{"href":"https:\/\/mo-mo.gr\/da\/wp-json\/wp\/v2\/types\/product"}],"replies":[{"embeddable":true,"href":"https:\/\/mo-mo.gr\/da\/wp-json\/wp\/v2\/comments?post=12959"}],"wp:featuredmedia":[{"embeddable":true,"href":"https:\/\/mo-mo.gr\/da\/wp-json\/wp\/v2\/media\/12961"}],"wp:attachment":[{"href":"https:\/\/mo-mo.gr\/da\/wp-json\/wp\/v2\/media?parent=12959"}],"wp:term":[{"taxonomy":"product_brand","embeddable":true,"href":"https:\/\/mo-mo.gr\/da\/wp-json\/wp\/v2\/product_brand?post=12959"},{"taxonomy":"product_cat","embeddable":true,"href":"https:\/\/mo-mo.gr\/da\/wp-json\/wp\/v2\/product_cat?post=12959"},{"taxonomy":"product_tag","embeddable":true,"href":"https:\/\/mo-mo.gr\/da\/wp-json\/wp\/v2\/product_tag?post=12959"}],"curies":[{"name":"wp","href":"https:\/\/api.w.org\/{rel}","templated":true}]}}