{"id":12951,"date":"2025-01-13T22:06:36","date_gmt":"2025-01-13T20:06:36","guid":{"rendered":"https:\/\/mo-mo.gr\/?post_type=product&#038;p=12951"},"modified":"2026-04-02T16:46:02","modified_gmt":"2026-04-02T13:46:02","slug":"sakura-neko-big-tote-bag","status":"publish","type":"product","link":"https:\/\/mo-mo.gr\/da\/\u03c0\u03c1\u03bf\u03ca\u03cc\u03bd\u03c4\u03b1\/sakura-neko-big-tote-bag\/","title":{"rendered":"Sakura Neko stor taske"},"content":{"rendered":"","protected":false},"excerpt":{"rendered":"<p>Sakura Neko Big Tote Bag er en sl\u00e5ende, h\u00e5ndlavet quiltet sort l\u00e6rredstaske, der kombinerer elegance med praktisk anvendelighed. Stoffet, der er importeret fra Kyoto, er prydet med sorte katte, kirseb\u00e6rblomster og sarte blade, der er udsmykket med guldtryk. Den karmoisinfarvede stofbund giver tasken en varm og luksuri\u00f8s fornemmelse.<\/p>\n<p>Den er designet med tanke p\u00e5 det praktiske og har to indvendige lommer: en med lynl\u00e5s til sikker opbevaring af sm\u00e5ting og en \u00e5ben til hurtig adgang. Hoveddelen af tasken lukkes helt med lynl\u00e5s, s\u00e5 dine personlige ejendele er beskyttet.<\/p>\n<p>Med sit unikke design og behagelige dimensioner er Sakura Neko Quilted Tote ideel til hverdagsbrug eller til s\u00e6rlige lejligheder, og den er en sofistikeret m\u00e5de at udtrykke sin k\u00e6rlighed til japansk \u00e6stetik p\u00e5.<\/p>\n<p>&nbsp;<\/p>\n<p>&nbsp;<\/p>","protected":false},"featured_media":12952,"comment_status":"open","ping_status":"closed","template":"","meta":{"_gspb_post_css":""},"product_brand":[],"product_cat":[74,76,123,65],"product_tag":[],"class_list":{"0":"post-12951","1":"product","2":"type-product","3":"status-publish","4":"has-post-thumbnail","6":"product_cat-new","7":"product_cat-totes","8":"product_cat-123","9":"product_cat-65","11":"first","12":"outofstock","13":"taxable","14":"shipping-taxable","15":"purchasable","16":"product-type-simple"},"_links":{"self":[{"href":"https:\/\/mo-mo.gr\/da\/wp-json\/wp\/v2\/product\/12951","targetHints":{"allow":["GET"]}}],"collection":[{"href":"https:\/\/mo-mo.gr\/da\/wp-json\/wp\/v2\/product"}],"about":[{"href":"https:\/\/mo-mo.gr\/da\/wp-json\/wp\/v2\/types\/product"}],"replies":[{"embeddable":true,"href":"https:\/\/mo-mo.gr\/da\/wp-json\/wp\/v2\/comments?post=12951"}],"wp:featuredmedia":[{"embeddable":true,"href":"https:\/\/mo-mo.gr\/da\/wp-json\/wp\/v2\/media\/12952"}],"wp:attachment":[{"href":"https:\/\/mo-mo.gr\/da\/wp-json\/wp\/v2\/media?parent=12951"}],"wp:term":[{"taxonomy":"product_brand","embeddable":true,"href":"https:\/\/mo-mo.gr\/da\/wp-json\/wp\/v2\/product_brand?post=12951"},{"taxonomy":"product_cat","embeddable":true,"href":"https:\/\/mo-mo.gr\/da\/wp-json\/wp\/v2\/product_cat?post=12951"},{"taxonomy":"product_tag","embeddable":true,"href":"https:\/\/mo-mo.gr\/da\/wp-json\/wp\/v2\/product_tag?post=12951"}],"curies":[{"name":"wp","href":"https:\/\/api.w.org\/{rel}","templated":true}]}}