{"id":12928,"date":"2025-01-09T14:43:06","date_gmt":"2025-01-09T12:43:06","guid":{"rendered":"https:\/\/mo-mo.gr\/?post_type=product&#038;p=12928"},"modified":"2026-04-09T16:47:46","modified_gmt":"2026-04-09T13:47:46","slug":"silk-overtop-autumn-whisper","status":"publish","type":"product","link":"https:\/\/mo-mo.gr\/da\/\u03c0\u03c1\u03bf\u03ca\u03cc\u03bd\u03c4\u03b1\/silk-overtop-autumn-whisper\/","title":{"rendered":"Silk Overtop Autumn Whisper"},"content":{"rendered":"","protected":false},"excerpt":{"rendered":"<p>Oplev det ultimative udtryk for efter\u00e5rets elegance med Autumn Whisper, en h\u00e5ndlavet silkedragt, der indfanger naturens magi. Dette unikke stykke er lavet af luksuri\u00f8s silketweed og er farvet ved hj\u00e6lp af den gamle bundtfarvningsteknik, som fremh\u00e6ver den naturlige sk\u00f8nhed og det unikke ved hver enkelt kreation.<\/p>\n<p>Farvenuancerne, der er inspireret af paletten i en efter\u00e5rshave, er skabt ved hj\u00e6lp af naturlige farvestoffer som rhizar, blodtr\u00e6 og granat\u00e6ble. Resultatet er en bl\u00f8d, organisk farvesammens\u00e6tning, der omfavner \u00e5rstidens harmoni og tidl\u00f8s \u00e6stetik.<\/p>\n<p>Brug Autumn Whisper som et statement-smykke, der kombinerer traditionelle teknikker med moderne elegance og giver dig en uovertruffen f\u00f8lelse af raffinement og naturlig sk\u00f8nhed.<\/p>","protected":false},"featured_media":12936,"comment_status":"open","ping_status":"closed","template":"","meta":{"_gspb_post_css":""},"product_brand":[],"product_cat":[66],"product_tag":[56],"class_list":{"0":"post-12928","1":"product","2":"type-product","3":"status-publish","4":"has-post-thumbnail","6":"product_cat-66","7":"product_tag-womans-kimonos","8":"pa_-one-size","9":"pa_-127","11":"first","12":"outofstock","13":"taxable","14":"shipping-taxable","15":"purchasable","16":"product-type-simple"},"_links":{"self":[{"href":"https:\/\/mo-mo.gr\/da\/wp-json\/wp\/v2\/product\/12928","targetHints":{"allow":["GET"]}}],"collection":[{"href":"https:\/\/mo-mo.gr\/da\/wp-json\/wp\/v2\/product"}],"about":[{"href":"https:\/\/mo-mo.gr\/da\/wp-json\/wp\/v2\/types\/product"}],"replies":[{"embeddable":true,"href":"https:\/\/mo-mo.gr\/da\/wp-json\/wp\/v2\/comments?post=12928"}],"wp:featuredmedia":[{"embeddable":true,"href":"https:\/\/mo-mo.gr\/da\/wp-json\/wp\/v2\/media\/12936"}],"wp:attachment":[{"href":"https:\/\/mo-mo.gr\/da\/wp-json\/wp\/v2\/media?parent=12928"}],"wp:term":[{"taxonomy":"product_brand","embeddable":true,"href":"https:\/\/mo-mo.gr\/da\/wp-json\/wp\/v2\/product_brand?post=12928"},{"taxonomy":"product_cat","embeddable":true,"href":"https:\/\/mo-mo.gr\/da\/wp-json\/wp\/v2\/product_cat?post=12928"},{"taxonomy":"product_tag","embeddable":true,"href":"https:\/\/mo-mo.gr\/da\/wp-json\/wp\/v2\/product_tag?post=12928"}],"curies":[{"name":"wp","href":"https:\/\/api.w.org\/{rel}","templated":true}]}}