{"id":12756,"date":"2024-12-14T13:36:03","date_gmt":"2024-12-14T13:36:03","guid":{"rendered":"https:\/\/mo-mo.gr\/?post_type=product&#038;p=12756"},"modified":"2026-03-19T13:54:54","modified_gmt":"2026-03-19T11:54:54","slug":"kimono-hanten-ryu-no-yugure","status":"publish","type":"product","link":"https:\/\/mo-mo.gr\/da\/\u03c0\u03c1\u03bf\u03ca\u03cc\u03bd\u03c4\u03b1\/kimono-hanten-ryu-no-yugure\/","title":{"rendered":"Kimono Hanten Ryu no Yugure"},"content":{"rendered":"","protected":false},"excerpt":{"rendered":"<p>\"Yoru no Tora\" (Nattens tiger) er en imponerende kimono hanten, der udstr\u00e5ler magt, mystik og elegance. Den er lavet af sort stof i h\u00f8j kvalitet og giver et sofistikeret og tidl\u00f8st look, perfekt til enhver lejlighed.<\/p>\n<p>Bagsiden er prydet med et unikt design, der forestiller en tiger med dynamiske bev\u00e6gelser, et symbol p\u00e5 mod og beskyttelse i japansk tradition. M\u00f8nsteret med detaljer i guld- og hvidnuancer skaber en f\u00e6ngslende kontrast til den sorte baggrund, mens traditionelle motiver som b\u00f8lger og geometriske elementer supplerer designet.<\/p>\n<p>Hanten \"Yoru no Tora\" er det perfekte valg for dem, der \u00f8nsker at tilf\u00f8je et strejf af luksus og traditionel japansk \u00e6stetik til deres garderobe. Uanset om den b\u00e6res til hverdag eller ved s\u00e6rlige lejligheder, er den et symbol p\u00e5 elegance og karakteristisk stil.<\/p>","protected":false},"featured_media":12768,"comment_status":"open","ping_status":"closed","template":"","meta":{"_gspb_post_css":""},"product_brand":[],"product_cat":[117,74,66],"product_tag":[41,56],"class_list":{"0":"post-12756","1":"product","2":"type-product","3":"status-publish","4":"has-post-thumbnail","6":"product_cat-hanten","7":"product_cat-new","8":"product_cat-66","9":"product_tag-mens-kimonos","10":"product_tag-womans-kimonos","11":"pa_-large","12":"pa_-medium","13":"pa_-small","14":"pa_-xtra-large","15":"pa_-xtra-small","16":"pa_-xxl","18":"first","19":"outofstock","20":"taxable","21":"shipping-taxable","22":"purchasable","23":"product-type-variable"},"_links":{"self":[{"href":"https:\/\/mo-mo.gr\/da\/wp-json\/wp\/v2\/product\/12756","targetHints":{"allow":["GET"]}}],"collection":[{"href":"https:\/\/mo-mo.gr\/da\/wp-json\/wp\/v2\/product"}],"about":[{"href":"https:\/\/mo-mo.gr\/da\/wp-json\/wp\/v2\/types\/product"}],"replies":[{"embeddable":true,"href":"https:\/\/mo-mo.gr\/da\/wp-json\/wp\/v2\/comments?post=12756"}],"wp:featuredmedia":[{"embeddable":true,"href":"https:\/\/mo-mo.gr\/da\/wp-json\/wp\/v2\/media\/12768"}],"wp:attachment":[{"href":"https:\/\/mo-mo.gr\/da\/wp-json\/wp\/v2\/media?parent=12756"}],"wp:term":[{"taxonomy":"product_brand","embeddable":true,"href":"https:\/\/mo-mo.gr\/da\/wp-json\/wp\/v2\/product_brand?post=12756"},{"taxonomy":"product_cat","embeddable":true,"href":"https:\/\/mo-mo.gr\/da\/wp-json\/wp\/v2\/product_cat?post=12756"},{"taxonomy":"product_tag","embeddable":true,"href":"https:\/\/mo-mo.gr\/da\/wp-json\/wp\/v2\/product_tag?post=12756"}],"curies":[{"name":"wp","href":"https:\/\/api.w.org\/{rel}","templated":true}]}}