{"id":12739,"date":"2024-12-14T13:31:46","date_gmt":"2024-12-14T13:31:46","guid":{"rendered":"https:\/\/mo-mo.gr\/?post_type=product&#038;p=12739"},"modified":"2026-03-19T13:59:47","modified_gmt":"2026-03-19T11:59:47","slug":"kimono-hanten-yoru-no-tora","status":"publish","type":"product","link":"https:\/\/mo-mo.gr\/da\/\u03c0\u03c1\u03bf\u03ca\u03cc\u03bd\u03c4\u03b1\/kimono-hanten-yoru-no-tora\/","title":{"rendered":"Kimono Hanten Yoru no Tora"},"content":{"rendered":"","protected":false},"excerpt":{"rendered":"<p>Kimono Hanten \"Yoru no Tora\" (Nattens tiger) er en bekl\u00e6dningsgenstand, der kombinerer traditionel japansk kunst med moderne elegance. Hanten er lavet af v\u00e6vet stof af h\u00f8j kvalitet i sort, hvilket giver en f\u00f8lelse af luksus og tidl\u00f8shed.<\/p>\n<p>P\u00e5 bagsiden er der et fantastisk panel af v\u00e6vet bomuldsstof, dekoreret med tigre, der i japansk tradition er symboler p\u00e5 styrke, mod og kongelig overlegenhed. Tigrene pr\u00e6senteres i dynamiske positurer, der indfanger deres energi og imponerende tilstedev\u00e6relse. Designet, der er udf\u00f8rt med uds\u00f8gte detaljer, er omgivet af traditionelle motiver, der giver dybde og en unik \u00e6stetik.<\/p>\n<p>\"Yoru no Tora\" er ideel til dem, der \u00f8nsker at tilf\u00f8je et strejf af japansk kultur og kunst til deres stil. Den er perfekt til b\u00e5de hverdagslook og mere specielle lejligheder og skiller sig ud med sin autenticitet og sit unikke design.<\/p>","protected":false},"featured_media":12753,"comment_status":"open","ping_status":"closed","template":"","meta":{"_gspb_post_css":""},"product_brand":[],"product_cat":[117,74,66],"product_tag":[41,56],"class_list":{"0":"post-12739","1":"product","2":"type-product","3":"status-publish","4":"has-post-thumbnail","6":"product_cat-hanten","7":"product_cat-new","8":"product_cat-66","9":"product_tag-mens-kimonos","10":"product_tag-womans-kimonos","11":"pa_-large","12":"pa_-medium","13":"pa_-small","14":"pa_-xtra-large","15":"pa_-xtra-small","16":"pa_-xxl","18":"first","19":"outofstock","20":"taxable","21":"shipping-taxable","22":"purchasable","23":"product-type-variable"},"_links":{"self":[{"href":"https:\/\/mo-mo.gr\/da\/wp-json\/wp\/v2\/product\/12739","targetHints":{"allow":["GET"]}}],"collection":[{"href":"https:\/\/mo-mo.gr\/da\/wp-json\/wp\/v2\/product"}],"about":[{"href":"https:\/\/mo-mo.gr\/da\/wp-json\/wp\/v2\/types\/product"}],"replies":[{"embeddable":true,"href":"https:\/\/mo-mo.gr\/da\/wp-json\/wp\/v2\/comments?post=12739"}],"wp:featuredmedia":[{"embeddable":true,"href":"https:\/\/mo-mo.gr\/da\/wp-json\/wp\/v2\/media\/12753"}],"wp:attachment":[{"href":"https:\/\/mo-mo.gr\/da\/wp-json\/wp\/v2\/media?parent=12739"}],"wp:term":[{"taxonomy":"product_brand","embeddable":true,"href":"https:\/\/mo-mo.gr\/da\/wp-json\/wp\/v2\/product_brand?post=12739"},{"taxonomy":"product_cat","embeddable":true,"href":"https:\/\/mo-mo.gr\/da\/wp-json\/wp\/v2\/product_cat?post=12739"},{"taxonomy":"product_tag","embeddable":true,"href":"https:\/\/mo-mo.gr\/da\/wp-json\/wp\/v2\/product_tag?post=12739"}],"curies":[{"name":"wp","href":"https:\/\/api.w.org\/{rel}","templated":true}]}}