{"id":11497,"date":"2024-12-05T14:15:18","date_gmt":"2024-12-05T14:15:18","guid":{"rendered":"https:\/\/mo-mo.gr\/product\/hanten-tateshizuku-indigo\/"},"modified":"2026-03-19T14:00:47","modified_gmt":"2026-03-19T12:00:47","slug":"hanten-tateshizuku-indigo","status":"publish","type":"product","link":"https:\/\/mo-mo.gr\/da\/\u03c0\u03c1\u03bf\u03ca\u03cc\u03bd\u03c4\u03b1\/hanten-tateshizuku-indigo\/","title":{"rendered":"Hanten Tateshizuku Indigo"},"content":{"rendered":"","protected":false},"excerpt":{"rendered":"<p>Oplev Hanten Tateshizuku Indigo, et unikt h\u00e5ndlavet stykke t\u00f8j, der er indbegrebet af japansk tradition og \u00e6stetik. Med sin elegante pasform og det karakteristiske Tateshizuku-m\u00f8nster er denne unisex-bekl\u00e6dningsgenstand indbegrebet af tidl\u00f8s japansk enkelhed.<\/p>\n<p>Hanten er en kort frakke, der stammer fra Edo-perioden (1603-1868) i Japan, hvor hverdagens p\u00e5kl\u00e6dning afspejlede funktionalitet og elegance. I denne periode blev hanten b\u00e5ret af folk fra alle sociale klasser og gav varme og beskyttelse p\u00e5 kolde dage.<\/p>\n<p>Hanten Tateshizuku Indigo er fremstillet af bomuldsstof af h\u00f8j kvalitet, indfarvet med naturlig indigo, som giver det en unik dybde og struktur. Tateshizuku-m\u00f8nsteret - dr\u00e5ber i et lodret arrangement - hentyder til naturens harmoni og flow, egenskaber, der er kernen i den japanske \u00e6stetik.<\/p>\n<p>Denne frakke er ideel til lag-p\u00e5-lag og kan bruges til b\u00e5de afslappede og mere sofistikerede looks og tilf\u00f8jer et strejf af autentisk tradition til din moderne garderobe.<\/p>\n<p>Produktfunktioner:<br \/>\n- H\u00e5ndlavet konstruktion<br \/>\n- Unisex-design<br \/>\n- Naturligt indigofarvestof<br \/>\n- Inspireret af Edo-perioden<br \/>\n- Ideel til afslappet eller formel lagdeling<\/p>\n<p>K\u00f8b Hanten Tateshizuku Indig*, og inkorporer den japanske kulturs autenticitet og harmoni i din stil.<\/p>","protected":false},"featured_media":12608,"comment_status":"open","ping_status":"closed","template":"","meta":{"_gspb_post_css":""},"product_brand":[],"product_cat":[117,66],"product_tag":[41,56],"class_list":{"0":"post-11497","1":"product","2":"type-product","3":"status-publish","4":"has-post-thumbnail","6":"product_cat-hanten","7":"product_cat-66","8":"product_tag-mens-kimonos","9":"product_tag-womans-kimonos","10":"pa_-large","11":"pa_-medium","12":"pa_-small","13":"pa_-xtra-large","14":"pa_-xtra-small","15":"pa_-xxl","16":"pa_-100-","17":"pa_-79","19":"first","20":"outofstock","21":"taxable","22":"shipping-taxable","23":"purchasable","24":"product-type-variable"},"_links":{"self":[{"href":"https:\/\/mo-mo.gr\/da\/wp-json\/wp\/v2\/product\/11497","targetHints":{"allow":["GET"]}}],"collection":[{"href":"https:\/\/mo-mo.gr\/da\/wp-json\/wp\/v2\/product"}],"about":[{"href":"https:\/\/mo-mo.gr\/da\/wp-json\/wp\/v2\/types\/product"}],"replies":[{"embeddable":true,"href":"https:\/\/mo-mo.gr\/da\/wp-json\/wp\/v2\/comments?post=11497"}],"wp:featuredmedia":[{"embeddable":true,"href":"https:\/\/mo-mo.gr\/da\/wp-json\/wp\/v2\/media\/12608"}],"wp:attachment":[{"href":"https:\/\/mo-mo.gr\/da\/wp-json\/wp\/v2\/media?parent=11497"}],"wp:term":[{"taxonomy":"product_brand","embeddable":true,"href":"https:\/\/mo-mo.gr\/da\/wp-json\/wp\/v2\/product_brand?post=11497"},{"taxonomy":"product_cat","embeddable":true,"href":"https:\/\/mo-mo.gr\/da\/wp-json\/wp\/v2\/product_cat?post=11497"},{"taxonomy":"product_tag","embeddable":true,"href":"https:\/\/mo-mo.gr\/da\/wp-json\/wp\/v2\/product_tag?post=11497"}],"curies":[{"name":"wp","href":"https:\/\/api.w.org\/{rel}","templated":true}]}}