{"id":11469,"date":"2024-11-30T21:04:11","date_gmt":"2024-11-30T21:04:11","guid":{"rendered":"https:\/\/mo-mo.gr\/product\/daruma-sweater\/"},"modified":"2025-03-05T11:32:05","modified_gmt":"2025-03-05T09:32:05","slug":"daruma-sweater","status":"publish","type":"product","link":"https:\/\/mo-mo.gr\/da\/\u03c0\u03c1\u03bf\u03ca\u03cc\u03bd\u03c4\u03b1\/daruma-sweater\/","title":{"rendered":"Daruma-sweater"},"content":{"rendered":"","protected":false},"excerpt":{"rendered":"<p>Vis din filosofi om udholdenhed med denne unikke sweatshirt, der f\u00e5s i hvid eller sort. Forsiden domineres af den ikoniske figur af Daruma, et symbol p\u00e5 beslutsomhed og mental styrke i japansk kultur. Den ledsages af det japanske udtryk \u4e03\u8ee2\u3073\u516b\u8d77\u304d (Fald syv gange, rejs dig otte), som minder os om, at den sande styrke ligger i vores evne til at forts\u00e6tte.<\/p>\n<p>Denne sweatshirt er fremstillet af 80% \u00f8kologisk bomuld og 20% genbrugspolyester og giver en enest\u00e5ende f\u00f8lelse af bl\u00f8dhed, samtidig med at den er holdbar i brug. Med et minimalistisk design er det den perfekte bekl\u00e6dningsgenstand til hverdagsbrug, s\u00e5 budskabet om optimisme altid er med dig.<\/p>\n<p>Uanset om du v\u00e6lger sort for et tidl\u00f8st look eller hvid for en lysere tilgang, lover Daruma Hoodie at blive det ultimative statement piece i din garderobe.<\/p>","protected":false},"featured_media":12599,"comment_status":"open","ping_status":"closed","template":"","meta":{"_gspb_post_css":""},"product_brand":[],"product_cat":[74,111],"product_tag":[],"class_list":{"0":"post-11469","1":"product","2":"type-product","3":"status-publish","4":"has-post-thumbnail","6":"product_cat-new","7":"product_cat-111","8":"pa_-large","9":"pa_-medium","10":"pa_-small","11":"pa_-xtra-large","12":"pa_-xtra-small","13":"pa_-xxl","14":"pa_-97","15":"pa_-85","17":"first","18":"instock","19":"taxable","20":"shipping-taxable","21":"purchasable","22":"product-type-variable"},"_links":{"self":[{"href":"https:\/\/mo-mo.gr\/da\/wp-json\/wp\/v2\/product\/11469","targetHints":{"allow":["GET"]}}],"collection":[{"href":"https:\/\/mo-mo.gr\/da\/wp-json\/wp\/v2\/product"}],"about":[{"href":"https:\/\/mo-mo.gr\/da\/wp-json\/wp\/v2\/types\/product"}],"replies":[{"embeddable":true,"href":"https:\/\/mo-mo.gr\/da\/wp-json\/wp\/v2\/comments?post=11469"}],"wp:featuredmedia":[{"embeddable":true,"href":"https:\/\/mo-mo.gr\/da\/wp-json\/wp\/v2\/media\/12599"}],"wp:attachment":[{"href":"https:\/\/mo-mo.gr\/da\/wp-json\/wp\/v2\/media?parent=11469"}],"wp:term":[{"taxonomy":"product_brand","embeddable":true,"href":"https:\/\/mo-mo.gr\/da\/wp-json\/wp\/v2\/product_brand?post=11469"},{"taxonomy":"product_cat","embeddable":true,"href":"https:\/\/mo-mo.gr\/da\/wp-json\/wp\/v2\/product_cat?post=11469"},{"taxonomy":"product_tag","embeddable":true,"href":"https:\/\/mo-mo.gr\/da\/wp-json\/wp\/v2\/product_tag?post=11469"}],"curies":[{"name":"wp","href":"https:\/\/api.w.org\/{rel}","templated":true}]}}