{"id":11456,"date":"2024-11-30T11:41:22","date_gmt":"2024-11-30T11:41:22","guid":{"rendered":"https:\/\/mo-mo.gr\/product\/kimono-overtop-suna-no-shizuku\/"},"modified":"2025-03-05T11:31:55","modified_gmt":"2025-03-05T09:31:55","slug":"kimono-over-suna-no-shizuku","status":"publish","type":"product","link":"https:\/\/mo-mo.gr\/da\/\u03c0\u03c1\u03bf\u03ca\u03cc\u03bd\u03c4\u03b1\/kimono-overtop-suna-no-shizuku\/","title":{"rendered":"Kimono Overtop Suna no Shizuku"},"content":{"rendered":"","protected":false},"excerpt":{"rendered":"<p>Inspireret af elegancen i den traditionelle japanske gi er det en unik frakke i jordn\u00e6re sandfarver, der udstr\u00e5ler harmoni og tidl\u00f8shed. Dens tykke v\u00e6vning giver varme og stabilitet, hvilket g\u00f8r den ideel til lag p\u00e5 lag i alle s\u00e6soner.<\/p>\n<p>Den h\u00e5ndlavede konstruktion viser h\u00e5ndv\u00e6rket i japansk design, mens den rummelige linje giver komfort og bev\u00e6gelsesfrihed. Taljeb\u00e6ltet g\u00f8r, at den passer perfekt til kroppen og skaber en figur med enkelhed og raffinement.<\/p>\n<p>Denne frakke kombinerer det praktiske med det \u00e6stetiske, hvilket g\u00f8r den ideel til hverdagsbrug eller til at fuldende et mere formelt look. Med sin enkelhed viser den den tidl\u00f8se charme ved japansk t\u00f8j og kombinerer tradition med moderne elegance.<\/p>","protected":false},"featured_media":12593,"comment_status":"open","ping_status":"closed","template":"","meta":{"_gspb_post_css":""},"product_brand":[],"product_cat":[66],"product_tag":[56],"class_list":{"0":"post-11456","1":"product","2":"type-product","3":"status-publish","4":"has-post-thumbnail","6":"product_cat-66","7":"product_tag-womans-kimonos","8":"pa_-large","9":"pa_-medium","10":"pa_-small","11":"pa_-xtra-large","12":"pa_-xtra-small","13":"pa_-xxl","15":"first","16":"instock","17":"taxable","18":"shipping-taxable","19":"purchasable","20":"product-type-variable"},"_links":{"self":[{"href":"https:\/\/mo-mo.gr\/da\/wp-json\/wp\/v2\/product\/11456","targetHints":{"allow":["GET"]}}],"collection":[{"href":"https:\/\/mo-mo.gr\/da\/wp-json\/wp\/v2\/product"}],"about":[{"href":"https:\/\/mo-mo.gr\/da\/wp-json\/wp\/v2\/types\/product"}],"replies":[{"embeddable":true,"href":"https:\/\/mo-mo.gr\/da\/wp-json\/wp\/v2\/comments?post=11456"}],"wp:featuredmedia":[{"embeddable":true,"href":"https:\/\/mo-mo.gr\/da\/wp-json\/wp\/v2\/media\/12593"}],"wp:attachment":[{"href":"https:\/\/mo-mo.gr\/da\/wp-json\/wp\/v2\/media?parent=11456"}],"wp:term":[{"taxonomy":"product_brand","embeddable":true,"href":"https:\/\/mo-mo.gr\/da\/wp-json\/wp\/v2\/product_brand?post=11456"},{"taxonomy":"product_cat","embeddable":true,"href":"https:\/\/mo-mo.gr\/da\/wp-json\/wp\/v2\/product_cat?post=11456"},{"taxonomy":"product_tag","embeddable":true,"href":"https:\/\/mo-mo.gr\/da\/wp-json\/wp\/v2\/product_tag?post=11456"}],"curies":[{"name":"wp","href":"https:\/\/api.w.org\/{rel}","templated":true}]}}