{"id":11455,"date":"2024-11-28T15:20:56","date_gmt":"2024-11-28T15:20:56","guid":{"rendered":"https:\/\/mo-mo.gr\/product\/%ce%b2%ce%b5%ce%bd%cf%84%ce%ac%ce%bb%ce%b9%ce%b1-geisha-no-yuga-sensu\/"},"modified":"2025-12-09T15:37:47","modified_gmt":"2025-12-09T13:37:47","slug":"%ce%b2%ce%b5%ce%bd%cf%84%ce%ac%ce%bb%ce%b9%ce%b1-geisha-no-yuga-sensu","status":"publish","type":"product","link":"https:\/\/mo-mo.gr\/da\/\u03c0\u03c1\u03bf\u03ca\u03cc\u03bd\u03c4\u03b1\/%ce%b2%ce%b5%ce%bd%cf%84%ce%ac%ce%bb%ce%b9%ce%b1-geisha-no-yuga-sensu\/","title":{"rendered":"Fan Geisha no Yuga Sensu"},"content":{"rendered":"","protected":false},"excerpt":{"rendered":"<p>Bambusviften Geisha no Y\u016bga Sensu er et kunstv\u00e6rk, der indfanger den traditionelle geishas tidl\u00f8se elegance og ynde. I det meget detaljerede design ses en geisha i sin karakteristiske p\u00e5kl\u00e6dning og utrolige ynde i sin dans og udtryk for sin kunst. Det raffinerede design viser geishaens naturlige sk\u00f8nhed og ro, mens de bl\u00f8de, flydende farvetoner giver en f\u00f8lelse af ro og visdom.<\/p>\n<p>Denne vifte af slidst\u00e6rk bambus kombinerer japansk tradition med geishaens aristokratiske f\u00f8lelse og giver b\u00e5de en unik f\u00f8lelse af sk\u00f8nhed og praktisk anvendelighed. Perfekt til dem, der s\u00e6tter pris p\u00e5 japansk kultur og s\u00f8ger et m\u00f8bel, der udstr\u00e5ler stilfuld ynde og mystik.<\/p>","protected":false},"featured_media":12592,"comment_status":"open","ping_status":"closed","template":"","meta":{"_gspb_post_css":""},"product_brand":[],"product_cat":[74,71],"product_tag":[],"class_list":{"0":"post-11455","1":"product","2":"type-product","3":"status-publish","4":"has-post-thumbnail","6":"product_cat-new","7":"product_cat-71","9":"first","10":"outofstock","11":"taxable","12":"shipping-taxable","13":"purchasable","14":"product-type-simple"},"_links":{"self":[{"href":"https:\/\/mo-mo.gr\/da\/wp-json\/wp\/v2\/product\/11455","targetHints":{"allow":["GET"]}}],"collection":[{"href":"https:\/\/mo-mo.gr\/da\/wp-json\/wp\/v2\/product"}],"about":[{"href":"https:\/\/mo-mo.gr\/da\/wp-json\/wp\/v2\/types\/product"}],"replies":[{"embeddable":true,"href":"https:\/\/mo-mo.gr\/da\/wp-json\/wp\/v2\/comments?post=11455"}],"wp:featuredmedia":[{"embeddable":true,"href":"https:\/\/mo-mo.gr\/da\/wp-json\/wp\/v2\/media\/12592"}],"wp:attachment":[{"href":"https:\/\/mo-mo.gr\/da\/wp-json\/wp\/v2\/media?parent=11455"}],"wp:term":[{"taxonomy":"product_brand","embeddable":true,"href":"https:\/\/mo-mo.gr\/da\/wp-json\/wp\/v2\/product_brand?post=11455"},{"taxonomy":"product_cat","embeddable":true,"href":"https:\/\/mo-mo.gr\/da\/wp-json\/wp\/v2\/product_cat?post=11455"},{"taxonomy":"product_tag","embeddable":true,"href":"https:\/\/mo-mo.gr\/da\/wp-json\/wp\/v2\/product_tag?post=11455"}],"curies":[{"name":"wp","href":"https:\/\/api.w.org\/{rel}","templated":true}]}}