{"id":11450,"date":"2024-11-28T15:14:01","date_gmt":"2024-11-28T15:14:01","guid":{"rendered":"https:\/\/mo-mo.gr\/product\/%ce%b2%ce%b5%ce%bd%cf%84%ce%ac%ce%bb%ce%b9%ce%b1-umi-no-takami-sensu\/"},"modified":"2025-12-09T15:44:16","modified_gmt":"2025-12-09T13:44:16","slug":"%ce%b2%ce%b5%ce%bd%cf%84%ce%ac%ce%bb%ce%b9%ce%b1-umi-no-takami-sensu","status":"publish","type":"product","link":"https:\/\/mo-mo.gr\/da\/\u03c0\u03c1\u03bf\u03ca\u03cc\u03bd\u03c4\u03b1\/%ce%b2%ce%b5%ce%bd%cf%84%ce%ac%ce%bb%ce%b9%ce%b1-umi-no-takami-sensu\/","title":{"rendered":"Fan Umi no Takami Sensu"},"content":{"rendered":"","protected":false},"excerpt":{"rendered":"<p>Inspireret af Hokusais ber\u00f8mte v\u00e6rk \"Great Wave off Kanagawa\" indfanger denne vifte kraften og sk\u00f8nheden i det japanske hav. Den er fremstillet af bambus i h\u00f8j kvalitet og er derfor holdbar og let, mens overfladen er prydet med den markante b\u00f8lge, der dukker op i levende bl\u00e5 og hvide farver.<\/p>\n<p>Designet udstr\u00e5ler en f\u00f8lelse af bev\u00e6gelse og energi og er en hyldest til Japans natur og kunst. Det er en vifte, der b\u00e5de er funktionel og dekorativ, ideel til varme dage eller som et elegant tilbeh\u00f8r, der bringer traditionens \u00e6stetik ind i nutiden.<\/p>\n<p>H\u00f8jden p\u00e5 Ventalia er 21 cm.<\/p>\n<p>**Umi no Takami** er en uundv\u00e6rlig genstand for elskere af japansk kultur og kunst og er et symbol p\u00e5 det tidl\u00f8se b\u00e5nd mellem naturen og menneskets skaberv\u00e6rk.<\/p>","protected":false},"featured_media":12589,"comment_status":"open","ping_status":"closed","template":"","meta":{"_gspb_post_css":""},"product_brand":[],"product_cat":[74,71],"product_tag":[],"class_list":{"0":"post-11450","1":"product","2":"type-product","3":"status-publish","4":"has-post-thumbnail","6":"product_cat-new","7":"product_cat-71","9":"first","10":"outofstock","11":"taxable","12":"shipping-taxable","13":"purchasable","14":"product-type-simple"},"_links":{"self":[{"href":"https:\/\/mo-mo.gr\/da\/wp-json\/wp\/v2\/product\/11450","targetHints":{"allow":["GET"]}}],"collection":[{"href":"https:\/\/mo-mo.gr\/da\/wp-json\/wp\/v2\/product"}],"about":[{"href":"https:\/\/mo-mo.gr\/da\/wp-json\/wp\/v2\/types\/product"}],"replies":[{"embeddable":true,"href":"https:\/\/mo-mo.gr\/da\/wp-json\/wp\/v2\/comments?post=11450"}],"wp:featuredmedia":[{"embeddable":true,"href":"https:\/\/mo-mo.gr\/da\/wp-json\/wp\/v2\/media\/12589"}],"wp:attachment":[{"href":"https:\/\/mo-mo.gr\/da\/wp-json\/wp\/v2\/media?parent=11450"}],"wp:term":[{"taxonomy":"product_brand","embeddable":true,"href":"https:\/\/mo-mo.gr\/da\/wp-json\/wp\/v2\/product_brand?post=11450"},{"taxonomy":"product_cat","embeddable":true,"href":"https:\/\/mo-mo.gr\/da\/wp-json\/wp\/v2\/product_cat?post=11450"},{"taxonomy":"product_tag","embeddable":true,"href":"https:\/\/mo-mo.gr\/da\/wp-json\/wp\/v2\/product_tag?post=11450"}],"curies":[{"name":"wp","href":"https:\/\/api.w.org\/{rel}","templated":true}]}}